{"id":2015,"date":"2021-07-23T07:22:02","date_gmt":"2021-07-23T07:22:02","guid":{"rendered":"https:\/\/amberbev.at\/download-latest-brochure\/"},"modified":"2024-04-22T06:48:56","modified_gmt":"2024-04-22T06:48:56","slug":"markensortiment","status":"publish","type":"page","link":"https:\/\/amberbev.at\/de\/markensortiment\/","title":{"rendered":"Sortimentskatalog &#8211; Download"},"content":{"rendered":"<p>Anbei finden Sie das Markensortiment von Amber Beverage Austria. Hier k\u00f6nnen Sie in unserem aktuellen Katalog bl\u00e4ttern und mehr \u00fcber unsere Marken und Produkte erfahren. Sie haben auch die M\u00f6glichkeit, unter den dort angegebenen Artikelnummern direkt bei uns zu bestellen. Unser Verkaufsteam freut sich auf Ihre Kontaktaufnahme.<\/p><div style=\"height:50px\" aria-hidden=\"true\" class=\"wp-block-spacer\"><\/div><div class=\"_df_book df-lite\" id=\"df_6007\"  _slug=\"sortiment-2022\" data-title=\"sortiment-2024\" wpoptions=\"true\" thumb=\"https:\/\/amberbev.at\/wp-content\/uploads\/2024\/04\/Markenkatalog-Titelbild-scaled.jpg\" thumbtype=\"\" ><\/div><script class=\"df-shortcode-script\" type=\"application\/javascript\">window.option_df_6007 = {\"outline\":[],\"backgroundColor\":\"#fff\",\"autoEnableOutline\":\"false\",\"autoEnableThumbnail\":\"false\",\"overwritePDFOutline\":\"false\",\"direction\":\"1\",\"pageSize\":\"0\",\"source\":\"https:\\\/\\\/amberbev.at\\\/wp-content\\\/uploads\\\/2024\\\/04\\\/2024-03_AMBER_Katalog_Markensortiment_6233-low.pdf\",\"wpOptions\":\"true\"}; if(window.DFLIP && window.DFLIP.parseBooks){window.DFLIP.parseBooks();}<\/script><div style=\"height:50px\" aria-hidden=\"true\" class=\"wp-block-spacer\"><\/div><h2 class=\"has-text-align-center wp-block-heading\">Summer Drinks 2024<\/h2><p class=\"has-text-align-center\">Mach dir einen sch\u00f6nen Sommer und genie\u00dfe unsere Sommer-Drinks 2024 &#8211; f\u00fcr jeden Geschmack!<\/p><div class=\"_df_book df-lite\" id=\"df_6303\"  _slug=\"sommer-drinks-2023\" data-title=\"summer-drinks\" wpoptions=\"true\" thumb=\"https:\/\/amberbev.at\/wp-content\/uploads\/2023\/04\/Titelbild-scaled.jpg\" thumbtype=\"\" ><\/div><script class=\"df-shortcode-script\" type=\"application\/javascript\">window.option_df_6303 = {\"outline\":[],\"backgroundColor\":\"#fff\",\"autoEnableOutline\":\"false\",\"autoEnableThumbnail\":\"false\",\"overwritePDFOutline\":\"false\",\"direction\":\"1\",\"pageSize\":\"0\",\"source\":\"https:\\\/\\\/amberbev.at\\\/wp-content\\\/uploads\\\/2024\\\/04\\\/2024-03_AMBER_Sommerdrinks_140x297mm_6233.pdf\",\"wpOptions\":\"true\"}; if(window.DFLIP && window.DFLIP.parseBooks){window.DFLIP.parseBooks();}<\/script><div style=\"height:50px\" aria-hidden=\"true\" class=\"wp-block-spacer\"><\/div><h2 class=\"has-text-align-center wp-block-heading\">Premium Drinks 2024<\/h2><p class=\"has-text-align-center\">Genie\u00dfe exklusive Drinks mit hochwertigen Premium Spirituosen. Perfekt f\u00fcr besondere Anl\u00e4sse!<\/p><div class=\"_df_book df-lite\" id=\"df_6510\"  _slug=\"amber-premium-drinks\" data-title=\"amber-premium-drinks\" wpoptions=\"true\" thumbtype=\"\" ><\/div><script class=\"df-shortcode-script\" type=\"application\/javascript\">window.option_df_6510 = {\"outline\":[],\"backgroundColor\":\"#fff\",\"autoEnableOutline\":\"false\",\"autoEnableThumbnail\":\"false\",\"overwritePDFOutline\":\"false\",\"direction\":\"1\",\"pageSize\":\"0\",\"source\":\"https:\\\/\\\/amberbev.at\\\/wp-content\\\/uploads\\\/2024\\\/04\\\/2024-03_AMBER_Premiumdrinks_140x297mm_6233.pdf\",\"wpOptions\":\"true\"}; if(window.DFLIP && window.DFLIP.parseBooks){window.DFLIP.parseBooks();}<\/script><div style=\"height:100px\" aria-hidden=\"true\" class=\"wp-block-spacer\"><\/div><div class=\"wp-block-buttons is-horizontal is-content-justification-center is-layout-flex wp-container-core-buttons-is-layout-1 wp-block-buttons-is-layout-flex\"><div class=\"wp-block-button is-style-fill\"><a class=\"wp-block-button__link wp-element-button\" href=\"https:\/\/amberbev.at\/en\/contacts\/\">Kontakt<\/a><\/div><\/div>","protected":false},"excerpt":{"rendered":"<p>Anbei finden Sie das Markensortiment von Amber Beverage Austria. Hier k\u00f6nnen Sie in unserem aktuellen Katalog bl\u00e4ttern und mehr \u00fcber unsere Marken und Produkte erfahren. Sie haben auch die M\u00f6glichkeit,&#8230;<\/p>\n","protected":false},"author":1,"featured_media":4930,"parent":0,"menu_order":0,"comment_status":"closed","ping_status":"closed","template":"","meta":{"_acf_changed":false,"inline_featured_image":false,"footnotes":""},"class_list":["post-2015","page","type-page","status-publish","has-post-thumbnail","hentry"],"acf":[],"_links":{"self":[{"href":"https:\/\/amberbev.at\/de\/wp-json\/wp\/v2\/pages\/2015"}],"collection":[{"href":"https:\/\/amberbev.at\/de\/wp-json\/wp\/v2\/pages"}],"about":[{"href":"https:\/\/amberbev.at\/de\/wp-json\/wp\/v2\/types\/page"}],"author":[{"embeddable":true,"href":"https:\/\/amberbev.at\/de\/wp-json\/wp\/v2\/users\/1"}],"replies":[{"embeddable":true,"href":"https:\/\/amberbev.at\/de\/wp-json\/wp\/v2\/comments?post=2015"}],"version-history":[{"count":25,"href":"https:\/\/amberbev.at\/de\/wp-json\/wp\/v2\/pages\/2015\/revisions"}],"predecessor-version":[{"id":6525,"href":"https:\/\/amberbev.at\/de\/wp-json\/wp\/v2\/pages\/2015\/revisions\/6525"}],"wp:featuredmedia":[{"embeddable":true,"href":"https:\/\/amberbev.at\/de\/wp-json\/wp\/v2\/media\/4930"}],"wp:attachment":[{"href":"https:\/\/amberbev.at\/de\/wp-json\/wp\/v2\/media?parent=2015"}],"curies":[{"name":"wp","href":"https:\/\/api.w.org\/{rel}","templated":true}]}}