{"id":2136,"date":"2021-06-11T13:49:40","date_gmt":"2021-06-11T13:49:40","guid":{"rendered":"https:\/\/amberbev.at\/about\/"},"modified":"2024-09-17T13:40:46","modified_gmt":"2024-09-17T13:40:46","slug":"ueber-uns","status":"publish","type":"page","link":"https:\/\/amberbev.at\/de\/ueber-uns\/","title":{"rendered":"Wir sind Amber Beverage Austria"},"content":{"rendered":"<p>Unsere Reise begann im Jahr 2004 unter dem Namen Mountain Spirits. Seither haben wir uns von einem aufstrebenden Unternehmen zu einem etablierten und erfolgreichen Getr\u00e4nkedienstleister entwickelt. Mit Sitz in Ebbs bei Kufstein und eigenem Logistiklager beliefern wir den gesamten \u00f6sterreichischen Lebensmittel-Gro\u00df-, Fach- und Einzelhandel fl\u00e4chendeckend.<\/p><p>Im Laufe der Jahre haben wir unser Sortiment kontinuierlich erweitert und um zahlreiche bekannte Marken erg\u00e4nzt. Unser junges, dynamisches Team ist gemeinsam mit uns gewachsen und hat uns als vertrauensw\u00fcrdigen Partner f\u00fcr Gastronomie und Handel etabliert.<\/p><p>Unser Portfolio umfasst eine Vielzahl internationaler Produkte: von Vodka und Tequila \u00fcber Lik\u00f6re, Cognac und Brandy bis hin zu Gin, edlem Rum und Whisky in allen Variationen.<\/p><p>Seit unserer Gr\u00fcndung im Jahr 2004 haben wir kontinuierlich Erfahrung gesammelt und unser Angebot weiter ausgebaut. Heute arbeiten wir mit \u00fcber 30 internationalen Marken zusammen und bedienen Kunden in allen Bereichen des On- und Off-Trade. Gemeinsam mit einem starken Team, loyalen Kunden und einem breiten Portfolio blicken wir optimistisch in die Zukunft. Seit 2020 sind wir stolzer Teil der Amber Beverage Group, die uns dabei unterst\u00fctzt, unsere ambitionierten Ziele zu erreichen.<\/p><p>Die Amber Beverage Group (ABG), unser Mutterkonzern mit Hauptsitz in Luxemburg, ist ein f\u00fchrender Akteur im globalen Markt f\u00fcr alkoholische Getr\u00e4nke. Mit einem Portfolio von \u00fcber 600 Eigen- und Fremdmarken und einem internationalen Vertrieb in \u00fcber 70 M\u00e4rkten setzen sie Ma\u00dfst\u00e4be in der Branche. Zu den bekannten Marken der Gruppe geh\u00f6ren unter anderem Rooster Rojo Tequila, Riga Black Balsam, Moskovskaya Vodka und Cross Keys Gin.<\/p>","protected":false},"excerpt":{"rendered":"<p>Unsere Reise begann im Jahr 2004 unter dem Namen Mountain Spirits. Seither haben wir uns von einem aufstrebenden Unternehmen zu einem etablierten und erfolgreichen Getr\u00e4nkedienstleister entwickelt. Mit Sitz in Ebbs&#8230;<\/p>\n","protected":false},"author":1,"featured_media":2553,"parent":0,"menu_order":0,"comment_status":"closed","ping_status":"closed","template":"page-about.php","meta":{"_acf_changed":false,"inline_featured_image":false,"footnotes":""},"class_list":["post-2136","page","type-page","status-publish","has-post-thumbnail","hentry"],"acf":[],"_links":{"self":[{"href":"https:\/\/amberbev.at\/de\/wp-json\/wp\/v2\/pages\/2136"}],"collection":[{"href":"https:\/\/amberbev.at\/de\/wp-json\/wp\/v2\/pages"}],"about":[{"href":"https:\/\/amberbev.at\/de\/wp-json\/wp\/v2\/types\/page"}],"author":[{"embeddable":true,"href":"https:\/\/amberbev.at\/de\/wp-json\/wp\/v2\/users\/1"}],"replies":[{"embeddable":true,"href":"https:\/\/amberbev.at\/de\/wp-json\/wp\/v2\/comments?post=2136"}],"version-history":[{"count":43,"href":"https:\/\/amberbev.at\/de\/wp-json\/wp\/v2\/pages\/2136\/revisions"}],"predecessor-version":[{"id":6793,"href":"https:\/\/amberbev.at\/de\/wp-json\/wp\/v2\/pages\/2136\/revisions\/6793"}],"wp:featuredmedia":[{"embeddable":true,"href":"https:\/\/amberbev.at\/de\/wp-json\/wp\/v2\/media\/2553"}],"wp:attachment":[{"href":"https:\/\/amberbev.at\/de\/wp-json\/wp\/v2\/media?parent=2136"}],"curies":[{"name":"wp","href":"https:\/\/api.w.org\/{rel}","templated":true}]}}