{"id":2223,"date":"2021-06-11T13:50:23","date_gmt":"2021-06-11T13:50:23","guid":{"rendered":"https:\/\/amberbev.at\/careers\/"},"modified":"2025-03-05T09:00:08","modified_gmt":"2025-03-05T09:00:08","slug":"karriere","status":"publish","type":"page","link":"https:\/\/amberbev.at\/de\/karriere\/","title":{"rendered":"Karriere"},"content":{"rendered":"<p class=\"has-text-align-center\">Wir sind von Initiative und Leidenschaft getrieben.<\/p><p class=\"has-text-align-center\">Wenn Du neugierig bist, \u00fcber ein hohes Energieniveau verf\u00fcgst und auch \u00fcber den Tellerrand hinausschaust, haben wir den perfekten Job f\u00fcr Dich!<\/p><p class=\"has-text-align-center\">Einmal scrollen und Du siehst alle freien Stellen auf einem Blick &#8211; wir freuen uns auf Deine Bewerbung!<\/p>","protected":false},"excerpt":{"rendered":"<p>Wir sind von Initiative und Leidenschaft getrieben. Wenn Du neugierig bist, \u00fcber ein hohes Energieniveau verf\u00fcgst und auch \u00fcber den Tellerrand hinausschaust, haben wir den perfekten Job f\u00fcr Dich! Einmal&#8230;<\/p>\n","protected":false},"author":1,"featured_media":0,"parent":0,"menu_order":0,"comment_status":"closed","ping_status":"closed","template":"page-career.php","meta":{"_acf_changed":false,"inline_featured_image":false,"footnotes":""},"class_list":["post-2223","page","type-page","status-publish","hentry"],"acf":[],"_links":{"self":[{"href":"https:\/\/amberbev.at\/de\/wp-json\/wp\/v2\/pages\/2223"}],"collection":[{"href":"https:\/\/amberbev.at\/de\/wp-json\/wp\/v2\/pages"}],"about":[{"href":"https:\/\/amberbev.at\/de\/wp-json\/wp\/v2\/types\/page"}],"author":[{"embeddable":true,"href":"https:\/\/amberbev.at\/de\/wp-json\/wp\/v2\/users\/1"}],"replies":[{"embeddable":true,"href":"https:\/\/amberbev.at\/de\/wp-json\/wp\/v2\/comments?post=2223"}],"version-history":[{"count":24,"href":"https:\/\/amberbev.at\/de\/wp-json\/wp\/v2\/pages\/2223\/revisions"}],"predecessor-version":[{"id":6875,"href":"https:\/\/amberbev.at\/de\/wp-json\/wp\/v2\/pages\/2223\/revisions\/6875"}],"wp:attachment":[{"href":"https:\/\/amberbev.at\/de\/wp-json\/wp\/v2\/media?parent=2223"}],"curies":[{"name":"wp","href":"https:\/\/api.w.org\/{rel}","templated":true}]}}