{"id":2257,"date":"2021-06-03T06:14:37","date_gmt":"2021-06-03T06:14:37","guid":{"rendered":"https:\/\/amberbev.at\/privacy-policy\/"},"modified":"2025-03-05T08:54:04","modified_gmt":"2025-03-05T08:54:04","slug":"privacy-policy","status":"publish","type":"page","link":"https:\/\/amberbev.at\/de\/privacy-policy\/","title":{"rendered":"Impressum"},"content":{"rendered":"<p>Informationspflicht laut \u00a75 E-Commerce Gesetz, \u00a714 Unternehmensgesetzbuch, \u00a763 Gewerbeordnung und Offenlegungspflicht laut \u00a725 Mediengesetz.<\/p><p>Amber Beverage Austria GmbH<br>In der Au 2, Gewerbepark,<br>6341 Ebbs,<br>\u00d6sterreich<\/p><p><strong>UID-Nummer:<\/strong>&nbsp;ATU62160146<br><strong>Firmenbuchnummer:<\/strong>&nbsp;FN272197s<br><strong>Firmenbuchgericht:<\/strong>&nbsp;Landesgericht Innsbruck<br><strong>Firmensitz:<\/strong>&nbsp;6341 Ebbs<\/p><p><strong>Tel.:<\/strong>&nbsp;+43 (0) 5372 \/ 71477-0<br><strong>Fax:<\/strong>&nbsp;+43 (0) 5372 \/ 71477-10<br><strong>E-Mail: <\/strong><a href=\"mailto:austria@amberbev.com\">austria@amberbev.com&nbsp;<\/a><\/p><p><strong>Gesch\u00e4ftsf\u00fchrer<\/strong><br>Marco Weber<\/p><h2 class=\"wp-block-heading\" id=\"h-cookies-policy\">COOKIES POLICY<\/h2><p>Diese Cookie-Richtlinie beschreibt die Verwendung von Cookies in sozialen Online-Netzwerken wie Facebook (https:\/\/www.facebook.com\/amberbeverageaustria), Instagram (@amberbeverageaustria), LinkedIn (Amber Beverage Austria) und\/oder der Website von Amber Beverage Austria GmbH, www.amberbev.at (die &#8220;Website&#8221;), den Zweck der Verwendung von Cookies sowie die Rechte der Nutzer, die Verwendung von Cookies nach ihren Bed\u00fcrfnissen zu \u00e4ndern und auszuw\u00e4hlen. Cookies helfen dem Server der Website, Sie zu identifizieren, wenn Sie auf die Website zugreifen, und den Inhalt automatisch an Ihre Bed\u00fcrfnisse anzupassen. Wenn Sie auf die Website zugreifen und\/oder auf ihr surfen, erkl\u00e4ren Sie sich mit der Verwendung von Cookies in \u00dcbereinstimmung mit der vorliegenden Cookie-Politik einverstanden.<\/p><p><strong>Was sind Cookies?<\/strong><\/p><p>Ein Cookie ist eine kleine Datei, die im Internetbrowser gespeichert wird, sobald Sie die Website besuchen. Die Textdatei enth\u00e4lt Informationen, die dazu dienen, sich an die Einstellungen zu erinnern, die ein Besucher der Website gew\u00e4hlt hat, so dass der Besucher beim n\u00e4chsten Mal die Einstellungen nicht wiederholen muss.<\/p><p><strong>Welche Cookies werden von der Website verwendet und warum werden sie verwendet?<\/strong><\/p><p>Wir verwenden verschiedene Arten von Cookies (permanente und Sitzungscookies). Sitzungscookies werden von Ihren Ger\u00e4ten gel\u00f6scht, sobald Sie den Internetbrowser schlie\u00dfen. Permanente Cookies werden auf Ihrem Ger\u00e4t gespeichert, bis sie speziell gel\u00f6scht werden oder ablaufen. Wir verwenden Cookies f\u00fcr die folgenden Zwecke:<\/p><ul class=\"wp-block-list\"><li>Funktionale Cookies. Wir speichern Informationen \u00fcber Ihre Pr\u00e4ferenzen, um unsere Website auf Ihre pers\u00f6nlichen Interessen abzustimmen. Diese Cookies werden dauerhaft auf Ihrem Ger\u00e4t gespeichert, bis Sie sie absichtlich l\u00f6schen. Grundlage f\u00fcr die Datenverarbeitung ist die Zustimmung des Besuchers der Website;<\/li>\n\n<li>Benutzerstatistiken\/analytische Cookies. Sie dienen dazu, statistische Daten \u00fcber den Besucherstrom auf der Website zu erhalten, Marketingaktivit\u00e4ten zu erfassen, Informationen \u00fcber die Anzahl der Besucher, die auf der Website verbrachte Zeit, Benutzergruppen und Suchwerkzeuge zu sammeln. Die Informationen werden zu Analysezwecken verwendet, um herauszufinden, woran die Besucher der Website interessiert sind und wie die Funktionalit\u00e4t der Website verbessert und bequemer gestaltet werden kann. In einigen F\u00e4llen werden mehrere analytische Cookies auf der Website gem\u00e4\u00df den Anweisungen von Amber Beverage Austria GmbH und nur im Einklang mit den angegebenen Zielen von Dritten verwaltet, z. B. von Google Analytics. Diese Cookies werden zwischen 2 und 24 Monaten und in einigen F\u00e4llen dauerhaft oder bis zu einer von Ihnen beabsichtigten L\u00f6schung gespeichert. Grundlage f\u00fcr die Datenverarbeitung ist die Zustimmung des Besuchers der Website;<\/li>\n\n<li>Werbe-\/Ziel-Cookies. Diese Cookies dienen dazu, den Inhalt der Website an Ihre Bed\u00fcrfnisse anzupassen und die Entwicklung und das Erscheinen von gefragten Informationen zu gew\u00e4hrleisten. Diese Cookies werden auf Ihrem Ger\u00e4t dauerhaft gespeichert, bis Sie sie absichtlich l\u00f6schen. In bestimmten F\u00e4llen, z. B. bei der Anmeldung zu einem Newsletter der Website, geben Sie Informationen \u00fcber sich selbst an, die f\u00fcr gezielte Werbung verwendet werden k\u00f6nnen. Wenn Sie gezielte Werbung per Post und\/oder per E-Mail erhalten, k\u00f6nnen Sie den weiteren Erhalt solcher Werbung ablehnen, indem Sie auf einen speziellen Link klicken, der in jedem Ihnen zugesandten kommerziellen E-Mail-Brief enthalten ist, oder indem Sie unter der Telefonnummer +43 5372 714770 anrufen oder eine E-Mail an die folgende Adresse senden: austria@amberbev.com. Grundlage f\u00fcr die Datenverarbeitung &#8211; Zustimmung des Website-Besuchers.<\/li><\/ul><p>Cookies werden von Amber Beverage Austria GmbH, Registernummer FN 272197, juristische Adresse, verarbeitet: Gewerbepark In der Au 2, 6341 Ebbs, Tirol, \u00d6sterreich.<\/p><p><strong>Wie kann man die Verwendung von Cookies ausw\u00e4hlen und \u00e4ndern?<\/strong><\/p><p>Wenn Sie Bilder auf die Website hochladen, sollten Sie es vermeiden, Bilder hochzuladen, die eingebettete Standortdaten (EXIF-GPS) enthalten. Besucher der Website k\u00f6nnen alle Standortdaten von Bildern auf der Website herunterladen und extrahieren. Wenn Sie nicht m\u00f6chten, dass die Cookies auf Ihren Ger\u00e4ten verwendet werden, k\u00f6nnen Sie die Sicherheitseinstellungen Ihres Browsers \u00e4ndern. Weitere Informationen \u00fcber Cookies, deren L\u00f6schung und Verwaltung finden Sie unter www.aboutcookies.org oder im Hilfebereich Ihres Internetbrowsers.<\/p>","protected":false},"excerpt":{"rendered":"<p>Informationspflicht laut \u00a75 E-Commerce Gesetz, \u00a714 Unternehmensgesetzbuch, \u00a763 Gewerbeordnung und Offenlegungspflicht laut \u00a725 Mediengesetz. Amber Beverage Austria GmbHIn der Au 2, Gewerbepark,6341 Ebbs,\u00d6sterreich UID-Nummer:&nbsp;ATU62160146Firmenbuchnummer:&nbsp;FN272197sFirmenbuchgericht:&nbsp;Landesgericht InnsbruckFirmensitz:&nbsp;6341 Ebbs Tel.:&nbsp;+43 (0) 5372 \/&#8230;<\/p>\n","protected":false},"author":1,"featured_media":0,"parent":0,"menu_order":0,"comment_status":"closed","ping_status":"open","template":"","meta":{"_acf_changed":false,"inline_featured_image":false,"footnotes":""},"class_list":["post-2257","page","type-page","status-publish","hentry"],"acf":[],"_links":{"self":[{"href":"https:\/\/amberbev.at\/de\/wp-json\/wp\/v2\/pages\/2257"}],"collection":[{"href":"https:\/\/amberbev.at\/de\/wp-json\/wp\/v2\/pages"}],"about":[{"href":"https:\/\/amberbev.at\/de\/wp-json\/wp\/v2\/types\/page"}],"author":[{"embeddable":true,"href":"https:\/\/amberbev.at\/de\/wp-json\/wp\/v2\/users\/1"}],"replies":[{"embeddable":true,"href":"https:\/\/amberbev.at\/de\/wp-json\/wp\/v2\/comments?post=2257"}],"version-history":[{"count":4,"href":"https:\/\/amberbev.at\/de\/wp-json\/wp\/v2\/pages\/2257\/revisions"}],"predecessor-version":[{"id":6874,"href":"https:\/\/amberbev.at\/de\/wp-json\/wp\/v2\/pages\/2257\/revisions\/6874"}],"wp:attachment":[{"href":"https:\/\/amberbev.at\/de\/wp-json\/wp\/v2\/media?parent=2257"}],"curies":[{"name":"wp","href":"https:\/\/api.w.org\/{rel}","templated":true}]}}