{"id":2324,"date":"2021-09-06T14:38:32","date_gmt":"2021-09-06T14:38:32","guid":{"rendered":"https:\/\/amberbev.at\/?post_type=product&#038;p=2324"},"modified":"2021-11-12T12:20:31","modified_gmt":"2021-11-12T12:20:31","slug":"meukow-vs-black-panther-prism-limited-edition","status":"publish","type":"product","link":"https:\/\/amberbev.at\/de\/produkt\/brandy-armagnac-and-cognac-de\/meukow-vs-black-panther-prism-limited-edition\/","title":{"rendered":"MEUKOW VS Black Panther Prism &#8211; Limited Edition"},"content":{"rendered":"<div id=\"ultimate-heading-806461362343d258b\" class=\"uvc-heading ult-adjust-bottom-margin ultimate-heading-806461362343d258b uvc-5970 \" data-hspacer=\"line_only\" data-halign=\"left\">\n<div class=\"uvc-main-heading ult-responsive\" data-ultimate-target=\".uvc-heading.ultimate-heading-806461362343d258b h2\" data-responsive-json-new=\"{&quot;font-size&quot;:&quot;desktop:30px;&quot;,&quot;line-height&quot;:&quot;desktop:35px;&quot;}\">\n<h2>Don&#8217;t play by the rules, dare to be different<\/h2>\n<\/div>\n<\/div>\n<div class=\"wpb_text_column wpb_content_element \">\n<div class=\"wpb_wrapper\">\n<p>Seit dem 19. Jahrhundert werden die Cognacs von Meukow mit dem Ziel entwickelt, den anspruchsvollen Geschmack von Cognac-Trinkern auf der ganzen Welt zu treffen. Angefangen bei der ersten Charge, die f\u00fcr Zar Alexander II. hergestellt wurde, bis hin zu den Verbrauchern der heutigen Zeit.<\/p>\n<p>Nach der doppelten Destillation der Weine w\u00e4hlt der Kellermeister sorgf\u00e4ltig die Eaux-de-vie aus, die dann mindestens zwei Jahre in Eichenf\u00e4ssern reifen. Diese Branntweine stammen aus verschiedenen Crus der 6 Crus, aus denen sich die Appellation d\u2019Origine Contr\u00f4l\u00e9e \u2013 Cognac zusammensetzt: Grande Champagne, Petite Champagne, Fins Bois, Bons Bois, Borderies und Bois Ordinaires.<\/p>\n<p>Geschmeidigkeit, Kraft und Eleganz sind das Ergebnis einer raffinierten Mischung, die von der Kellermeisterin Anne Sarteaux, einer der wenigen weiblichen Kellermeisterinnen in der Cognac-Welt, hergestellt wird. Um den Meukow-Stil zu gew\u00e4hrleisten, verwendet Anne Sarteaux haupts\u00e4chlich Cognacs aus der Grande Champagne und der Petite Champagne f\u00fcr den Reichtum und die Komplexit\u00e4t ihrer blumigen Noten sowie Fins Bois, Bons Bois und Borderies f\u00fcr ihre fruchtigen Aromen und holzigen Noten, die ein perfektes Gleichgewicht in die Mischung bringen.<\/p>\n<\/div>\n<\/div>\n","protected":false},"excerpt":{"rendered":"<p>Don&#8217;t play by the rules, dare to be different Seit dem 19. Jahrhundert werden die Cognacs von Meukow mit dem Ziel entwickelt, den anspruchsvollen Geschmack von Cognac-Trinkern auf der ganzen&#8230;<\/p>\n","protected":false},"featured_media":5077,"template":"","meta":{"_acf_changed":false,"inline_featured_image":false},"product_cat":[236],"product_tag":[],"class_list":{"0":"post-2324","1":"product","2":"type-product","3":"status-publish","4":"has-post-thumbnail","6":"product_brand-meukow","7":"product_cat-brandy-armagnac-and-cognac-de","9":"first","10":"instock","11":"shipping-taxable","12":"product-type-simple"},"acf":[],"_links":{"self":[{"href":"https:\/\/amberbev.at\/de\/wp-json\/wp\/v2\/product\/2324"}],"collection":[{"href":"https:\/\/amberbev.at\/de\/wp-json\/wp\/v2\/product"}],"about":[{"href":"https:\/\/amberbev.at\/de\/wp-json\/wp\/v2\/types\/product"}],"wp:featuredmedia":[{"embeddable":true,"href":"https:\/\/amberbev.at\/de\/wp-json\/wp\/v2\/media\/5077"}],"wp:attachment":[{"href":"https:\/\/amberbev.at\/de\/wp-json\/wp\/v2\/media?parent=2324"}],"wp:term":[{"taxonomy":"product_cat","embeddable":true,"href":"https:\/\/amberbev.at\/de\/wp-json\/wp\/v2\/product_cat?post=2324"},{"taxonomy":"product_tag","embeddable":true,"href":"https:\/\/amberbev.at\/de\/wp-json\/wp\/v2\/product_tag?post=2324"}],"curies":[{"name":"wp","href":"https:\/\/api.w.org\/{rel}","templated":true}]}}