{"id":2584,"date":"2021-09-10T19:47:41","date_gmt":"2021-09-10T19:47:41","guid":{"rendered":"https:\/\/amberbev.at\/?post_type=product&#038;p=2584"},"modified":"2024-04-22T11:37:05","modified_gmt":"2024-04-22T11:37:05","slug":"lemon-soda-dose","status":"publish","type":"product","link":"https:\/\/amberbev.at\/de\/produkt\/non-alcoholic-mixes-de\/lemon-soda-dose\/","title":{"rendered":"LEMON SODA DOSE"},"content":{"rendered":"<div id=\"ultimate-heading-5928613a11a4a513a\" class=\"uvc-heading ult-adjust-bottom-margin ultimate-heading-5928613a11a4a513a uvc-2010 \" data-hspacer=\"line_only\" data-halign=\"left\">\n<div class=\"uvc-main-heading ult-responsive\" data-ultimate-target=\".uvc-heading.ultimate-heading-5928613a11a4a513a h2\" data-responsive-json-new=\"{&quot;font-size&quot;:&quot;desktop:30px;&quot;,&quot;line-height&quot;:&quot;desktop:35px;&quot;}\">\n<h2>Alkoholfreie Erfrischung pur \u2013 Sommer wie Winter!<\/h2>\n<\/div>\n<\/div>\n<div class=\"wpb_text_column wpb_content_element \">\n<div class=\"wpb_wrapper\">\n<p class=\"p1\"><span class=\"s1\">Wer kennt sie nicht, die hippen Limonaden aus Italien, die bereits seit den 1940er-Jahren begeistern und heute ebenso gefragt sind, wie nie zuvor. Sp\u00e4testens beim Urlaub im Land unserer s\u00fcdlichen Lieblingsnachbarn kommt man unausweichlich nicht an ihnen vorbei. Als absolute Erfrischung serviert man die beliebten Sodas an allen Ecken und Enden Italiens. Mit echtem Fruchtfleisch und ohne Konservierungs- oder Farbstoffe sind Lemon-Soda (Zitrone), Oran-Soda (Orange) und \u2013 der ber\u00fchmteste Cocktailklassiker in alkoholfreier Version \u2013 Mojito Soda (Minze &amp; Limette) auch bei uns seit vielen Jahren beliebte und trendige Durstl\u00f6scher bei Jung und Alt. Ganz neu in der Familie ist nun auch Lemon-Soda Sugarfree (0% Zucker) in \u00d6sterreich erh\u00e4ltlich. Die Dose ist seit kurzem im neuen Design relauncht und mit ihrer italienischen Eleganz ein absoluter Hingucker.<\/span><\/p>\n<p class=\"p1\"><span class=\"s1\">Neben der bekannten Dose sind die Sorten Lemon-Soda (Zitrone) und Oran-Soda (Orange) auch in der formsch\u00f6nen und eleganten Gastro-Flasche erh\u00e4ltlich. Gerade in der Gastronomie oder auch als Filler im Perfect Serve mit verschiedensten Spirituosen macht die ebenso neu designte Flasche einen \u00fcberaus ansprechenden Eindruck. Der Inhalt ist ident mit den Dosen. Und ebenso, 100% nat\u00fcrliche Zutaten, 100% nat\u00fcrlicher Geschmack, 100% Geschmackserlebnis! Nat\u00fcrlich alkoholfrei!<\/span><\/p>\n<\/div>\n<\/div>\n","protected":false},"excerpt":{"rendered":"<p>Alkoholfreie Erfrischung pur \u2013 Sommer wie Winter! Wer kennt sie nicht, die hippen Limonaden aus Italien, die bereits seit den 1940er-Jahren begeistern und heute ebenso gefragt sind, wie nie zuvor&#8230;.<\/p>\n","protected":false},"featured_media":6540,"template":"","meta":{"_acf_changed":false,"inline_featured_image":false},"product_cat":[239],"product_tag":[],"class_list":{"0":"post-2584","1":"product","2":"type-product","3":"status-publish","4":"has-post-thumbnail","6":"product_brand-terme-di-crodo","7":"product_cat-non-alcoholic-mixes-de","9":"first","10":"instock","11":"shipping-taxable","12":"product-type-simple"},"acf":[],"_links":{"self":[{"href":"https:\/\/amberbev.at\/de\/wp-json\/wp\/v2\/product\/2584"}],"collection":[{"href":"https:\/\/amberbev.at\/de\/wp-json\/wp\/v2\/product"}],"about":[{"href":"https:\/\/amberbev.at\/de\/wp-json\/wp\/v2\/types\/product"}],"wp:featuredmedia":[{"embeddable":true,"href":"https:\/\/amberbev.at\/de\/wp-json\/wp\/v2\/media\/6540"}],"wp:attachment":[{"href":"https:\/\/amberbev.at\/de\/wp-json\/wp\/v2\/media?parent=2584"}],"wp:term":[{"taxonomy":"product_cat","embeddable":true,"href":"https:\/\/amberbev.at\/de\/wp-json\/wp\/v2\/product_cat?post=2584"},{"taxonomy":"product_tag","embeddable":true,"href":"https:\/\/amberbev.at\/de\/wp-json\/wp\/v2\/product_tag?post=2584"}],"curies":[{"name":"wp","href":"https:\/\/api.w.org\/{rel}","templated":true}]}}