{"id":2629,"date":"2021-09-10T20:48:12","date_gmt":"2021-09-10T20:48:12","guid":{"rendered":"https:\/\/amberbev.at\/?post_type=product&#038;p=2629"},"modified":"2024-05-21T14:42:00","modified_gmt":"2024-05-21T14:42:00","slug":"gschpusi-holunder","status":"publish","type":"product","link":"https:\/\/amberbev.at\/de\/produkt\/rtd\/gschpusi-holunder\/","title":{"rendered":"GSCHPUSI HOLUNDER"},"content":{"rendered":"<div id=\"ultimate-heading-3620613bc2727e8df\" class=\"uvc-heading ult-adjust-bottom-margin ultimate-heading-3620613bc2727e8df uvc-6388 \" data-hspacer=\"line_only\" data-halign=\"left\">\n<div class=\"uvc-main-heading ult-responsive\" data-ultimate-target=\".uvc-heading.ultimate-heading-3620613bc2727e8df h2\" data-responsive-json-new=\"{&quot;font-size&quot;:&quot;desktop:30px;&quot;,&quot;line-height&quot;:&quot;desktop:35px;&quot;}\">\n<h2>Gschpusi spendieren, Bussi kassieren!<\/h2>\n<\/div>\n<\/div>\n<div class=\"wpb_text_column wpb_content_element \">\n<div class=\"wpb_wrapper\">\n<p>Gschpusi \u201eTrink\u00b4s mit Schuss\u201c \u2013 der einzige Alkopop aus \u00d6sterreich.<\/p>\n<p>Frisches \u00f6sterreichisches Wasser, heimischer Vodka und nat\u00fcrliche Inhaltsstoffe! Regional abgef\u00fcllt und produziert auf h\u00f6chsten nationalen Standards.<\/p>\n<p>Mit bis zu 50 % weniger Zucker als vergleichbare Produkte, \u00a0\u00f6sterreichischen Zutaten und einer spannenden Geschmacksrichtung wird eine neu \u00c4ra im \u201eReady to Drink\u201c Segement eingel\u00e4utet!<\/p>\n<\/div>\n<\/div>\n","protected":false},"excerpt":{"rendered":"<p>Gschpusi spendieren, Bussi kassieren! Gschpusi \u201eTrink\u00b4s mit Schuss\u201c \u2013 der einzige Alkopop aus \u00d6sterreich. Frisches \u00f6sterreichisches Wasser, heimischer Vodka und nat\u00fcrliche Inhaltsstoffe! Regional abgef\u00fcllt und produziert auf h\u00f6chsten nationalen Standards&#8230;.<\/p>\n","protected":false},"featured_media":6549,"template":"","meta":{"_acf_changed":false,"inline_featured_image":false},"product_cat":[327],"product_tag":[],"class_list":{"0":"post-2629","1":"product","2":"type-product","3":"status-publish","4":"has-post-thumbnail","6":"product_brand-gschpusi","7":"product_cat-rtd","9":"first","10":"instock","11":"shipping-taxable","12":"product-type-simple"},"acf":[],"_links":{"self":[{"href":"https:\/\/amberbev.at\/de\/wp-json\/wp\/v2\/product\/2629"}],"collection":[{"href":"https:\/\/amberbev.at\/de\/wp-json\/wp\/v2\/product"}],"about":[{"href":"https:\/\/amberbev.at\/de\/wp-json\/wp\/v2\/types\/product"}],"wp:featuredmedia":[{"embeddable":true,"href":"https:\/\/amberbev.at\/de\/wp-json\/wp\/v2\/media\/6549"}],"wp:attachment":[{"href":"https:\/\/amberbev.at\/de\/wp-json\/wp\/v2\/media?parent=2629"}],"wp:term":[{"taxonomy":"product_cat","embeddable":true,"href":"https:\/\/amberbev.at\/de\/wp-json\/wp\/v2\/product_cat?post=2629"},{"taxonomy":"product_tag","embeddable":true,"href":"https:\/\/amberbev.at\/de\/wp-json\/wp\/v2\/product_tag?post=2629"}],"curies":[{"name":"wp","href":"https:\/\/api.w.org\/{rel}","templated":true}]}}