{"id":2702,"date":"2021-09-13T19:27:26","date_gmt":"2021-09-13T19:27:26","guid":{"rendered":"https:\/\/amberbev.at\/?post_type=product&#038;p=2702"},"modified":"2021-09-13T19:27:26","modified_gmt":"2021-09-13T19:27:26","slug":"wilder-willi-mit-frucht-pet","status":"publish","type":"product","link":"https:\/\/amberbev.at\/de\/produkt\/miniatures-shots\/wilder-willi-mit-frucht-pet\/","title":{"rendered":"WILDER WILLI MIT FRUCHT PET"},"content":{"rendered":"<div id=\"ultimate-heading-1747613fa5483f410\" class=\"uvc-heading ult-adjust-bottom-margin ultimate-heading-1747613fa5483f410 uvc-1584 \" data-hspacer=\"line_only\" data-halign=\"left\">\n<div class=\"uvc-main-heading ult-responsive\" data-ultimate-target=\".uvc-heading.ultimate-heading-1747613fa5483f410 h2\" data-responsive-json-new=\"{&quot;font-size&quot;:&quot;desktop:30px;&quot;,&quot;line-height&quot;:&quot;desktop:35px;&quot;}\">\n<h2>Wilder Willi<\/h2>\n<\/div>\n<\/div>\n<div class=\"wpb_text_column wpb_content_element \">\n<div class=\"wpb_wrapper\">\n<p class=\"p1\"><span class=\"s1\">Der Apr\u00e8s-Ski-Hit schlechthin! Ein leckerer Williams-Birnen-Lik\u00f6r mit einem echten Birnenschnipsel, im unzerbrechlichen PET-Becher. Ideal f\u00fcr In- &amp; Outdoor, f\u00fcr Sommer und Winter!<\/span><\/p>\n<\/div>\n<\/div>\n","protected":false},"excerpt":{"rendered":"<p>Wilder Willi Der Apr\u00e8s-Ski-Hit schlechthin! Ein leckerer Williams-Birnen-Lik\u00f6r mit einem echten Birnenschnipsel, im unzerbrechlichen PET-Becher. Ideal f\u00fcr In- &amp; Outdoor, f\u00fcr Sommer und Winter!<\/p>\n","protected":false},"featured_media":2703,"template":"","meta":{"_acf_changed":false,"inline_featured_image":false},"product_cat":[347],"product_tag":[],"class_list":{"0":"post-2702","1":"product","2":"type-product","3":"status-publish","4":"has-post-thumbnail","6":"product_cat-miniatures-shots","8":"first","9":"instock","10":"shipping-taxable","11":"product-type-simple"},"acf":[],"_links":{"self":[{"href":"https:\/\/amberbev.at\/de\/wp-json\/wp\/v2\/product\/2702"}],"collection":[{"href":"https:\/\/amberbev.at\/de\/wp-json\/wp\/v2\/product"}],"about":[{"href":"https:\/\/amberbev.at\/de\/wp-json\/wp\/v2\/types\/product"}],"wp:featuredmedia":[{"embeddable":true,"href":"https:\/\/amberbev.at\/de\/wp-json\/wp\/v2\/media\/2703"}],"wp:attachment":[{"href":"https:\/\/amberbev.at\/de\/wp-json\/wp\/v2\/media?parent=2702"}],"wp:term":[{"taxonomy":"product_cat","embeddable":true,"href":"https:\/\/amberbev.at\/de\/wp-json\/wp\/v2\/product_cat?post=2702"},{"taxonomy":"product_tag","embeddable":true,"href":"https:\/\/amberbev.at\/de\/wp-json\/wp\/v2\/product_tag?post=2702"}],"curies":[{"name":"wp","href":"https:\/\/api.w.org\/{rel}","templated":true}]}}