{"id":2710,"date":"2021-09-13T19:38:42","date_gmt":"2021-09-13T19:38:42","guid":{"rendered":"https:\/\/amberbev.at\/?post_type=product&#038;p=2710"},"modified":"2021-09-13T19:38:42","modified_gmt":"2021-09-13T19:38:42","slug":"gschpusi-kirsch","status":"publish","type":"product","link":"https:\/\/amberbev.at\/de\/produkt\/miniatures-shots\/gschpusi-kirsch\/","title":{"rendered":"GSCHPUSI &#8211; KIRSCH"},"content":{"rendered":"<div id=\"ultimate-heading-1853613fa6999d6d1\" class=\"uvc-heading ult-adjust-bottom-margin ultimate-heading-1853613fa6999d6d1 uvc-2485 \" data-hspacer=\"line_only\" data-halign=\"left\">\n<div class=\"uvc-main-heading ult-responsive\" data-ultimate-target=\".uvc-heading.ultimate-heading-1853613fa6999d6d1 h2\" data-responsive-json-new=\"{&quot;font-size&quot;:&quot;desktop:30px;&quot;,&quot;line-height&quot;:&quot;desktop:35px;&quot;}\">\n<h2>Gschpusi spendieren, Bussi kassieren!<\/h2>\n<\/div>\n<\/div>\n<div class=\"wpb_text_column wpb_content_element \">\n<div class=\"wpb_wrapper\">\n<p class=\"p1\"><span class=\"s1\"><b>DIE FESTE FEIERN, WIE SIE FALLEN!<\/b><\/span><\/p>\n<p class=\"p1\"><span class=\"s1\">Freunde treffen, f\u00fcr ein paar Stunden den Alltag hinter sich lassen und eine kleine Auszeit nehmen \u2013 f\u00fcr all die sch\u00f6nen und geselligen Momente gibt\u00b4s Gschpusi, den \u00f6sterreichischen Party-Shot!<\/span><\/p>\n<p class=\"p1\"><span class=\"s1\"><b>DIE GSCHPUSI FAMILIE IST GROSS UND W\u00c4CHST WEITER!<\/b><\/span><\/p>\n<p class=\"p1\"><span class=\"s1\">Neben \u00fcber 500 Gastronomen setzten auch die gr\u00f6\u00dften Festivals \u00d6sterreich<span class=\"Apple-converted-space\">\u00a0\u00a0<\/span>(wie Electric Love, Holi, FM4 Frequency, Elements, Electric Mountain, u.v.m.)<span class=\"Apple-converted-space\">\u00a0\u00a0<\/span>sowie unz\u00e4hlige Ski-Openings und \u00fcber 700 Zeltfeste j\u00e4hrlich auf Gschpusi \u2013 und drauf sind wir stolz!<\/span><\/p>\n<p class=\"p1\"><span class=\"s1\"><b>GL\u00dcCKLICHE KUNDEN SIND DIE BESTE WERBUNG!<\/b><\/span><\/p>\n<p class=\"p1\"><span class=\"s1\">Unser Gschpusi Erfolgsrezept basiert auf Top-Qualit\u00e4t &amp; professionellem Marketing! Unsere Gschpusi Susi macht Lust auf Party, und unsere coolen Give-Aways wie Kronen, Sticker, Plakate &amp; Kondome sowie unsere feschen Gschpusi \u2013Promoteams heizen dazu richtig ein! Begleitet durch unsere laufenden Sozial-Media-Aktivit\u00e4ten mit Gewinnspielen uvm! Und nat\u00fcrlich die Gschpsui Musi mit dem Gschpusi Song \u201cWir kassieren a Bussi\u201d!<\/span><\/p>\n<\/div>\n<\/div>\n","protected":false},"excerpt":{"rendered":"<p>Gschpusi spendieren, Bussi kassieren! DIE FESTE FEIERN, WIE SIE FALLEN! Freunde treffen, f\u00fcr ein paar Stunden den Alltag hinter sich lassen und eine kleine Auszeit nehmen \u2013 f\u00fcr all die&#8230;<\/p>\n","protected":false},"featured_media":2711,"template":"","meta":{"_acf_changed":false,"inline_featured_image":false},"product_cat":[347],"product_tag":[],"class_list":{"0":"post-2710","1":"product","2":"type-product","3":"status-publish","4":"has-post-thumbnail","6":"product_brand-gschpusi","7":"product_cat-miniatures-shots","9":"first","10":"instock","11":"shipping-taxable","12":"product-type-simple"},"acf":[],"_links":{"self":[{"href":"https:\/\/amberbev.at\/de\/wp-json\/wp\/v2\/product\/2710"}],"collection":[{"href":"https:\/\/amberbev.at\/de\/wp-json\/wp\/v2\/product"}],"about":[{"href":"https:\/\/amberbev.at\/de\/wp-json\/wp\/v2\/types\/product"}],"wp:featuredmedia":[{"embeddable":true,"href":"https:\/\/amberbev.at\/de\/wp-json\/wp\/v2\/media\/2711"}],"wp:attachment":[{"href":"https:\/\/amberbev.at\/de\/wp-json\/wp\/v2\/media?parent=2710"}],"wp:term":[{"taxonomy":"product_cat","embeddable":true,"href":"https:\/\/amberbev.at\/de\/wp-json\/wp\/v2\/product_cat?post=2710"},{"taxonomy":"product_tag","embeddable":true,"href":"https:\/\/amberbev.at\/de\/wp-json\/wp\/v2\/product_tag?post=2710"}],"curies":[{"name":"wp","href":"https:\/\/api.w.org\/{rel}","templated":true}]}}