{"id":3275,"date":"2021-09-21T19:31:07","date_gmt":"2021-09-21T19:31:07","guid":{"rendered":"https:\/\/amberbev.at\/?post_type=product&#038;p=3275"},"modified":"2025-04-16T13:18:55","modified_gmt":"2025-04-16T13:18:55","slug":"glen-moray-classic-single-malt","status":"publish","type":"product","link":"https:\/\/amberbev.at\/de\/produkt\/whisky-bourbon-de\/scotch-single-malt\/glen-moray-classic-single-malt\/","title":{"rendered":"Glen Moray Classic Single Malt"},"content":{"rendered":"<h2>Das Tor zum Geschmack<\/h2>\n<p>Leicht, weich und fruchtig &#8211; unser Classic ist der perfekte Einstieg in die Welt des Single Malt Scotch Whisky. Er verk\u00f6rpert die Aromen, f\u00fcr die Glen Moray und die Speyside selbst auf der ganzen Welt beliebt sind. Unser Classic ist zug\u00e4nglich und leicht zu trinken und reifte vollst\u00e4ndig in amerikanischen Eichenf\u00e4ssern. Er \u00f6ffnet die T\u00fcr zur Entdeckung der \u00fcbrigen Whiskys von Glen Moray.<\/p>\n<p>Farbe:\u00a0Helles Gold<br \/>\nNase: Zitrusfr\u00fcchte, Butterscotch und warmes, frisch gebackenes Shortbread.<br \/>\nGeschmack: Malzige Toffees\u00fc\u00dfe mit schwarzer Johannisbeere und einer duftenden Zitrusnote von Zitronengras.<br \/>\nAbgang: Wohlig und warm. Karamellisierte Zitrusfr\u00fcchte verschwinden und geben den Blick auf subtile Gew\u00fcrze frei.<\/p>\n<div id=\"gtx-trans\" style=\"position: absolute; left: -36px; top: 0px;\">\n<div class=\"gtx-trans-icon\"><\/div>\n<\/div>\n","protected":false},"excerpt":{"rendered":"<p>Das Tor zum Geschmack Leicht, weich und fruchtig &#8211; unser Classic ist der perfekte Einstieg in die Welt des Single Malt Scotch Whisky. Er verk\u00f6rpert die Aromen, f\u00fcr die Glen&#8230;<\/p>\n","protected":false},"featured_media":7037,"template":"","meta":{"_acf_changed":false,"inline_featured_image":false},"product_cat":[475,248],"product_tag":[],"class_list":{"0":"post-3275","1":"product","2":"type-product","3":"status-publish","4":"has-post-thumbnail","6":"product_brand-glen-moray","7":"product_cat-scotch-single-malt","8":"product_cat-whisky-bourbon-de","10":"first","11":"instock","12":"shipping-taxable","13":"product-type-simple"},"acf":[],"_links":{"self":[{"href":"https:\/\/amberbev.at\/de\/wp-json\/wp\/v2\/product\/3275"}],"collection":[{"href":"https:\/\/amberbev.at\/de\/wp-json\/wp\/v2\/product"}],"about":[{"href":"https:\/\/amberbev.at\/de\/wp-json\/wp\/v2\/types\/product"}],"wp:featuredmedia":[{"embeddable":true,"href":"https:\/\/amberbev.at\/de\/wp-json\/wp\/v2\/media\/7037"}],"wp:attachment":[{"href":"https:\/\/amberbev.at\/de\/wp-json\/wp\/v2\/media?parent=3275"}],"wp:term":[{"taxonomy":"product_cat","embeddable":true,"href":"https:\/\/amberbev.at\/de\/wp-json\/wp\/v2\/product_cat?post=3275"},{"taxonomy":"product_tag","embeddable":true,"href":"https:\/\/amberbev.at\/de\/wp-json\/wp\/v2\/product_tag?post=3275"}],"curies":[{"name":"wp","href":"https:\/\/api.w.org\/{rel}","templated":true}]}}