{"id":3281,"date":"2021-09-21T19:32:07","date_gmt":"2021-09-21T19:32:07","guid":{"rendered":"https:\/\/amberbev.at\/?post_type=product&#038;p=3281"},"modified":"2025-04-16T13:01:40","modified_gmt":"2025-04-16T13:01:40","slug":"glen-moray-classic-peated","status":"publish","type":"product","link":"https:\/\/amberbev.at\/de\/produkt\/whisky-bourbon-de\/scotch-single-malt\/glen-moray-classic-peated\/","title":{"rendered":"Glen Moray Classic Peated"},"content":{"rendered":"<h2>Das Tor zum Geschmack<\/h2>\n<p>Dieser Whisky, bei dem sich rauchige Intensit\u00e4t mit unserer klassischen Speyside-Sanftheit die Waage h\u00e4lt, ist eine faszinierende Einf\u00fchrung in getorfte Whiskys. Er beginnt mit Gerste, die &#8211; ungew\u00f6hnlich f\u00fcr Glen Moray &#8211; in einer mit Torf befeuerten Darre getrocknet wird, um einen Hauch von Rauch zu erzeugen. Aus dieser getorften Gerste und unserer traditionell gem\u00e4lzten Gerste destillieren unsere Handwerker eine leicht getorfte Spirituose mit ausgepr\u00e4gten Lagerfeuer-Noten. Dieser rauchige Single Malt, der in F\u00e4ssern aus amerikanischer Eiche gereift ist, um Untert\u00f6ne von Vanille und Eiche zu erhalten, offenbart eine neue Dimension des Glen Moray.<\/p>\n<p>Farbe: Helles Gold<br \/>\nNase: Schichten von torfigem Rauch mit Vanille, w\u00fcrzigem Rhabarber und einem Hauch von Leder.<br \/>\nGeschmack: Sofortiger Torfrauch, leicht gew\u00fcrzt mit cremigen Vanillet\u00f6nen.<br \/>\nAbgang: Unvergesslich lang. Die s\u00fc\u00dfen und w\u00fcrzigen Eichenraucharomen bleiben bis zum Ende stark.<\/p>\n<div id=\"gtx-trans\" style=\"position: absolute; left: -36px; top: 0px;\">\n<div class=\"gtx-trans-icon\"><\/div>\n<\/div>\n","protected":false},"excerpt":{"rendered":"<p>Das Tor zum Geschmack Dieser Whisky, bei dem sich rauchige Intensit\u00e4t mit unserer klassischen Speyside-Sanftheit die Waage h\u00e4lt, ist eine faszinierende Einf\u00fchrung in getorfte Whiskys. Er beginnt mit Gerste, die&#8230;<\/p>\n","protected":false},"featured_media":7023,"template":"","meta":{"_acf_changed":false,"inline_featured_image":false},"product_cat":[475,248],"product_tag":[],"class_list":{"0":"post-3281","1":"product","2":"type-product","3":"status-publish","4":"has-post-thumbnail","6":"product_brand-glen-moray","7":"product_cat-scotch-single-malt","8":"product_cat-whisky-bourbon-de","10":"first","11":"instock","12":"shipping-taxable","13":"product-type-simple"},"acf":[],"_links":{"self":[{"href":"https:\/\/amberbev.at\/de\/wp-json\/wp\/v2\/product\/3281"}],"collection":[{"href":"https:\/\/amberbev.at\/de\/wp-json\/wp\/v2\/product"}],"about":[{"href":"https:\/\/amberbev.at\/de\/wp-json\/wp\/v2\/types\/product"}],"wp:featuredmedia":[{"embeddable":true,"href":"https:\/\/amberbev.at\/de\/wp-json\/wp\/v2\/media\/7023"}],"wp:attachment":[{"href":"https:\/\/amberbev.at\/de\/wp-json\/wp\/v2\/media?parent=3281"}],"wp:term":[{"taxonomy":"product_cat","embeddable":true,"href":"https:\/\/amberbev.at\/de\/wp-json\/wp\/v2\/product_cat?post=3281"},{"taxonomy":"product_tag","embeddable":true,"href":"https:\/\/amberbev.at\/de\/wp-json\/wp\/v2\/product_tag?post=3281"}],"curies":[{"name":"wp","href":"https:\/\/api.w.org\/{rel}","templated":true}]}}