{"id":3289,"date":"2021-09-21T19:36:41","date_gmt":"2021-09-21T19:36:41","guid":{"rendered":"https:\/\/amberbev.at\/?post_type=product&#038;p=3289"},"modified":"2025-04-16T13:07:07","modified_gmt":"2025-04-16T13:07:07","slug":"glen-moray-classic-port-cask","status":"publish","type":"product","link":"https:\/\/amberbev.at\/de\/produkt\/whisky-bourbon-de\/scotch-single-malt\/glen-moray-classic-port-cask\/","title":{"rendered":"Glen Moray Classic Port Cask"},"content":{"rendered":"<h2>Das Tor zum Geschmack<\/h2>\n<p>Dieser Glen Moray zeugt von unserer Leidenschaft f\u00fcr die Erkundung der vielf\u00e4ltigen Aromen, die verschiedene F\u00e4sser in unseren Whisky einbringen k\u00f6nnen. Zun\u00e4chst reifte er in F\u00e4ssern aus amerikanischer Eiche, um die klassischen Speyside-Noten zu erhalten. Anschlie\u00dfend wurde er mehrere Monate lang in Portweinf\u00e4ssern aus Porto Cruz gereift, die als Portwein Nr. 1 der Welt bekannt sind. Im Laufe der Zeit bereichern diese s\u00fc\u00dfen portugiesischen Weinf\u00e4sser unseren Single Malt mit reichen Fr\u00fcchten und weichen Weinnoten und verleihen dem Whisky eine unverwechselbare rosige F\u00e4rbung. Unser Port Cask Finish ist leicht, fruchtig und ausgewogen und wird von Single-Malt-Liebhabern und Whisky-Neulingen gleicherma\u00dfen gesch\u00e4tzt.<\/p>\n<p>Farbe: Ros\u00e9gold<br \/>\nNase: Ger\u00f6stete Vanille, leichte Eiche und reiche Trockenfr\u00fcchte.<br \/>\nGeschmack: Erfrischende W\u00fcrze mit Zitrusaroma und Zitronengeschmack. Karamellisierte S\u00fc\u00dfe mit Zimt.<br \/>\nAbgang: S\u00fc\u00dfer, weicher Wein und ger\u00f6stete Eichenaromen ergeben einen weichen und ausgewogenen Abgang.<\/p>\n<div id=\"gtx-trans\" style=\"position: absolute; left: -36px; top: 0px;\">\n<div class=\"gtx-trans-icon\"><\/div>\n<\/div>\n","protected":false},"excerpt":{"rendered":"<p>Das Tor zum Geschmack Dieser Glen Moray zeugt von unserer Leidenschaft f\u00fcr die Erkundung der vielf\u00e4ltigen Aromen, die verschiedene F\u00e4sser in unseren Whisky einbringen k\u00f6nnen. Zun\u00e4chst reifte er in F\u00e4ssern&#8230;<\/p>\n","protected":false},"featured_media":7024,"template":"","meta":{"_acf_changed":false,"inline_featured_image":false},"product_cat":[475,248],"product_tag":[],"class_list":{"0":"post-3289","1":"product","2":"type-product","3":"status-publish","4":"has-post-thumbnail","6":"product_brand-glen-moray","7":"product_cat-scotch-single-malt","8":"product_cat-whisky-bourbon-de","10":"first","11":"instock","12":"shipping-taxable","13":"product-type-simple"},"acf":[],"_links":{"self":[{"href":"https:\/\/amberbev.at\/de\/wp-json\/wp\/v2\/product\/3289"}],"collection":[{"href":"https:\/\/amberbev.at\/de\/wp-json\/wp\/v2\/product"}],"about":[{"href":"https:\/\/amberbev.at\/de\/wp-json\/wp\/v2\/types\/product"}],"wp:featuredmedia":[{"embeddable":true,"href":"https:\/\/amberbev.at\/de\/wp-json\/wp\/v2\/media\/7024"}],"wp:attachment":[{"href":"https:\/\/amberbev.at\/de\/wp-json\/wp\/v2\/media?parent=3289"}],"wp:term":[{"taxonomy":"product_cat","embeddable":true,"href":"https:\/\/amberbev.at\/de\/wp-json\/wp\/v2\/product_cat?post=3289"},{"taxonomy":"product_tag","embeddable":true,"href":"https:\/\/amberbev.at\/de\/wp-json\/wp\/v2\/product_tag?post=3289"}],"curies":[{"name":"wp","href":"https:\/\/api.w.org\/{rel}","templated":true}]}}