{"id":3291,"date":"2021-09-21T19:37:13","date_gmt":"2021-09-21T19:37:13","guid":{"rendered":"https:\/\/amberbev.at\/?post_type=product&#038;p=3291"},"modified":"2025-04-16T13:08:32","modified_gmt":"2025-04-16T13:08:32","slug":"glen-moray-classic-sherry-cask","status":"publish","type":"product","link":"https:\/\/amberbev.at\/de\/produkt\/whisky-bourbon-de\/scotch-single-malt\/glen-moray-classic-sherry-cask\/","title":{"rendered":"Glen Moray Classic Sherry Cask"},"content":{"rendered":"<h2>Das Tor zum Geschmack<\/h2>\n<p>Der Sherry-Fass-Finish veranschaulicht Glen Morays Fachwissen \u00fcber das Finishing, eine F\u00e4higkeit, die sie \u00fcber viele Jahre hinweg verfeinert haben. Sie beginnen mit der Reifung der Spirituose in amerikanischen Eichenf\u00e4ssern, um den traditionellen Speyside-Stil zu erhalten, und veredeln sie dann in Oloroso-Sherryf\u00e4ssern aus Jerez in Spanien, um Noten von getrockneten Fr\u00fcchten, N\u00fcssen und Gew\u00fcrzen hinzuzuf\u00fcgen. Ein Whisky, der sowohl von langj\u00e4hrigen Single-Malt-Fans als auch von Neueinsteigern genossen werden kann.<\/p>\n<p>Farbe: Br\u00fcniertes Gold<br \/>\nNase: Sonnengetrocknete Fr\u00fcchte, ger\u00f6steter Zimt und Toffeebonbons.<br \/>\nGeschmack: S\u00fc\u00dfe Vanille-Eiche, dunkle Schokolade und orientalische Gew\u00fcrze.<br \/>\nAbgang: Kribbelnde warme Gew\u00fcrze verbinden sich mit bitters\u00fc\u00dfer dunkler Schokolade zu einem langen, reichhaltigen und befriedigenden Abgang.<\/p>\n<div id=\"gtx-trans\" style=\"position: absolute; left: -36px; top: 0px;\">\n<div class=\"gtx-trans-icon\"><\/div>\n<\/div>\n","protected":false},"excerpt":{"rendered":"<p>Das Tor zum Geschmack Der Sherry-Fass-Finish veranschaulicht Glen Morays Fachwissen \u00fcber das Finishing, eine F\u00e4higkeit, die sie \u00fcber viele Jahre hinweg verfeinert haben. Sie beginnen mit der Reifung der Spirituose&#8230;<\/p>\n","protected":false},"featured_media":7026,"template":"","meta":{"_acf_changed":false,"inline_featured_image":false},"product_cat":[475,248],"product_tag":[],"class_list":{"0":"post-3291","1":"product","2":"type-product","3":"status-publish","4":"has-post-thumbnail","6":"product_brand-glen-moray","7":"product_cat-scotch-single-malt","8":"product_cat-whisky-bourbon-de","10":"first","11":"instock","12":"shipping-taxable","13":"product-type-simple"},"acf":[],"_links":{"self":[{"href":"https:\/\/amberbev.at\/de\/wp-json\/wp\/v2\/product\/3291"}],"collection":[{"href":"https:\/\/amberbev.at\/de\/wp-json\/wp\/v2\/product"}],"about":[{"href":"https:\/\/amberbev.at\/de\/wp-json\/wp\/v2\/types\/product"}],"wp:featuredmedia":[{"embeddable":true,"href":"https:\/\/amberbev.at\/de\/wp-json\/wp\/v2\/media\/7026"}],"wp:attachment":[{"href":"https:\/\/amberbev.at\/de\/wp-json\/wp\/v2\/media?parent=3291"}],"wp:term":[{"taxonomy":"product_cat","embeddable":true,"href":"https:\/\/amberbev.at\/de\/wp-json\/wp\/v2\/product_cat?post=3291"},{"taxonomy":"product_tag","embeddable":true,"href":"https:\/\/amberbev.at\/de\/wp-json\/wp\/v2\/product_tag?post=3291"}],"curies":[{"name":"wp","href":"https:\/\/api.w.org\/{rel}","templated":true}]}}