{"id":3295,"date":"2021-09-21T19:39:21","date_gmt":"2021-09-21T19:39:21","guid":{"rendered":"https:\/\/amberbev.at\/?post_type=product&#038;p=3295"},"modified":"2025-04-16T13:11:43","modified_gmt":"2025-04-16T13:11:43","slug":"glen-moray-classic-chardonnay-cask","status":"publish","type":"product","link":"https:\/\/amberbev.at\/de\/produkt\/whisky-bourbon-de\/scotch-single-malt\/glen-moray-classic-chardonnay-cask\/","title":{"rendered":"Glen Moray Classic Chardonnay Cask"},"content":{"rendered":"<h2>Das Tor zum Geschmack<\/h2>\n<p>Seit den fr\u00fchen 1900er Jahren sind wir daf\u00fcr bekannt, die M\u00f6glichkeiten zu erforschen, wie verschiedene F\u00e4sser unseren Whisky beeinflussen k\u00f6nnen, und dieser Single Malt ist ein hervorragendes Beispiel f\u00fcr unseren experimentellen Stil. Dieser Single Malt ist ein hervorragendes Beispiel f\u00fcr unseren experimentellen Stil. Er reift zun\u00e4chst in amerikanischen Eichenf\u00e4ssern nach traditioneller Glen Moray-Art und wird dann in Chardonnay-Wei\u00dfweinf\u00e4ssern veredelt. Diese F\u00e4sser \u00fcberlagern die klassischen Vanille-Noten des Whiskys mit tropischen Fr\u00fcchten und warmen Gew\u00fcrzen, die in diesem s\u00fc\u00dfen, leicht zug\u00e4nglichen Dram gipfeln.<\/p>\n<p>Farbe: Altgold<br \/>\nNase: W\u00fcrzige \u00c4pfel und Birnen, Key Lime Pie und Zimtzucker.<br \/>\nGeschmack: Karamellisierte tropische Fr\u00fcchte, ein Hauch von frisch gemahlenem Pfeffer und s\u00fc\u00dfer Vanille.<br \/>\nAbgang: Tropische Fr\u00fcchte und nussige Vanillearomen vereinen sich zu einem ebenso intensiven wie warmen Abgang.<\/p>\n<div id=\"gtx-trans\" style=\"position: absolute; left: -36px; top: 0px;\">\n<div class=\"gtx-trans-icon\"><\/div>\n<\/div>\n","protected":false},"excerpt":{"rendered":"<p>Das Tor zum Geschmack Seit den fr\u00fchen 1900er Jahren sind wir daf\u00fcr bekannt, die M\u00f6glichkeiten zu erforschen, wie verschiedene F\u00e4sser unseren Whisky beeinflussen k\u00f6nnen, und dieser Single Malt ist ein&#8230;<\/p>\n","protected":false},"featured_media":7029,"template":"","meta":{"_acf_changed":false,"inline_featured_image":false},"product_cat":[475,248],"product_tag":[],"class_list":{"0":"post-3295","1":"product","2":"type-product","3":"status-publish","4":"has-post-thumbnail","6":"product_brand-glen-moray","7":"product_cat-scotch-single-malt","8":"product_cat-whisky-bourbon-de","10":"first","11":"instock","12":"shipping-taxable","13":"product-type-simple"},"acf":[],"_links":{"self":[{"href":"https:\/\/amberbev.at\/de\/wp-json\/wp\/v2\/product\/3295"}],"collection":[{"href":"https:\/\/amberbev.at\/de\/wp-json\/wp\/v2\/product"}],"about":[{"href":"https:\/\/amberbev.at\/de\/wp-json\/wp\/v2\/types\/product"}],"wp:featuredmedia":[{"embeddable":true,"href":"https:\/\/amberbev.at\/de\/wp-json\/wp\/v2\/media\/7029"}],"wp:attachment":[{"href":"https:\/\/amberbev.at\/de\/wp-json\/wp\/v2\/media?parent=3295"}],"wp:term":[{"taxonomy":"product_cat","embeddable":true,"href":"https:\/\/amberbev.at\/de\/wp-json\/wp\/v2\/product_cat?post=3295"},{"taxonomy":"product_tag","embeddable":true,"href":"https:\/\/amberbev.at\/de\/wp-json\/wp\/v2\/product_tag?post=3295"}],"curies":[{"name":"wp","href":"https:\/\/api.w.org\/{rel}","templated":true}]}}