{"id":3297,"date":"2021-09-21T19:39:57","date_gmt":"2021-09-21T19:39:57","guid":{"rendered":"https:\/\/amberbev.at\/?post_type=product&#038;p=3297"},"modified":"2025-04-16T13:17:22","modified_gmt":"2025-04-16T13:17:22","slug":"glen-moray-12-yo-single-malt","status":"publish","type":"product","link":"https:\/\/amberbev.at\/de\/produkt\/whisky-bourbon-de\/scotch-single-malt\/glen-moray-12-yo-single-malt\/","title":{"rendered":"Glen Moray 12 YO Single Malt"},"content":{"rendered":"<h2>Das Tor zum Geschmack<\/h2>\n<p>Ein Whisky mit einer langen Tradition, der Vanille- und Beerennoten wunderbar ausbalanciert und unser ganzes Know-how widerspiegelt. Er wird an den Ufern des Flusses Lossie destilliert, wo wir seit 1897 Glen Moray herstellen. Dieser Single Malt reift vollst\u00e4ndig in sorgf\u00e4ltig ausgew\u00e4hlten F\u00e4ssern aus amerikanischer Eiche, um seinen traditionellen Speyside-Charakter zu unterstreichen.<\/p>\n<p>Farbe: Poliertes Gold<br \/>\nGeruch: Reichhaltig, s\u00fc\u00df und blumig mit Noten von Vanille-Toffee und Beerenfr\u00fcchten.<br \/>\nGeschmack: Ger\u00f6stete Eiche, intensive dunkle Fr\u00fcchte und cremige, ger\u00f6stete Vanille.<br \/>\nAbgang: Weich und befriedigend. Eine sch\u00f6ne Balance aus s\u00fc\u00dfer Vanille und gew\u00fcrzter Eiche sorgt f\u00fcr einen weichen und ausgewogenen Abgang.<\/p>\n<div id=\"gtx-trans\" style=\"position: absolute; left: -36px; top: 0px;\">\n<div class=\"gtx-trans-icon\"><\/div>\n<\/div>\n","protected":false},"excerpt":{"rendered":"<p>Das Tor zum Geschmack Ein Whisky mit einer langen Tradition, der Vanille- und Beerennoten wunderbar ausbalanciert und unser ganzes Know-how widerspiegelt. Er wird an den Ufern des Flusses Lossie destilliert,&#8230;<\/p>\n","protected":false},"featured_media":7035,"template":"","meta":{"_acf_changed":false,"inline_featured_image":false},"product_cat":[475,248],"product_tag":[],"class_list":{"0":"post-3297","1":"product","2":"type-product","3":"status-publish","4":"has-post-thumbnail","6":"product_brand-glen-moray","7":"product_cat-scotch-single-malt","8":"product_cat-whisky-bourbon-de","10":"first","11":"instock","12":"shipping-taxable","13":"product-type-simple"},"acf":[],"_links":{"self":[{"href":"https:\/\/amberbev.at\/de\/wp-json\/wp\/v2\/product\/3297"}],"collection":[{"href":"https:\/\/amberbev.at\/de\/wp-json\/wp\/v2\/product"}],"about":[{"href":"https:\/\/amberbev.at\/de\/wp-json\/wp\/v2\/types\/product"}],"wp:featuredmedia":[{"embeddable":true,"href":"https:\/\/amberbev.at\/de\/wp-json\/wp\/v2\/media\/7035"}],"wp:attachment":[{"href":"https:\/\/amberbev.at\/de\/wp-json\/wp\/v2\/media?parent=3297"}],"wp:term":[{"taxonomy":"product_cat","embeddable":true,"href":"https:\/\/amberbev.at\/de\/wp-json\/wp\/v2\/product_cat?post=3297"},{"taxonomy":"product_tag","embeddable":true,"href":"https:\/\/amberbev.at\/de\/wp-json\/wp\/v2\/product_tag?post=3297"}],"curies":[{"name":"wp","href":"https:\/\/api.w.org\/{rel}","templated":true}]}}