{"id":3302,"date":"2021-09-21T19:43:37","date_gmt":"2021-09-21T19:43:37","guid":{"rendered":"https:\/\/amberbev.at\/?post_type=product&#038;p=3302"},"modified":"2025-04-16T13:15:52","modified_gmt":"2025-04-16T13:15:52","slug":"glen-moray-15-yo-single-malt","status":"publish","type":"product","link":"https:\/\/amberbev.at\/de\/produkt\/whisky-bourbon-de\/scotch-single-malt\/glen-moray-15-yo-single-malt\/","title":{"rendered":"Glen Moray 15 YO Single Malt"},"content":{"rendered":"<h2>Das Tor zum Geschmack<\/h2>\n<p>Unser 15 Year Old vereint zwei sehr unterschiedliche Fasstypen in einem herausragenden Dram. Die eine H\u00e4lfte reift in amerikanischer Eiche, die den klassischen Stil von Glen Moray verk\u00f6rpert, die andere H\u00e4lfte in Oloroso-Sherry-F\u00e4ssern, die mit reichhaltigen Gew\u00fcrzen gl\u00e4nzen. So bringen wir ihre kontrastierenden Stile zusammen, um intensiv komplexe Schichten zu schaffen. Mit Aromen von getrockneten Fr\u00fcchten, dunkler Schokolade und Gew\u00fcrzen, die durch das Alter noch verst\u00e4rkt werden, ist dieser schottische Whisky ein perfekter Leckerbissen f\u00fcr Single-Malt-Liebhaber, die gerne mehr entdecken m\u00f6chten.<\/p>\n<p>Farbe: Cooper<br \/>\nGeruch: Sherry-Eiche und Buttertoffee. Ein Hauch von dunkler Schokolade und Gew\u00fcrzmischung.<br \/>\nGeschmack: Vollmundige, fein gebrannte Weinaromen, gew\u00fcrzte dunkle Schokolade und ein Hauch von Rauch.<br \/>\nAbgang: Das Eichenholz verweilt, w\u00e4hrend die S\u00fc\u00dfe der Trockenfr\u00fcchte allm\u00e4hlich verblasst. Ein Abgang, der intensiv und befriedigend ist.<\/p>\n<div id=\"gtx-trans\" style=\"position: absolute; left: -36px; top: 0px;\">\n<div class=\"gtx-trans-icon\"><\/div>\n<\/div>\n","protected":false},"excerpt":{"rendered":"<p>Das Tor zum Geschmack Unser 15 Year Old vereint zwei sehr unterschiedliche Fasstypen in einem herausragenden Dram. Die eine H\u00e4lfte reift in amerikanischer Eiche, die den klassischen Stil von Glen&#8230;<\/p>\n","protected":false},"featured_media":7033,"template":"","meta":{"_acf_changed":false,"inline_featured_image":false},"product_cat":[475,248],"product_tag":[],"class_list":{"0":"post-3302","1":"product","2":"type-product","3":"status-publish","4":"has-post-thumbnail","6":"product_brand-glen-moray","7":"product_cat-scotch-single-malt","8":"product_cat-whisky-bourbon-de","10":"first","11":"instock","12":"shipping-taxable","13":"product-type-simple"},"acf":[],"_links":{"self":[{"href":"https:\/\/amberbev.at\/de\/wp-json\/wp\/v2\/product\/3302"}],"collection":[{"href":"https:\/\/amberbev.at\/de\/wp-json\/wp\/v2\/product"}],"about":[{"href":"https:\/\/amberbev.at\/de\/wp-json\/wp\/v2\/types\/product"}],"wp:featuredmedia":[{"embeddable":true,"href":"https:\/\/amberbev.at\/de\/wp-json\/wp\/v2\/media\/7033"}],"wp:attachment":[{"href":"https:\/\/amberbev.at\/de\/wp-json\/wp\/v2\/media?parent=3302"}],"wp:term":[{"taxonomy":"product_cat","embeddable":true,"href":"https:\/\/amberbev.at\/de\/wp-json\/wp\/v2\/product_cat?post=3302"},{"taxonomy":"product_tag","embeddable":true,"href":"https:\/\/amberbev.at\/de\/wp-json\/wp\/v2\/product_tag?post=3302"}],"curies":[{"name":"wp","href":"https:\/\/api.w.org\/{rel}","templated":true}]}}