{"id":3309,"date":"2021-09-21T19:45:58","date_gmt":"2021-09-21T19:45:58","guid":{"rendered":"https:\/\/amberbev.at\/?post_type=product&#038;p=3309"},"modified":"2025-04-16T13:13:26","modified_gmt":"2025-04-16T13:13:26","slug":"glen-moray-18-yo-single-malt","status":"publish","type":"product","link":"https:\/\/amberbev.at\/de\/produkt\/whisky-bourbon-de\/scotch-single-malt\/glen-moray-18-yo-single-malt\/","title":{"rendered":"Glen Moray 18 YO Single Malt"},"content":{"rendered":"<h2>Das Tor zum Geschmack<\/h2>\n<p>Dieser Single Malt Whisky ist der Stolz und die Freude unserer Heritage Collection und strotzt nur so vor Gew\u00fcrzen, Eichenholz und karamellisierten Fr\u00fcchten. Er wurde 18 Jahre lang ausschlie\u00dflich in F\u00e4ssern aus amerikanischer Eiche gereift, um eine seltene Intensit\u00e4t zu erreichen, und ist das ultimative Spiegelbild unseres traditionellen Speyside-Handwerks. Durch die Verwendung von First-Fill-F\u00e4ssern, die bisher noch nicht f\u00fcr Single Malt verwendet wurden, wird unsere Spirituose mit den maximalen Aromen des Holzes wie Vanille, Eiche und Toffee angereichert.<\/p>\n<p>Farbe: Antikes Gold<br \/>\nGeruch: Ger\u00f6stete Eiche mit tiefen Noten von Sirup-Toffee und karamellisierten Herbstfr\u00fcchten.<br \/>\nGeschmack: Gebackener Gew\u00fcrzapfel und mit Vanille ger\u00e4ucherte Rosinen. Reichhaltig, weich und \u00e4u\u00dferst zufriedenstellend.<br \/>\nAbgang: Die S\u00fc\u00dfe und die W\u00fcrze verblassen auf nat\u00fcrliche Weise und hinterlassen eine leichte Rauchwolke und ger\u00f6stete Eiche. Ein Abgang, der elegant und wunderbar lang ist.<\/p>\n<div id=\"gtx-trans\" style=\"position: absolute; left: -36px; top: 0px;\">\n<div class=\"gtx-trans-icon\"><\/div>\n<\/div>\n","protected":false},"excerpt":{"rendered":"<p>Das Tor zum Geschmack Dieser Single Malt Whisky ist der Stolz und die Freude unserer Heritage Collection und strotzt nur so vor Gew\u00fcrzen, Eichenholz und karamellisierten Fr\u00fcchten. Er wurde 18&#8230;<\/p>\n","protected":false},"featured_media":7031,"template":"","meta":{"_acf_changed":false,"inline_featured_image":false},"product_cat":[475,248],"product_tag":[],"class_list":{"0":"post-3309","1":"product","2":"type-product","3":"status-publish","4":"has-post-thumbnail","6":"product_brand-glen-moray","7":"product_cat-scotch-single-malt","8":"product_cat-whisky-bourbon-de","10":"first","11":"instock","12":"shipping-taxable","13":"product-type-simple"},"acf":[],"_links":{"self":[{"href":"https:\/\/amberbev.at\/de\/wp-json\/wp\/v2\/product\/3309"}],"collection":[{"href":"https:\/\/amberbev.at\/de\/wp-json\/wp\/v2\/product"}],"about":[{"href":"https:\/\/amberbev.at\/de\/wp-json\/wp\/v2\/types\/product"}],"wp:featuredmedia":[{"embeddable":true,"href":"https:\/\/amberbev.at\/de\/wp-json\/wp\/v2\/media\/7031"}],"wp:attachment":[{"href":"https:\/\/amberbev.at\/de\/wp-json\/wp\/v2\/media?parent=3309"}],"wp:term":[{"taxonomy":"product_cat","embeddable":true,"href":"https:\/\/amberbev.at\/de\/wp-json\/wp\/v2\/product_cat?post=3309"},{"taxonomy":"product_tag","embeddable":true,"href":"https:\/\/amberbev.at\/de\/wp-json\/wp\/v2\/product_tag?post=3309"}],"curies":[{"name":"wp","href":"https:\/\/api.w.org\/{rel}","templated":true}]}}