{"id":3318,"date":"2021-09-21T19:54:56","date_gmt":"2021-09-21T19:54:56","guid":{"rendered":"https:\/\/amberbev.at\/?post_type=product&#038;p=3318"},"modified":"2021-10-13T06:48:37","modified_gmt":"2021-10-13T06:48:37","slug":"old-pulteney-flotilla-gb","status":"publish","type":"product","link":"https:\/\/amberbev.at\/de\/produkt\/whisky-bourbon-de\/scotch-single-malt\/old-pulteney-flotilla-gb\/","title":{"rendered":"Old Pulteney Flotilla GB"},"content":{"rendered":"<h2>The Maritime Malt<\/h2>\n<p>Ganz im Norden von Schottland liegt Wick. Ein Ort, gepr\u00e4gt von unwir- schem Klima, schroffen Klippen und dem Seefahrervolk. All das lebt in den Whiskys der Destillerie in Pulteney weiter, die seit 1826 hier ihre maritimen Single Malt Scotch Whiskys herstellt.<br \/>\nDie w\u00fcrzige Seeluft, die starke Meeresbrandung und die schroffen K\u00fcsten- abschnitte geben diesen Whiskys Struktur und K\u00f6rper. Gew\u00fcrze, fruchtige Aromen aus der ganzen Welt und ein leichter Karamellgeschmack charakterisieren diese kr\u00e4ftigen Whiskys, die mit jedem Schluck ein St\u00fcck Seefahrergeschichte erz\u00e4hlen. Die unverkennbare Flaschenform ist ei- nem typischen Potstill-Brennkessel nachempfunden.<\/p>\n<p>Old Pulteney Flotilla reift zehn Jahre lang in handverlesenen First-Fill-Ex-Bourbon-F\u00e4ssern direkt am Meer. Diese Abf\u00fcllung ist ausschlie\u00dflich f\u00fcr Westeuropa bestimmt.<\/p>\n<p>Frisch gemahlene Gew\u00fcrze \u00f6ffnen sich zu Noten von Toffee und Kokosnuss. Der Abgang ist vollmundig mit einem warmen, lang anhaltenden Nachklang.<\/p>\n","protected":false},"excerpt":{"rendered":"<p>The Maritime Malt Ganz im Norden von Schottland liegt Wick. Ein Ort, gepr\u00e4gt von unwir- schem Klima, schroffen Klippen und dem Seefahrervolk. All das lebt in den Whiskys der Destillerie&#8230;<\/p>\n","protected":false},"featured_media":4485,"template":"","meta":{"_acf_changed":false,"inline_featured_image":false},"product_cat":[475,248],"product_tag":[],"class_list":{"0":"post-3318","1":"product","2":"type-product","3":"status-publish","4":"has-post-thumbnail","6":"product_brand-old-pulteney","7":"product_cat-scotch-single-malt","8":"product_cat-whisky-bourbon-de","10":"first","11":"instock","12":"shipping-taxable","13":"product-type-simple"},"acf":[],"_links":{"self":[{"href":"https:\/\/amberbev.at\/de\/wp-json\/wp\/v2\/product\/3318"}],"collection":[{"href":"https:\/\/amberbev.at\/de\/wp-json\/wp\/v2\/product"}],"about":[{"href":"https:\/\/amberbev.at\/de\/wp-json\/wp\/v2\/types\/product"}],"wp:featuredmedia":[{"embeddable":true,"href":"https:\/\/amberbev.at\/de\/wp-json\/wp\/v2\/media\/4485"}],"wp:attachment":[{"href":"https:\/\/amberbev.at\/de\/wp-json\/wp\/v2\/media?parent=3318"}],"wp:term":[{"taxonomy":"product_cat","embeddable":true,"href":"https:\/\/amberbev.at\/de\/wp-json\/wp\/v2\/product_cat?post=3318"},{"taxonomy":"product_tag","embeddable":true,"href":"https:\/\/amberbev.at\/de\/wp-json\/wp\/v2\/product_tag?post=3318"}],"curies":[{"name":"wp","href":"https:\/\/api.w.org\/{rel}","templated":true}]}}