{"id":3324,"date":"2021-09-21T19:56:05","date_gmt":"2021-09-21T19:56:05","guid":{"rendered":"https:\/\/amberbev.at\/?post_type=product&#038;p=3324"},"modified":"2021-10-13T06:34:54","modified_gmt":"2021-10-13T06:34:54","slug":"old-pulteney-12yogb","status":"publish","type":"product","link":"https:\/\/amberbev.at\/de\/produkt\/whisky-bourbon-de\/scotch-single-malt\/old-pulteney-12yogb\/","title":{"rendered":"Old Pulteney 12YOGB"},"content":{"rendered":"<h2>The Maritime Malt<\/h2>\n<p>Ganz im Norden von Schottland liegt Wick. Ein Ort, gepr\u00e4gt von unwir- schem Klima, schroffen Klippen und dem Seefahrervolk. All das lebt in den Whiskys der Destillerie in Pulteney weiter, die seit 1826 hier ihre maritimen Single Malt Scotch Whiskys herstellt.<br \/>\nDie w\u00fcrzige Seeluft, die starke Meeresbrandung und die schroffen K\u00fcsten- abschnitte geben diesen Whiskys Struktur und K\u00f6rper. Gew\u00fcrze, fruch- tige Aromen aus der ganzen Welt und ein leichter Karamellgeschmack charakterisieren diese kr\u00e4ftigen Whiskys, die mit jedem Schluck ein St\u00fcck Seefahrergeschichte erz\u00e4hlen. Die unverkennbare Flaschenform ist ei- nem typischen Potstill-Brennkessel nachempfunden.<\/p>\n<p>Der 12 Jahre alte Old Pulteney, der ausschlie\u00dflich in luftgetrockneten, handverlesenen Ex-Bourbon-F\u00e4ssern gereift ist, ist das Nonplusultra der Old Pulteney-Familie.<\/p>\n<p>Traditionell mit Techniken hergestellt, die andere Brennereien l\u00e4ngst aufgegeben haben, ist dieser Gewinner zahlreicher Goldmedaillen bei den prestigetr\u00e4chtigsten internationalen Wettbewerben ein Aush\u00e4ngeschild f\u00fcr Qualit\u00e4tsspirituosen.<\/p>\n<p>Er ist trocken, von mittlerem K\u00f6rper und geschmeidig, duftet nach Honig und Sahne, ist leicht salzig, hat eine leicht w\u00fcrzige Note und einen s\u00fc\u00dfen, lang anhaltenden Abgang.<\/p>\n","protected":false},"excerpt":{"rendered":"<p>The Maritime Malt Ganz im Norden von Schottland liegt Wick. Ein Ort, gepr\u00e4gt von unwir- schem Klima, schroffen Klippen und dem Seefahrervolk. All das lebt in den Whiskys der Destillerie&#8230;<\/p>\n","protected":false},"featured_media":3328,"template":"","meta":{"_acf_changed":false,"inline_featured_image":false},"product_cat":[475,248],"product_tag":[],"class_list":{"0":"post-3324","1":"product","2":"type-product","3":"status-publish","4":"has-post-thumbnail","6":"product_brand-old-pulteney","7":"product_cat-scotch-single-malt","8":"product_cat-whisky-bourbon-de","10":"first","11":"instock","12":"shipping-taxable","13":"product-type-simple"},"acf":[],"_links":{"self":[{"href":"https:\/\/amberbev.at\/de\/wp-json\/wp\/v2\/product\/3324"}],"collection":[{"href":"https:\/\/amberbev.at\/de\/wp-json\/wp\/v2\/product"}],"about":[{"href":"https:\/\/amberbev.at\/de\/wp-json\/wp\/v2\/types\/product"}],"wp:featuredmedia":[{"embeddable":true,"href":"https:\/\/amberbev.at\/de\/wp-json\/wp\/v2\/media\/3328"}],"wp:attachment":[{"href":"https:\/\/amberbev.at\/de\/wp-json\/wp\/v2\/media?parent=3324"}],"wp:term":[{"taxonomy":"product_cat","embeddable":true,"href":"https:\/\/amberbev.at\/de\/wp-json\/wp\/v2\/product_cat?post=3324"},{"taxonomy":"product_tag","embeddable":true,"href":"https:\/\/amberbev.at\/de\/wp-json\/wp\/v2\/product_tag?post=3324"}],"curies":[{"name":"wp","href":"https:\/\/api.w.org\/{rel}","templated":true}]}}