{"id":3330,"date":"2021-09-21T19:57:27","date_gmt":"2021-09-21T19:57:27","guid":{"rendered":"https:\/\/amberbev.at\/?post_type=product&#038;p=3330"},"modified":"2021-10-13T06:40:27","modified_gmt":"2021-10-13T06:40:27","slug":"old-pulteney-huddart-gb","status":"publish","type":"product","link":"https:\/\/amberbev.at\/de\/produkt\/whisky-bourbon-de\/scotch-single-malt\/old-pulteney-huddart-gb\/","title":{"rendered":"Old Pulteney Huddart GB"},"content":{"rendered":"<h2>The Maritime Malt<\/h2>\n<p>Eine unverwechselbar rauchige Variante des Old Pulteney, die unseren Geburtsort feiert.<\/p>\n<p>Dieser w\u00e4rmende Single Malt hat einen weichen, rauchigen Charakter und ist im Kern ein echter Old Pulteney. Die Kombination aus dem Einfluss der salzhaltigen Seeluft und dem Torfrauch sorgt f\u00fcr einen Whisky mit echtem Charakter, Tiefe und Identit\u00e4t. Mit einem Reichtum, der sich in seiner satten goldenen Farbe fortsetzt, bietet dieser Single Malt viel an Komplexit\u00e4t und Geschmack, w\u00e4hrend er uns auf subtile Weise an den Ort erinnert, an dem Old Pulteney seinen Anfang nahm.<\/p>\n<p>Frisch gemahlene Gew\u00fcrze und weiche Vanille gleichen die Noten von Rauch und Torffeuer aus. Im Hintergrund finden sich sowohl reichlich s\u00fc\u00dfe als auch deutlich salzige K\u00fcstenaromen, die zusammen an gesalzenes Karamell erinnern.<\/p>\n","protected":false},"excerpt":{"rendered":"<p>The Maritime Malt Eine unverwechselbar rauchige Variante des Old Pulteney, die unseren Geburtsort feiert. Dieser w\u00e4rmende Single Malt hat einen weichen, rauchigen Charakter und ist im Kern ein echter Old&#8230;<\/p>\n","protected":false},"featured_media":3333,"template":"","meta":{"_acf_changed":false,"inline_featured_image":false},"product_cat":[475,248],"product_tag":[],"class_list":{"0":"post-3330","1":"product","2":"type-product","3":"status-publish","4":"has-post-thumbnail","6":"product_brand-old-pulteney","7":"product_cat-scotch-single-malt","8":"product_cat-whisky-bourbon-de","10":"first","11":"instock","12":"shipping-taxable","13":"product-type-simple"},"acf":[],"_links":{"self":[{"href":"https:\/\/amberbev.at\/de\/wp-json\/wp\/v2\/product\/3330"}],"collection":[{"href":"https:\/\/amberbev.at\/de\/wp-json\/wp\/v2\/product"}],"about":[{"href":"https:\/\/amberbev.at\/de\/wp-json\/wp\/v2\/types\/product"}],"wp:featuredmedia":[{"embeddable":true,"href":"https:\/\/amberbev.at\/de\/wp-json\/wp\/v2\/media\/3333"}],"wp:attachment":[{"href":"https:\/\/amberbev.at\/de\/wp-json\/wp\/v2\/media?parent=3330"}],"wp:term":[{"taxonomy":"product_cat","embeddable":true,"href":"https:\/\/amberbev.at\/de\/wp-json\/wp\/v2\/product_cat?post=3330"},{"taxonomy":"product_tag","embeddable":true,"href":"https:\/\/amberbev.at\/de\/wp-json\/wp\/v2\/product_tag?post=3330"}],"curies":[{"name":"wp","href":"https:\/\/api.w.org\/{rel}","templated":true}]}}