{"id":3336,"date":"2021-09-21T19:58:40","date_gmt":"2021-09-21T19:58:40","guid":{"rendered":"https:\/\/amberbev.at\/?post_type=product&#038;p=3336"},"modified":"2021-10-13T06:37:46","modified_gmt":"2021-10-13T06:37:46","slug":"old-pulteney-15yogb","status":"publish","type":"product","link":"https:\/\/amberbev.at\/de\/produkt\/whisky-bourbon-de\/scotch-single-malt\/old-pulteney-15yogb\/","title":{"rendered":"Old Pulteney 15YOGB"},"content":{"rendered":"<h2>The Maritime Malt<\/h2>\n<p>Dieser 15 Jahre lang gereifte Single Malt ist unser ausgewogenster und weichster Single Malt. Dieser Single Malt vereint zwei verschiedene Seiten des Geschmacksspektrums und spiegelt gleichzeitig unsere Heimat an der K\u00fcste und deren ungebrochenen Einfluss wider.<\/p>\n<p>Einerseits ist dies ein intensiver Single Malt, andererseits aber auch ein wirklich ausgewogener.<\/p>\n<p>W\u00fcrze und S\u00fc\u00dfe vereinen sich in diesem nat\u00fcrlich reichen bernsteinfarbenen Whisky, um reiche Aromen zu zelebrieren, w\u00e4hrend leichtere, erfrischende K\u00fcstennoten eine andere Seite dieses Single Malts zeigen.<\/p>\n<p>Duftende Gew\u00fcrze und Weihnachtskuchen, mit Schichten von Schokolade und einer ausgepr\u00e4gten S\u00fc\u00dfe von dunklem Toffee. Im Abgang ist ein Hauch von salziger Seeluft zu sp\u00fcren, ein deutlicher Hinweis auf den Einfluss des Meeres auf diesen Single Malt.<\/p>\n","protected":false},"excerpt":{"rendered":"<p>The Maritime Malt Dieser 15 Jahre lang gereifte Single Malt ist unser ausgewogenster und weichster Single Malt. Dieser Single Malt vereint zwei verschiedene Seiten des Geschmacksspektrums und spiegelt gleichzeitig unsere&#8230;<\/p>\n","protected":false},"featured_media":3338,"template":"","meta":{"_acf_changed":false,"inline_featured_image":false},"product_cat":[475,248],"product_tag":[],"class_list":{"0":"post-3336","1":"product","2":"type-product","3":"status-publish","4":"has-post-thumbnail","6":"product_brand-old-pulteney","7":"product_cat-scotch-single-malt","8":"product_cat-whisky-bourbon-de","10":"first","11":"instock","12":"shipping-taxable","13":"product-type-simple"},"acf":[],"_links":{"self":[{"href":"https:\/\/amberbev.at\/de\/wp-json\/wp\/v2\/product\/3336"}],"collection":[{"href":"https:\/\/amberbev.at\/de\/wp-json\/wp\/v2\/product"}],"about":[{"href":"https:\/\/amberbev.at\/de\/wp-json\/wp\/v2\/types\/product"}],"wp:featuredmedia":[{"embeddable":true,"href":"https:\/\/amberbev.at\/de\/wp-json\/wp\/v2\/media\/3338"}],"wp:attachment":[{"href":"https:\/\/amberbev.at\/de\/wp-json\/wp\/v2\/media?parent=3336"}],"wp:term":[{"taxonomy":"product_cat","embeddable":true,"href":"https:\/\/amberbev.at\/de\/wp-json\/wp\/v2\/product_cat?post=3336"},{"taxonomy":"product_tag","embeddable":true,"href":"https:\/\/amberbev.at\/de\/wp-json\/wp\/v2\/product_tag?post=3336"}],"curies":[{"name":"wp","href":"https:\/\/api.w.org\/{rel}","templated":true}]}}