{"id":3340,"date":"2021-09-21T19:59:36","date_gmt":"2021-09-21T19:59:36","guid":{"rendered":"https:\/\/amberbev.at\/?post_type=product&#038;p=3340"},"modified":"2021-10-13T06:43:07","modified_gmt":"2021-10-13T06:43:07","slug":"old-pulteney-18yogb","status":"publish","type":"product","link":"https:\/\/amberbev.at\/de\/produkt\/whisky-bourbon-de\/scotch-single-malt\/old-pulteney-18yogb\/","title":{"rendered":"Old Pulteney 18YOGB"},"content":{"rendered":"<h2>The Maritime Malt<\/h2>\n<p>18 Jahre lang gereift, ist dieser Whisky dank der f\u00fcr die Reifung ausgew\u00e4hlten F\u00e4sser genussvoll und w\u00fcrzig.<\/p>\n<p>Er erh\u00e4lt seinen Charakter und seine Farbe vollst\u00e4ndig von den F\u00e4ssern, in denen er gereift ist, und ist ein tief w\u00e4rmender Whisky. Schokolade und Gew\u00fcrze pr\u00e4gen den Charakter dieses Single Malts, lassen aber auch den Einfluss pikanter Aromen zu.<\/p>\n<p>Schokoladiger Genuss, \u00fcberlagert von honigartigen Gew\u00fcrzen und Weihnachtskuchen. Florale Noten verleihen ihm einen Hauch von Finesse, w\u00e4hrend pikante Noten von Zitrusfr\u00fcchten und gr\u00fcnem Apfel einen sch\u00f6nen langen Abgang beleben.<\/p>\n","protected":false},"excerpt":{"rendered":"<p>The Maritime Malt 18 Jahre lang gereift, ist dieser Whisky dank der f\u00fcr die Reifung ausgew\u00e4hlten F\u00e4sser genussvoll und w\u00fcrzig. Er erh\u00e4lt seinen Charakter und seine Farbe vollst\u00e4ndig von den&#8230;<\/p>\n","protected":false},"featured_media":3342,"template":"","meta":{"_acf_changed":false,"inline_featured_image":false},"product_cat":[475,248],"product_tag":[],"class_list":{"0":"post-3340","1":"product","2":"type-product","3":"status-publish","4":"has-post-thumbnail","6":"product_brand-old-pulteney","7":"product_cat-scotch-single-malt","8":"product_cat-whisky-bourbon-de","10":"first","11":"instock","12":"shipping-taxable","13":"product-type-simple"},"acf":[],"_links":{"self":[{"href":"https:\/\/amberbev.at\/de\/wp-json\/wp\/v2\/product\/3340"}],"collection":[{"href":"https:\/\/amberbev.at\/de\/wp-json\/wp\/v2\/product"}],"about":[{"href":"https:\/\/amberbev.at\/de\/wp-json\/wp\/v2\/types\/product"}],"wp:featuredmedia":[{"embeddable":true,"href":"https:\/\/amberbev.at\/de\/wp-json\/wp\/v2\/media\/3342"}],"wp:attachment":[{"href":"https:\/\/amberbev.at\/de\/wp-json\/wp\/v2\/media?parent=3340"}],"wp:term":[{"taxonomy":"product_cat","embeddable":true,"href":"https:\/\/amberbev.at\/de\/wp-json\/wp\/v2\/product_cat?post=3340"},{"taxonomy":"product_tag","embeddable":true,"href":"https:\/\/amberbev.at\/de\/wp-json\/wp\/v2\/product_tag?post=3340"}],"curies":[{"name":"wp","href":"https:\/\/api.w.org\/{rel}","templated":true}]}}