{"id":3346,"date":"2021-09-21T20:00:33","date_gmt":"2021-09-21T20:00:33","guid":{"rendered":"https:\/\/amberbev.at\/?post_type=product&#038;p=3346"},"modified":"2021-10-13T06:44:53","modified_gmt":"2021-10-13T06:44:53","slug":"old-pulteney-25yogb","status":"publish","type":"product","link":"https:\/\/amberbev.at\/de\/produkt\/whisky-bourbon-de\/scotch-single-malt\/old-pulteney-25yogb\/","title":{"rendered":"Old Pulteney 25YOGB"},"content":{"rendered":"<h2>The Maritime Malt<\/h2>\n<p>Ein Vierteljahrhundert lang atmeten die F\u00e4sser dieses seltenen Ausdrucks von Old Pulteney Single Malt Scotch Whisky die belebende Seeluft der K\u00fcste von Caithness. Gesch\u00fctzt vor der sich schnell ver\u00e4ndernden Welt in der dunklen Stille eines Brennereilagers reifte die Spirituose in ihrem eigenen, gleichm\u00e4\u00dfigen Tempo, das den beruhigenden Rhythmus des Hafens seiner Heimatstadt widerspiegelt. Zun\u00e4chst in amerikanischer Eiche gereift, erhielt seine w\u00fcrzige S\u00fc\u00dfe sp\u00e4ter durch F\u00e4sser aus spanischer Eiche Tiefe und Farbe. Dieser elegante und charismatische Whisky verk\u00f6rpert sowohl Wicks Ausdauer als auch die Hingabe der Pulteney Distillery an ihr Handwerk.<\/p>\n<p>Bittere Schokolade und cremige Vanille mit einem Hauch von Toffee, gefolgt von einem langen und w\u00fcrzigen Abgang.<\/p>\n","protected":false},"excerpt":{"rendered":"<p>The Maritime Malt Ein Vierteljahrhundert lang atmeten die F\u00e4sser dieses seltenen Ausdrucks von Old Pulteney Single Malt Scotch Whisky die belebende Seeluft der K\u00fcste von Caithness. Gesch\u00fctzt vor der sich&#8230;<\/p>\n","protected":false},"featured_media":3349,"template":"","meta":{"_acf_changed":false,"inline_featured_image":false},"product_cat":[475,248],"product_tag":[],"class_list":{"0":"post-3346","1":"product","2":"type-product","3":"status-publish","4":"has-post-thumbnail","6":"product_brand-old-pulteney","7":"product_cat-scotch-single-malt","8":"product_cat-whisky-bourbon-de","10":"first","11":"instock","12":"shipping-taxable","13":"product-type-simple"},"acf":[],"_links":{"self":[{"href":"https:\/\/amberbev.at\/de\/wp-json\/wp\/v2\/product\/3346"}],"collection":[{"href":"https:\/\/amberbev.at\/de\/wp-json\/wp\/v2\/product"}],"about":[{"href":"https:\/\/amberbev.at\/de\/wp-json\/wp\/v2\/types\/product"}],"wp:featuredmedia":[{"embeddable":true,"href":"https:\/\/amberbev.at\/de\/wp-json\/wp\/v2\/media\/3349"}],"wp:attachment":[{"href":"https:\/\/amberbev.at\/de\/wp-json\/wp\/v2\/media?parent=3346"}],"wp:term":[{"taxonomy":"product_cat","embeddable":true,"href":"https:\/\/amberbev.at\/de\/wp-json\/wp\/v2\/product_cat?post=3346"},{"taxonomy":"product_tag","embeddable":true,"href":"https:\/\/amberbev.at\/de\/wp-json\/wp\/v2\/product_tag?post=3346"}],"curies":[{"name":"wp","href":"https:\/\/api.w.org\/{rel}","templated":true}]}}