{"id":3355,"date":"2021-09-21T20:05:54","date_gmt":"2021-09-21T20:05:54","guid":{"rendered":"https:\/\/amberbev.at\/?post_type=product&#038;p=3355"},"modified":"2021-10-13T06:57:50","modified_gmt":"2021-10-13T06:57:50","slug":"speyburn-bradan-orach-gb","status":"publish","type":"product","link":"https:\/\/amberbev.at\/de\/produkt\/whisky-bourbon-de\/scotch-single-malt\/speyburn-bradan-orach-gb\/","title":{"rendered":"Speyburn Bradan Orach GB"},"content":{"rendered":"<h2>Subtil, nat\u00fcrlich s\u00fc\u00df und erfrischend.<\/h2>\n<p>Bradan Orach, g\u00e4lisch f\u00fcr &#8220;Goldener Lachs&#8221;, ist ein klassischer, einladender Speyside-Whisky, der ausschlie\u00dflich in Ex-Bourbon-F\u00e4ssern aus amerikanischer Eiche gereift ist. Dieser helle Single Malt wurde zu Ehren der Weltklasse-Lachsfischerei am Fluss Spey benannt.<\/p>\n<p>Subtil mit Honig und Vanille, aber dennoch vollmundig. Cremig und weich mit einem langen w\u00fcrzigen Abgang. Energisch und ansprechend, ist dies das hellste Mitglied der Speyburn-Reihe.<\/p>\n","protected":false},"excerpt":{"rendered":"<p>Subtil, nat\u00fcrlich s\u00fc\u00df und erfrischend. Bradan Orach, g\u00e4lisch f\u00fcr &#8220;Goldener Lachs&#8221;, ist ein klassischer, einladender Speyside-Whisky, der ausschlie\u00dflich in Ex-Bourbon-F\u00e4ssern aus amerikanischer Eiche gereift ist. Dieser helle Single Malt wurde&#8230;<\/p>\n","protected":false},"featured_media":3357,"template":"","meta":{"_acf_changed":false,"inline_featured_image":false},"product_cat":[475,248],"product_tag":[],"class_list":{"0":"post-3355","1":"product","2":"type-product","3":"status-publish","4":"has-post-thumbnail","6":"product_brand-speyburn","7":"product_cat-scotch-single-malt","8":"product_cat-whisky-bourbon-de","10":"first","11":"instock","12":"shipping-taxable","13":"product-type-simple"},"acf":[],"_links":{"self":[{"href":"https:\/\/amberbev.at\/de\/wp-json\/wp\/v2\/product\/3355"}],"collection":[{"href":"https:\/\/amberbev.at\/de\/wp-json\/wp\/v2\/product"}],"about":[{"href":"https:\/\/amberbev.at\/de\/wp-json\/wp\/v2\/types\/product"}],"wp:featuredmedia":[{"embeddable":true,"href":"https:\/\/amberbev.at\/de\/wp-json\/wp\/v2\/media\/3357"}],"wp:attachment":[{"href":"https:\/\/amberbev.at\/de\/wp-json\/wp\/v2\/media?parent=3355"}],"wp:term":[{"taxonomy":"product_cat","embeddable":true,"href":"https:\/\/amberbev.at\/de\/wp-json\/wp\/v2\/product_cat?post=3355"},{"taxonomy":"product_tag","embeddable":true,"href":"https:\/\/amberbev.at\/de\/wp-json\/wp\/v2\/product_tag?post=3355"}],"curies":[{"name":"wp","href":"https:\/\/api.w.org\/{rel}","templated":true}]}}