{"id":3360,"date":"2021-09-21T20:06:24","date_gmt":"2021-09-21T20:06:24","guid":{"rendered":"https:\/\/amberbev.at\/?post_type=product&#038;p=3360"},"modified":"2021-10-13T07:01:57","modified_gmt":"2021-10-13T07:01:57","slug":"speyburn-10yogb","status":"publish","type":"product","link":"https:\/\/amberbev.at\/de\/produkt\/whisky-bourbon-de\/scotch-single-malt\/speyburn-10yogb\/","title":{"rendered":"Speyburn 10YOGB"},"content":{"rendered":"<h2>Kr\u00e4ftige Aromen und ein langer, weicher Abgang.<\/h2>\n<p>Speyburn 10 Jahre Single Malt reift in einer Kombination aus amerikanischen Eichen-, Ex-Bourbon- und Ex-Sherry-F\u00e4ssern.<\/p>\n<p>Mittlerer K\u00f6rper mit Noten von Toffee und Buttertoffee und einem langen, s\u00fc\u00dfen Abgang. Speyburn 10 Jahre alt ist ein weltweiter Favorit und ein Publikumsliebling.<\/p>\n","protected":false},"excerpt":{"rendered":"<p>Kr\u00e4ftige Aromen und ein langer, weicher Abgang. Speyburn 10 Jahre Single Malt reift in einer Kombination aus amerikanischen Eichen-, Ex-Bourbon- und Ex-Sherry-F\u00e4ssern. Mittlerer K\u00f6rper mit Noten von Toffee und Buttertoffee&#8230;<\/p>\n","protected":false},"featured_media":3362,"template":"","meta":{"_acf_changed":false,"inline_featured_image":false},"product_cat":[475,248],"product_tag":[],"class_list":{"0":"post-3360","1":"product","2":"type-product","3":"status-publish","4":"has-post-thumbnail","6":"product_brand-speyburn","7":"product_cat-scotch-single-malt","8":"product_cat-whisky-bourbon-de","10":"first","11":"instock","12":"shipping-taxable","13":"product-type-simple"},"acf":[],"_links":{"self":[{"href":"https:\/\/amberbev.at\/de\/wp-json\/wp\/v2\/product\/3360"}],"collection":[{"href":"https:\/\/amberbev.at\/de\/wp-json\/wp\/v2\/product"}],"about":[{"href":"https:\/\/amberbev.at\/de\/wp-json\/wp\/v2\/types\/product"}],"wp:featuredmedia":[{"embeddable":true,"href":"https:\/\/amberbev.at\/de\/wp-json\/wp\/v2\/media\/3362"}],"wp:attachment":[{"href":"https:\/\/amberbev.at\/de\/wp-json\/wp\/v2\/media?parent=3360"}],"wp:term":[{"taxonomy":"product_cat","embeddable":true,"href":"https:\/\/amberbev.at\/de\/wp-json\/wp\/v2\/product_cat?post=3360"},{"taxonomy":"product_tag","embeddable":true,"href":"https:\/\/amberbev.at\/de\/wp-json\/wp\/v2\/product_tag?post=3360"}],"curies":[{"name":"wp","href":"https:\/\/api.w.org\/{rel}","templated":true}]}}