{"id":3364,"date":"2021-09-21T20:07:38","date_gmt":"2021-09-21T20:07:38","guid":{"rendered":"https:\/\/amberbev.at\/?post_type=product&#038;p=3364"},"modified":"2021-10-13T07:07:11","modified_gmt":"2021-10-13T07:07:11","slug":"speyburn-15yogb","status":"publish","type":"product","link":"https:\/\/amberbev.at\/de\/produkt\/whisky-bourbon-de\/scotch-single-malt\/speyburn-15yogb\/","title":{"rendered":"Speyburn 15YOGB"},"content":{"rendered":"<h2>Ein reicher, lebendiger Speyside-Dram.<\/h2>\n<p>Die Destillerie Speyburn baut auf sprichw\u00f6rtliche Tradition. Gebaut aus Bachsteinen des Flusses Spey liegt sie am idyllischen Granty Bach, wel- cher diesen Whiskys ihren erfrischenden Charakter gibt. Seit jeher ist diese Brennerei bekannt daf\u00fcr, den Instinkten zu folgen und einen individuellen Weg zu gehen. Gegr\u00fcndet wurde sie 1897 zu Ehren Queen Victorias 60. Thronjubil\u00e4ums. Speyburn ist wie der charmante Junge im Pub, der mit jedem kann. Er ist ein respektabler Vertrauter echter Whiskykenner und ein inspirierender Partner f\u00fcr Neueinsteiger.<\/p>\n<p>F\u00fcnfzehn Jahre Reifung in F\u00e4ssern aus amerikanischer und spanischer Eiche haben es diesem k\u00fchnen Whisky erm\u00f6glicht, die reichen, nat\u00fcrlichen Elemente der Speyside zu umarmen.<\/p>\n<p>Am Gaumen finden sich Noten von Orangen, Toffee, Vanille und Leder, alles umh\u00fcllt von einer sanften W\u00fcrze. Der lang anhaltende Abgang hat eine w\u00e4rmende W\u00fcrze, die s\u00fc\u00df und cremig ist.<\/p>\n","protected":false},"excerpt":{"rendered":"<p>Ein reicher, lebendiger Speyside-Dram. Die Destillerie Speyburn baut auf sprichw\u00f6rtliche Tradition. Gebaut aus Bachsteinen des Flusses Spey liegt sie am idyllischen Granty Bach, wel- cher diesen Whiskys ihren erfrischenden Charakter&#8230;<\/p>\n","protected":false},"featured_media":3368,"template":"","meta":{"_acf_changed":false,"inline_featured_image":false},"product_cat":[475,248],"product_tag":[],"class_list":{"0":"post-3364","1":"product","2":"type-product","3":"status-publish","4":"has-post-thumbnail","6":"product_brand-speyburn","7":"product_cat-scotch-single-malt","8":"product_cat-whisky-bourbon-de","10":"first","11":"instock","12":"shipping-taxable","13":"product-type-simple"},"acf":[],"_links":{"self":[{"href":"https:\/\/amberbev.at\/de\/wp-json\/wp\/v2\/product\/3364"}],"collection":[{"href":"https:\/\/amberbev.at\/de\/wp-json\/wp\/v2\/product"}],"about":[{"href":"https:\/\/amberbev.at\/de\/wp-json\/wp\/v2\/types\/product"}],"wp:featuredmedia":[{"embeddable":true,"href":"https:\/\/amberbev.at\/de\/wp-json\/wp\/v2\/media\/3368"}],"wp:attachment":[{"href":"https:\/\/amberbev.at\/de\/wp-json\/wp\/v2\/media?parent=3364"}],"wp:term":[{"taxonomy":"product_cat","embeddable":true,"href":"https:\/\/amberbev.at\/de\/wp-json\/wp\/v2\/product_cat?post=3364"},{"taxonomy":"product_tag","embeddable":true,"href":"https:\/\/amberbev.at\/de\/wp-json\/wp\/v2\/product_tag?post=3364"}],"curies":[{"name":"wp","href":"https:\/\/api.w.org\/{rel}","templated":true}]}}