{"id":3370,"date":"2021-09-21T20:08:42","date_gmt":"2021-09-21T20:08:42","guid":{"rendered":"https:\/\/amberbev.at\/?post_type=product&#038;p=3370"},"modified":"2021-10-13T07:08:49","modified_gmt":"2021-10-13T07:08:49","slug":"speyburn-18yogb","status":"publish","type":"product","link":"https:\/\/amberbev.at\/de\/produkt\/whisky-bourbon-de\/scotch-single-malt\/speyburn-18yogb\/","title":{"rendered":"Speyburn 18YOGB"},"content":{"rendered":"<h2>Vollmundiger Genuss mit einem charmanten, langen Abgang.<\/h2>\n<p>Die Destillerie Speyburn baut auf sprichw\u00f6rtliche Tradition. Gebaut aus Bachsteinen des Flusses Spey liegt sie am idyllischen Granty Bach, wel- cher diesen Whiskys ihren erfrischenden Charakter gibt. Seit jeher ist diese Brennerei bekannt daf\u00fcr, den Instinkten zu folgen und einen individuellen Weg zu gehen. Gegr\u00fcndet wurde sie 1897 zu Ehren Queen Victorias 60. Thronjubil\u00e4ums. Speyburn ist wie der charmante Junge im Pub, der mit jedem kann. Er ist ein respektabler Vertrauter echter Whiskykenner und ein inspirierender Partner f\u00fcr Neueinsteiger.<\/p>\n<p>Dieser herausragende Single Malt, der 18 Jahre lang in F\u00e4ssern aus amerikanischer und spanischer Eiche gereift ist, erweckt nicht nur die nat\u00fcrliche Lebendigkeit der Speyside zum Leben, sondern verk\u00f6rpert auch die Hingabe einer Brennerei an ihr Handwerk.<\/p>\n<p>Cremige Zartbitterschokolade, Toffee, eine sanfte Eichenw\u00fcrze und ein Hauch von Zitrusfr\u00fcchten machen den Weg frei f\u00fcr einen langen, leicht rauchigen Abgang mit einer verlockenden bitters\u00fc\u00dfen Note.<\/p>\n","protected":false},"excerpt":{"rendered":"<p>Vollmundiger Genuss mit einem charmanten, langen Abgang. Die Destillerie Speyburn baut auf sprichw\u00f6rtliche Tradition. Gebaut aus Bachsteinen des Flusses Spey liegt sie am idyllischen Granty Bach, wel- cher diesen Whiskys&#8230;<\/p>\n","protected":false},"featured_media":3374,"template":"","meta":{"_acf_changed":false,"inline_featured_image":false},"product_cat":[475,248],"product_tag":[],"class_list":{"0":"post-3370","1":"product","2":"type-product","3":"status-publish","4":"has-post-thumbnail","6":"product_brand-speyburn","7":"product_cat-scotch-single-malt","8":"product_cat-whisky-bourbon-de","10":"first","11":"instock","12":"shipping-taxable","13":"product-type-simple"},"acf":[],"_links":{"self":[{"href":"https:\/\/amberbev.at\/de\/wp-json\/wp\/v2\/product\/3370"}],"collection":[{"href":"https:\/\/amberbev.at\/de\/wp-json\/wp\/v2\/product"}],"about":[{"href":"https:\/\/amberbev.at\/de\/wp-json\/wp\/v2\/types\/product"}],"wp:featuredmedia":[{"embeddable":true,"href":"https:\/\/amberbev.at\/de\/wp-json\/wp\/v2\/media\/3374"}],"wp:attachment":[{"href":"https:\/\/amberbev.at\/de\/wp-json\/wp\/v2\/media?parent=3370"}],"wp:term":[{"taxonomy":"product_cat","embeddable":true,"href":"https:\/\/amberbev.at\/de\/wp-json\/wp\/v2\/product_cat?post=3370"},{"taxonomy":"product_tag","embeddable":true,"href":"https:\/\/amberbev.at\/de\/wp-json\/wp\/v2\/product_tag?post=3370"}],"curies":[{"name":"wp","href":"https:\/\/api.w.org\/{rel}","templated":true}]}}