{"id":3376,"date":"2021-09-21T20:12:24","date_gmt":"2021-09-21T20:12:24","guid":{"rendered":"https:\/\/amberbev.at\/?post_type=product&#038;p=3376"},"modified":"2021-10-13T07:11:59","modified_gmt":"2021-10-13T07:11:59","slug":"balblair-12yogb","status":"publish","type":"product","link":"https:\/\/amberbev.at\/de\/produkt\/whisky-bourbon-de\/scotch-single-malt\/balblair-12yogb\/","title":{"rendered":"Balblair 12YOGB"},"content":{"rendered":"<h2>True Highland Spirit<\/h2>\n<p>In der feinen Balance von Frucht, W\u00fcrze und S\u00fc\u00dfe verk\u00f6rpert Balblair 12 Year Old das sanfte Charisma der Highlands. Elegant und zug\u00e4nglich, ist dies der entscheidende Ausdruck der Balblair Distillery, auf den sich alle anderen beziehen.<\/p>\n<p>Farbe: Poliertes Gold<br \/>\nAroma: Elegante, leuchtende Zitronenschale, \u00fcberlagert von cremiger Vanille und knackigen gr\u00fcnen \u00c4pfeln<br \/>\nGaumen: Gemahlene Gew\u00fcrze und getrocknete Orangenscheiben, umh\u00fcllt von einer intensiven Honigs\u00fc\u00dfe<br \/>\nAbgang: Cremig und ledrig mit Noten von s\u00fc\u00dfer Vanille<\/p>\n<div id=\"gtx-trans\" style=\"position: absolute; left: -97px; top: 0px;\">\n<div class=\"gtx-trans-icon\"><\/div>\n<\/div>\n","protected":false},"excerpt":{"rendered":"<p>True Highland Spirit In der feinen Balance von Frucht, W\u00fcrze und S\u00fc\u00dfe verk\u00f6rpert Balblair 12 Year Old das sanfte Charisma der Highlands. Elegant und zug\u00e4nglich, ist dies der entscheidende Ausdruck&#8230;<\/p>\n","protected":false},"featured_media":3380,"template":"","meta":{"_acf_changed":false,"inline_featured_image":false},"product_cat":[475,248],"product_tag":[],"class_list":{"0":"post-3376","1":"product","2":"type-product","3":"status-publish","4":"has-post-thumbnail","6":"product_brand-balblair","7":"product_cat-scotch-single-malt","8":"product_cat-whisky-bourbon-de","10":"first","11":"instock","12":"shipping-taxable","13":"product-type-simple"},"acf":[],"_links":{"self":[{"href":"https:\/\/amberbev.at\/de\/wp-json\/wp\/v2\/product\/3376"}],"collection":[{"href":"https:\/\/amberbev.at\/de\/wp-json\/wp\/v2\/product"}],"about":[{"href":"https:\/\/amberbev.at\/de\/wp-json\/wp\/v2\/types\/product"}],"wp:featuredmedia":[{"embeddable":true,"href":"https:\/\/amberbev.at\/de\/wp-json\/wp\/v2\/media\/3380"}],"wp:attachment":[{"href":"https:\/\/amberbev.at\/de\/wp-json\/wp\/v2\/media?parent=3376"}],"wp:term":[{"taxonomy":"product_cat","embeddable":true,"href":"https:\/\/amberbev.at\/de\/wp-json\/wp\/v2\/product_cat?post=3376"},{"taxonomy":"product_tag","embeddable":true,"href":"https:\/\/amberbev.at\/de\/wp-json\/wp\/v2\/product_tag?post=3376"}],"curies":[{"name":"wp","href":"https:\/\/api.w.org\/{rel}","templated":true}]}}