{"id":3388,"date":"2021-09-21T20:13:35","date_gmt":"2021-09-21T20:13:35","guid":{"rendered":"https:\/\/amberbev.at\/?post_type=product&#038;p=3388"},"modified":"2021-10-13T07:16:08","modified_gmt":"2021-10-13T07:16:08","slug":"balblair-18yogb","status":"publish","type":"product","link":"https:\/\/amberbev.at\/de\/produkt\/whisky-bourbon-de\/scotch-single-malt\/balblair-18yogb\/","title":{"rendered":"Balblair 18YOGB"},"content":{"rendered":"<h2>True Highland Spirit<\/h2>\n<p>Selten finden Sie eine Brennerei in einer landschaftlich reizvolleren und unber\u00fchrteren Umgebung, in Ufern\u00e4he des wundersch\u00f6nen Dornoch- Firth im Schatten des Struie Hill. F\u00fcr viele sind die Highlands ein Synonym f\u00fcr Schottland. Ein Ort der Geschichte, der abgelegenen Sch\u00f6nheit und des Charakters. Balblair spiegelt diesen Ort und die Menschen wi- der, die seit Generationen hier sind.<br \/>\nEin Single Malt in ausgewogener Harmonie mit einem au\u00dfergew\u00f6hnlich sanften Geschmack \u2013 und genau dieser unverwechselbare Charakter ist es, der die Menschen dahinter antreibt Qualit\u00e4t zu produzieren, nicht Quantit\u00e4t. Ohne Eile, unkompliziert und Kompromisslos.<\/p>\n<p>Dieser Late-Night-Ausdruck ist reichhaltig und herbstlich, entwickelt und verst\u00e4rkt zu unerwarteten H\u00f6hen, w\u00e4hrend er perfekt ausgeglichen und eng mit dem hellen und fruchtigen Charakter der Brennerei verbunden bleibt.<\/p>\n<p>Farbe: Ge\u00f6ltes Zedernholz<br \/>\nAroma: Reichhaltiges Toffee und gebackene Birnen leuchten hell vor einem eleganten Hintergrund aus neuem Leder<br \/>\nGaumen: Eine meisterhafte Balance aus saftigen Aprikosen, gew\u00fcrzter Eiche und Vanillepudding<br \/>\nAbgang: Lang und w\u00e4rmend mit Akkorden von frischen Gew\u00fcrzen und Rosinen<\/p>\n<div id=\"gtx-trans\" style=\"position: absolute; left: -97px; top: 0px;\">\n<div class=\"gtx-trans-icon\"><\/div>\n<\/div>\n","protected":false},"excerpt":{"rendered":"<p>True Highland Spirit Selten finden Sie eine Brennerei in einer landschaftlich reizvolleren und unber\u00fchrteren Umgebung, in Ufern\u00e4he des wundersch\u00f6nen Dornoch- Firth im Schatten des Struie Hill. F\u00fcr viele sind die&#8230;<\/p>\n","protected":false},"featured_media":3390,"template":"","meta":{"_acf_changed":false,"inline_featured_image":false},"product_cat":[475,248],"product_tag":[],"class_list":{"0":"post-3388","1":"product","2":"type-product","3":"status-publish","4":"has-post-thumbnail","6":"product_brand-balblair","7":"product_cat-scotch-single-malt","8":"product_cat-whisky-bourbon-de","10":"first","11":"instock","12":"shipping-taxable","13":"product-type-simple"},"acf":[],"_links":{"self":[{"href":"https:\/\/amberbev.at\/de\/wp-json\/wp\/v2\/product\/3388"}],"collection":[{"href":"https:\/\/amberbev.at\/de\/wp-json\/wp\/v2\/product"}],"about":[{"href":"https:\/\/amberbev.at\/de\/wp-json\/wp\/v2\/types\/product"}],"wp:featuredmedia":[{"embeddable":true,"href":"https:\/\/amberbev.at\/de\/wp-json\/wp\/v2\/media\/3390"}],"wp:attachment":[{"href":"https:\/\/amberbev.at\/de\/wp-json\/wp\/v2\/media?parent=3388"}],"wp:term":[{"taxonomy":"product_cat","embeddable":true,"href":"https:\/\/amberbev.at\/de\/wp-json\/wp\/v2\/product_cat?post=3388"},{"taxonomy":"product_tag","embeddable":true,"href":"https:\/\/amberbev.at\/de\/wp-json\/wp\/v2\/product_tag?post=3388"}],"curies":[{"name":"wp","href":"https:\/\/api.w.org\/{rel}","templated":true}]}}