{"id":3399,"date":"2021-09-21T20:17:35","date_gmt":"2021-09-21T20:17:35","guid":{"rendered":"https:\/\/amberbev.at\/?post_type=product&#038;p=3399"},"modified":"2021-10-13T07:20:38","modified_gmt":"2021-10-13T07:20:38","slug":"ancnoc-12yogb","status":"publish","type":"product","link":"https:\/\/amberbev.at\/de\/produkt\/whisky-bourbon-de\/scotch-single-malt\/ancnoc-12yogb\/","title":{"rendered":"AnCnoc 12YOGB"},"content":{"rendered":"<h2>A modern Tradition<\/h2>\n<p>AnCnoc (sprich: annok) ist G\u00e4lisch und hei\u00dft so viel wie \u201eein H\u00fcgel\u201c. Das Ungew\u00f6hnliche an diesem Whisky aus den \u00f6stlichen Highlands (an der Grenze zur Speyside) ist, dass er nicht mehr den Namen seiner Brennerei tr\u00e4gt, was sonst eine selbstverst\u00e4ndliche Tradition f\u00fcr schottische Whisky-Destillerien ist. Seit 1993 wird der Single Malt der Knock- dhu-Brennerei unter dem Namen AnCnoc abgef\u00fcllt, angeblich wegen einer Abmachung mit den Besitzern der Knockando-Destillerie, die da- mit Verwechslungen mit ihrem eigenen Malt verhindern wollten. AnCnoc nimmt sich selbst nicht so wichtig. Er ist ein perfekter Whisky f\u00fcr Ein- steiger. Gewitzt, intelligent, stylisch. Klassisch und doch traditionell. Er schmeckt leicht, ohne dabei auf Facettenreichtum zu verzichten. Ein moderner Whisky, der in aller Ruhe reift. Ganz traditionell.<\/p>\n<p>Der anCnoc 12 Jahre alt ist auf der ganzen Welt bekannt. Er ist bekannt als ein Muss in der Sammlung eines jeden Whiskytrinkers, denn er ist leicht und doch komplex. Weich und doch herausfordernd. Und jede Drehung und Wendung sorgt f\u00fcr eine \u00dcberraschung. In der Tat ist dies ein Dram, der f\u00fcr jeden etwas zu bieten hat.<\/p>\n<p>Die Farbe: Sanfter Bernstein mit einem leichten Gelbton.<br \/>\nNase: Weich, sehr aromatisch mit einem Hauch von Honig und Zitrone im Vordergrund.<br \/>\nGeschmack: Zu Beginn s\u00fc\u00df mit einer appetitlichen Fruchtigkeit und einem langen, weichen Abgang. Leicht und doch komplex, sanft und doch herausfordernd. Dies ist ein Dram, der f\u00fcr jeden etwas zu bieten hat.<\/p>\n<div id=\"gtx-trans\" style=\"position: absolute; left: -58px; top: 0px;\">\n<div class=\"gtx-trans-icon\"><\/div>\n<\/div>\n","protected":false},"excerpt":{"rendered":"<p>A modern Tradition AnCnoc (sprich: annok) ist G\u00e4lisch und hei\u00dft so viel wie \u201eein H\u00fcgel\u201c. Das Ungew\u00f6hnliche an diesem Whisky aus den \u00f6stlichen Highlands (an der Grenze zur Speyside) ist,&#8230;<\/p>\n","protected":false},"featured_media":3400,"template":"","meta":{"_acf_changed":false,"inline_featured_image":false},"product_cat":[475,248],"product_tag":[],"class_list":{"0":"post-3399","1":"product","2":"type-product","3":"status-publish","4":"has-post-thumbnail","6":"product_brand-ancnoc","7":"product_cat-scotch-single-malt","8":"product_cat-whisky-bourbon-de","10":"first","11":"instock","12":"shipping-taxable","13":"product-type-simple"},"acf":[],"_links":{"self":[{"href":"https:\/\/amberbev.at\/de\/wp-json\/wp\/v2\/product\/3399"}],"collection":[{"href":"https:\/\/amberbev.at\/de\/wp-json\/wp\/v2\/product"}],"about":[{"href":"https:\/\/amberbev.at\/de\/wp-json\/wp\/v2\/types\/product"}],"wp:featuredmedia":[{"embeddable":true,"href":"https:\/\/amberbev.at\/de\/wp-json\/wp\/v2\/media\/3400"}],"wp:attachment":[{"href":"https:\/\/amberbev.at\/de\/wp-json\/wp\/v2\/media?parent=3399"}],"wp:term":[{"taxonomy":"product_cat","embeddable":true,"href":"https:\/\/amberbev.at\/de\/wp-json\/wp\/v2\/product_cat?post=3399"},{"taxonomy":"product_tag","embeddable":true,"href":"https:\/\/amberbev.at\/de\/wp-json\/wp\/v2\/product_tag?post=3399"}],"curies":[{"name":"wp","href":"https:\/\/api.w.org\/{rel}","templated":true}]}}