{"id":3404,"date":"2021-09-21T20:17:49","date_gmt":"2021-09-21T20:17:49","guid":{"rendered":"https:\/\/amberbev.at\/?post_type=product&#038;p=3404"},"modified":"2021-10-13T07:28:19","modified_gmt":"2021-10-13T07:28:19","slug":"ancnoc-peatheart-gb","status":"publish","type":"product","link":"https:\/\/amberbev.at\/de\/produkt\/whisky-bourbon-de\/scotch-single-malt\/ancnoc-peatheart-gb\/","title":{"rendered":"AnCnoc Peatheart GB"},"content":{"rendered":"<h2>A modern Tradition<\/h2>\n<p>Das Herz der Moorgebiete liegt im Norden und Westen des schottischen Hochlands. Abgeschieden und abgelegen, aber voller ikonischer Wildtiere, beherrscht diese Umgebung die Landschaft und liefert einen wertvollen Brennstoff f\u00fcr den Whisky-Herstellungsprozess.<\/p>\n<p>Unsere 1894 gegr\u00fcndete Brennerei Knockdhu ist eine der reizvollsten in den schottischen Highlands und verf\u00fcgt \u00fcber eine F\u00fclle nat\u00fcrlicher Ressourcen, die sich perfekt f\u00fcr die Herstellung von Whisky eignen. Knockdhu liegt direkt unterhalb des Knock Hill &#8211; der Heimat reiner, klarer Wasserquellen &#8211; und befindet sich vor den Toren einer Region, die reich an Gerste und Torf ist.<\/p>\n<p>Torf, eine nat\u00fcrliche Ressource, wurde in der Vergangenheit als Brennstoff zum Befeuern der Brennerei und zum Trocknen der Gerste f\u00fcr die Destillation von Whisky verwendet. Der Torf wird traditionell von Hand mit verschiedenen traditionellen Schneidwerkzeugen gestochen.<\/p>\n<p>Der Torfgehalt l\u00e4sst sich durch die Menge des verbrannten Torfs und die Feuchtigkeit der Gerste steuern. Der Torfrauch erzeugt Phenole, und anhand des Phenolgehalts l\u00e4sst sich die Torfigkeit&#8221; eines Whiskys messen. Der Phenolgehalt wird in PPM (parts per million) angegeben, und um die Konsistenz zu gew\u00e4hrleisten, verwendet Peatheart Gerste, die von unserem Master Blender spezifiziert und auf 40 PPM gem\u00e4lzt wurde.<\/p>\n<p>Farbe: helles Gold<br \/>\nNase: Unaufdringlicher Torfrauch und Barbecue, ausgeglichen durch reife Ananas, Birnen und einen dunklen, reichen Ton von gebackenen Toffee-\u00c4pfeln. Subtile Vanille und ein Hauch von frischer Zitronenschale verleihen der Komposition Leichtigkeit und Eleganz.<br \/>\nGeschmack: Strukturiert und voll, mit reichem Rauch im Gleichgewicht mit saftigen Gummib\u00e4rchen und der leichten, sprudelnden S\u00fc\u00dfe von gesponnenem Zucker. Untert\u00f6ne von Heu und Karamell verleihen ihm ein k\u00f6stliches Gewicht. Der Abgang ist lang und zunehmend, deutlich w\u00fcrzig und s\u00fc\u00df mit einem w\u00e4rmenden, rauchigen Finale.<\/p>\n<div id=\"gtx-trans\" style=\"position: absolute; left: -58px; top: 0px;\">\n<div class=\"gtx-trans-icon\"><\/div>\n<\/div>\n","protected":false},"excerpt":{"rendered":"<p>A modern Tradition Das Herz der Moorgebiete liegt im Norden und Westen des schottischen Hochlands. Abgeschieden und abgelegen, aber voller ikonischer Wildtiere, beherrscht diese Umgebung die Landschaft und liefert einen&#8230;<\/p>\n","protected":false},"featured_media":3406,"template":"","meta":{"_acf_changed":false,"inline_featured_image":false},"product_cat":[475,248],"product_tag":[],"class_list":{"0":"post-3404","1":"product","2":"type-product","3":"status-publish","4":"has-post-thumbnail","6":"product_brand-ancnoc","7":"product_cat-scotch-single-malt","8":"product_cat-whisky-bourbon-de","10":"first","11":"instock","12":"shipping-taxable","13":"product-type-simple"},"acf":[],"_links":{"self":[{"href":"https:\/\/amberbev.at\/de\/wp-json\/wp\/v2\/product\/3404"}],"collection":[{"href":"https:\/\/amberbev.at\/de\/wp-json\/wp\/v2\/product"}],"about":[{"href":"https:\/\/amberbev.at\/de\/wp-json\/wp\/v2\/types\/product"}],"wp:featuredmedia":[{"embeddable":true,"href":"https:\/\/amberbev.at\/de\/wp-json\/wp\/v2\/media\/3406"}],"wp:attachment":[{"href":"https:\/\/amberbev.at\/de\/wp-json\/wp\/v2\/media?parent=3404"}],"wp:term":[{"taxonomy":"product_cat","embeddable":true,"href":"https:\/\/amberbev.at\/de\/wp-json\/wp\/v2\/product_cat?post=3404"},{"taxonomy":"product_tag","embeddable":true,"href":"https:\/\/amberbev.at\/de\/wp-json\/wp\/v2\/product_tag?post=3404"}],"curies":[{"name":"wp","href":"https:\/\/api.w.org\/{rel}","templated":true}]}}