{"id":3408,"date":"2021-09-21T20:18:47","date_gmt":"2021-09-21T20:18:47","guid":{"rendered":"https:\/\/amberbev.at\/?post_type=product&#038;p=3408"},"modified":"2021-10-13T07:22:54","modified_gmt":"2021-10-13T07:22:54","slug":"ancnoc-18yogb","status":"publish","type":"product","link":"https:\/\/amberbev.at\/de\/produkt\/whisky-bourbon-de\/scotch-single-malt\/ancnoc-18yogb\/","title":{"rendered":"AnCnoc 18YOGB"},"content":{"rendered":"<h2>A modern Tradition<\/h2>\n<p>AnCnoc (sprich: annok) ist G\u00e4lisch und hei\u00dft so viel wie \u201eein H\u00fcgel\u201c. Das Ungew\u00f6hnliche an diesem Whisky aus den \u00f6stlichen Highlands (an der Grenze zur Speyside) ist, dass er nicht mehr den Namen seiner Brennerei tr\u00e4gt, was sonst eine selbstverst\u00e4ndliche Tradition f\u00fcr schottische Whisky-Destillerien ist. Seit 1993 wird der Single Malt der Knock- dhu-Brennerei unter dem Namen AnCnoc abgef\u00fcllt, angeblich wegen einer Abmachung mit den Besitzern der Knockando-Destillerie, die da- mit Verwechslungen mit ihrem eigenen Malt verhindern wollten. AnCnoc nimmt sich selbst nicht so wichtig. Er ist ein perfekter Whisky f\u00fcr Einsteiger. Gewitzt, intelligent, stylisch. Klassisch und doch traditionell. Er schmeckt leicht, ohne dabei auf Facettenreichtum zu verzichten. Ein moderner Whisky, der in aller Ruhe reift. Ganz traditionell.<\/p>\n<p>Der anCnoc 18 Year Old reifte in Ex-Sherry-F\u00e4ssern aus spanischer Eiche und Ex-Bourbon-F\u00e4ssern aus amerikanischer Eiche und wurde in seiner nat\u00fcrlichsten Form abgef\u00fcllt, weder k\u00e4ltegefiltert noch gef\u00e4rbt. Daher kann dieser Dram bei Zugabe von Wasser oder bei kalter Lagerung eine leichte Tr\u00fcbung entwickeln. Diese Tr\u00fcbung ist eine nat\u00fcrliche Eigenschaft von Whisky, der nicht k\u00fchlgefiltert wurde.<\/p>\n<p>Farbe: br\u00e4unlicher Bernstein<br \/>\nNase: Sanfte Gew\u00fcrze und intensive S\u00fc\u00dfe von Trockenfr\u00fcchten werden von Schokolade, reifen Orangen und ge\u00f6ltem Leder gekr\u00f6nt.<br \/>\nGeschmack: Vollmundig und kr\u00e4ftig, mit aromatischen Gew\u00fcrzen, Fr\u00fcchtebrot und kandierter Zitrone, gefolgt von einem Hauch von Vanille, Honig und Karamell. Der Abgang geht von pfeffrig und scharf in k\u00f6stlich s\u00fc\u00df und weich \u00fcber.<\/p>\n<div id=\"gtx-trans\" style=\"position: absolute; left: -58px; top: 0px;\">\n<div class=\"gtx-trans-icon\"><\/div>\n<\/div>\n","protected":false},"excerpt":{"rendered":"<p>A modern Tradition AnCnoc (sprich: annok) ist G\u00e4lisch und hei\u00dft so viel wie \u201eein H\u00fcgel\u201c. Das Ungew\u00f6hnliche an diesem Whisky aus den \u00f6stlichen Highlands (an der Grenze zur Speyside) ist,&#8230;<\/p>\n","protected":false},"featured_media":3410,"template":"","meta":{"_acf_changed":false,"inline_featured_image":false},"product_cat":[475,248],"product_tag":[],"class_list":{"0":"post-3408","1":"product","2":"type-product","3":"status-publish","4":"has-post-thumbnail","6":"product_brand-ancnoc","7":"product_cat-scotch-single-malt","8":"product_cat-whisky-bourbon-de","10":"first","11":"instock","12":"shipping-taxable","13":"product-type-simple"},"acf":[],"_links":{"self":[{"href":"https:\/\/amberbev.at\/de\/wp-json\/wp\/v2\/product\/3408"}],"collection":[{"href":"https:\/\/amberbev.at\/de\/wp-json\/wp\/v2\/product"}],"about":[{"href":"https:\/\/amberbev.at\/de\/wp-json\/wp\/v2\/types\/product"}],"wp:featuredmedia":[{"embeddable":true,"href":"https:\/\/amberbev.at\/de\/wp-json\/wp\/v2\/media\/3410"}],"wp:attachment":[{"href":"https:\/\/amberbev.at\/de\/wp-json\/wp\/v2\/media?parent=3408"}],"wp:term":[{"taxonomy":"product_cat","embeddable":true,"href":"https:\/\/amberbev.at\/de\/wp-json\/wp\/v2\/product_cat?post=3408"},{"taxonomy":"product_tag","embeddable":true,"href":"https:\/\/amberbev.at\/de\/wp-json\/wp\/v2\/product_tag?post=3408"}],"curies":[{"name":"wp","href":"https:\/\/api.w.org\/{rel}","templated":true}]}}