{"id":3414,"date":"2021-09-21T20:20:28","date_gmt":"2021-09-21T20:20:28","guid":{"rendered":"https:\/\/amberbev.at\/?post_type=product&#038;p=3414"},"modified":"2021-10-13T07:24:22","modified_gmt":"2021-10-13T07:24:22","slug":"ancnoc-24yogb","status":"publish","type":"product","link":"https:\/\/amberbev.at\/de\/produkt\/whisky-bourbon-de\/scotch-single-malt\/ancnoc-24yogb\/","title":{"rendered":"AnCnoc 24YOGB"},"content":{"rendered":"<h2>A modern Tradition<\/h2>\n<p>Eine Brennerei wie keine andere, in der traditionelle Produktionsmethoden angewandt werden, um einen merkw\u00fcrdig modernen Single Malt herzustellen. Mit dem stolzen Namen anCnoc, was auf G\u00e4lisch einfach &#8220;der H\u00fcgel&#8221; bedeutet, feiert jeder Tropfen dieses bemerkenswerten schottischen Whiskys seine Heimat in den Highlands, sein reiches Erbe und den Geist der modernen Tradition.<\/p>\n<p>anCnoc 24 Years Old wurde in seiner nat\u00fcrlichsten Form abgef\u00fcllt &#8211; weder k\u00e4ltegefiltert noch gef\u00e4rbt, und kann daher bei Zugabe von Wasser oder bei kalter Lagerung eine leichte Tr\u00fcbung entwickeln. Diese Tr\u00fcbung ist eine nat\u00fcrliche Eigenschaft von Whisky, der nicht k\u00fchlgefiltert wurde.<\/p>\n<p>Farbe: klassischer Bernstein<br \/>\nGeruch: Dicht, s\u00fc\u00df und w\u00fcrzig mit einer gem\u00fctlichen Umarmung von Weihnachtskuchen. Reichhaltig und doch knackig mit Noten von Vanille, Toffee und Zitronensaft.<br \/>\nGeschmack: Die W\u00fcrzigkeit setzt sich mit Noten von kandierten Orangenscheiben, warmem Honig und abgenutztem Leder fort und f\u00fcllt den Mund mit einer Symphonie der Reife.<\/p>\n<div id=\"gtx-trans\" style=\"position: absolute; left: -58px; top: 0px;\">\n<div class=\"gtx-trans-icon\"><\/div>\n<\/div>\n","protected":false},"excerpt":{"rendered":"<p>A modern Tradition Eine Brennerei wie keine andere, in der traditionelle Produktionsmethoden angewandt werden, um einen merkw\u00fcrdig modernen Single Malt herzustellen. Mit dem stolzen Namen anCnoc, was auf G\u00e4lisch einfach&#8230;<\/p>\n","protected":false},"featured_media":3417,"template":"","meta":{"_acf_changed":false,"inline_featured_image":false},"product_cat":[475,248],"product_tag":[],"class_list":{"0":"post-3414","1":"product","2":"type-product","3":"status-publish","4":"has-post-thumbnail","6":"product_brand-ancnoc","7":"product_cat-scotch-single-malt","8":"product_cat-whisky-bourbon-de","10":"first","11":"instock","12":"shipping-taxable","13":"product-type-simple"},"acf":[],"_links":{"self":[{"href":"https:\/\/amberbev.at\/de\/wp-json\/wp\/v2\/product\/3414"}],"collection":[{"href":"https:\/\/amberbev.at\/de\/wp-json\/wp\/v2\/product"}],"about":[{"href":"https:\/\/amberbev.at\/de\/wp-json\/wp\/v2\/types\/product"}],"wp:featuredmedia":[{"embeddable":true,"href":"https:\/\/amberbev.at\/de\/wp-json\/wp\/v2\/media\/3417"}],"wp:attachment":[{"href":"https:\/\/amberbev.at\/de\/wp-json\/wp\/v2\/media?parent=3414"}],"wp:term":[{"taxonomy":"product_cat","embeddable":true,"href":"https:\/\/amberbev.at\/de\/wp-json\/wp\/v2\/product_cat?post=3414"},{"taxonomy":"product_tag","embeddable":true,"href":"https:\/\/amberbev.at\/de\/wp-json\/wp\/v2\/product_tag?post=3414"}],"curies":[{"name":"wp","href":"https:\/\/api.w.org\/{rel}","templated":true}]}}