{"id":3420,"date":"2021-09-21T20:21:18","date_gmt":"2021-09-21T20:21:18","guid":{"rendered":"https:\/\/amberbev.at\/?post_type=product&#038;p=3420"},"modified":"2021-10-13T07:26:50","modified_gmt":"2021-10-13T07:26:50","slug":"ancnoc-35yogb","status":"publish","type":"product","link":"https:\/\/amberbev.at\/de\/produkt\/whisky-bourbon-de\/scotch-single-malt\/ancnoc-35yogb\/","title":{"rendered":"AnCnoc 35YOGB"},"content":{"rendered":"<h2>A modern Tradition<\/h2>\n<p>anCnoc ist ein recht kurioser Whisky. Er stammt aus der Knockdhu Distillery in den schottischen Highlands, einem Ort, an dem traditionelle Produktionsmethoden angewandt werden, um einen erfrischend modernen, leichten und eleganten Single Malt herzustellen.<\/p>\n<p>Doch mit der Zeit, und zwar \u00fcber drei Jahrzehnte lang, wird dieser knackig-frische Whisky \u00fcppig und komplex und strotzt vor Pers\u00f6nlichkeit.<\/p>\n<p>Gef\u00fcllt mit unserem charismatischen Geist aus der Zeit, als Schlaghosen der letzte Schrei waren, reiften handverlesene F\u00e4sser aus amerikanischer Eiche in aller Ruhe in unseren Lagerh\u00e4usern, um uns schlie\u00dflich einen Whisky zu bescheren, der seinesgleichen sucht. Reichhaltig und opulent, aber mit genau der Lebendigkeit und Ausgewogenheit, die Sie von anCnoc, dem Single Malt der modernen Tradition, erwarten. Die Familien\u00e4hnlichkeit zu unseren j\u00fcngeren Abf\u00fcllungen ist ungebrochen, der Charakter der Brennerei leuchtet heller als je zuvor.<\/p>\n<p>Farbe: baltischer Bernstein<br \/>\nNase: Auf die Kopfnoten von Zitronenquark, gr\u00fcnen \u00c4pfeln und Schnittblumen folgt eine st\u00e4rkere Honigs\u00fc\u00dfe, cremiges Toffee, Leder, Gew\u00fcrze und ein angenehmer Hauch von w\u00e4rmendem Holzrauch, was eine duftende und reichhaltige Nase ergibt.<br \/>\nGeschmack: \u00d6lig und vollmundig. Am Gaumen sind Honig und frische Vanille fest verankert, wobei sich Gew\u00fcrze und wieder eine leichte Rauchnote einweben. Der Abgang ist lang und lohnend, mit einem Hauch von gemahlenen Gew\u00fcrzen und Karamells\u00fc\u00dfe.<\/p>\n<div id=\"gtx-trans\" style=\"position: absolute; left: -58px; top: 0px;\">\n<div class=\"gtx-trans-icon\"><\/div>\n<\/div>\n","protected":false},"excerpt":{"rendered":"<p>A modern Tradition anCnoc ist ein recht kurioser Whisky. Er stammt aus der Knockdhu Distillery in den schottischen Highlands, einem Ort, an dem traditionelle Produktionsmethoden angewandt werden, um einen erfrischend&#8230;<\/p>\n","protected":false},"featured_media":3422,"template":"","meta":{"_acf_changed":false,"inline_featured_image":false},"product_cat":[475,248],"product_tag":[],"class_list":{"0":"post-3420","1":"product","2":"type-product","3":"status-publish","4":"has-post-thumbnail","6":"product_brand-ancnoc","7":"product_cat-scotch-single-malt","8":"product_cat-whisky-bourbon-de","10":"first","11":"instock","12":"shipping-taxable","13":"product-type-simple"},"acf":[],"_links":{"self":[{"href":"https:\/\/amberbev.at\/de\/wp-json\/wp\/v2\/product\/3420"}],"collection":[{"href":"https:\/\/amberbev.at\/de\/wp-json\/wp\/v2\/product"}],"about":[{"href":"https:\/\/amberbev.at\/de\/wp-json\/wp\/v2\/types\/product"}],"wp:featuredmedia":[{"embeddable":true,"href":"https:\/\/amberbev.at\/de\/wp-json\/wp\/v2\/media\/3422"}],"wp:attachment":[{"href":"https:\/\/amberbev.at\/de\/wp-json\/wp\/v2\/media?parent=3420"}],"wp:term":[{"taxonomy":"product_cat","embeddable":true,"href":"https:\/\/amberbev.at\/de\/wp-json\/wp\/v2\/product_cat?post=3420"},{"taxonomy":"product_tag","embeddable":true,"href":"https:\/\/amberbev.at\/de\/wp-json\/wp\/v2\/product_tag?post=3420"}],"curies":[{"name":"wp","href":"https:\/\/api.w.org\/{rel}","templated":true}]}}