{"id":3512,"date":"2021-06-07T09:41:42","date_gmt":"2021-06-07T09:41:42","guid":{"rendered":"https:\/\/amberbev.at\/?post_type=product&#038;p=3512"},"modified":"2022-03-22T10:46:24","modified_gmt":"2022-03-22T10:46:24","slug":"elit-vodka","status":"publish","type":"product","link":"https:\/\/amberbev.at\/de\/produkt\/vodka-de\/elit-vodka\/","title":{"rendered":"ELIT\u00ae Ultra Luxury Vodka"},"content":{"rendered":"<p><strong>Ultra Luxury Vodka &#8211; AUS LETTLAND<\/strong><\/p>\n<p>Elit Vodka wurde 2003 kreiert, um dem Ruf nach einem hochwertigen Vodka, reich an Geschmack und Reinheit, nachzukommen. Der Vodka wird durch feinsten Quarzsand und Birkenholzkohle filtriert. Um die Perfektion zu gew\u00e4hrleisten, durchl\u00e4uft er dann die einzigartige Gefrierfiltration bei -18\u00b0. Inspiriert von der alten russischen Tradition die F\u00e4sser bei klirrender K\u00e4lte im Freien zu lagern, wird dabei die Fl\u00fcssigkeit auf exakt -18 Grad Celsius abgek\u00fchlt; bei dieser Temperatur ver\u00e4ndert die Fl\u00fcssigkeit ihre Viskosit\u00e4t. Diese dadurch gewonnene Reinheit von Elit Vodka l\u00e4sst die Subtilit\u00e4t und Komplexit\u00e4t von Aroma und Geschmack in den Vordergrund treten. Produziert und abgef\u00fcllt wird der ultra luxury Vodka in Riga, LETTLAND.<\/p>\n<p>Mit einem PLATINUM-Score von 97 Punkten des \u201eBeverage Testing Institute\u201c ist Elit nicht umsonst einer der am h\u00f6chst bewerteten Vodka und wei\u00dfen Spirituosen der Welt.<\/p>\n<div id=\"gtx-trans\" style=\"position: absolute; left: -53px; top: 0px;\">\n<div class=\"gtx-trans-icon\"><\/div>\n<\/div>\n","protected":false},"excerpt":{"rendered":"<p>Ultra Luxury Vodka &#8211; AUS LETTLAND Elit Vodka wurde 2003 kreiert, um dem Ruf nach einem hochwertigen Vodka, reich an Geschmack und Reinheit, nachzukommen. Der Vodka wird durch feinsten Quarzsand&#8230;<\/p>\n","protected":false},"featured_media":5498,"template":"","meta":{"_acf_changed":false,"inline_featured_image":false},"product_cat":[249],"product_tag":[],"class_list":{"0":"post-3512","1":"product","2":"type-product","3":"status-publish","4":"has-post-thumbnail","6":"product_brand-elit-vodka","7":"product_cat-vodka-de","9":"first","10":"instock","11":"shipping-taxable","12":"product-type-variable","13":"has-default-attributes"},"acf":[],"_links":{"self":[{"href":"https:\/\/amberbev.at\/de\/wp-json\/wp\/v2\/product\/3512"}],"collection":[{"href":"https:\/\/amberbev.at\/de\/wp-json\/wp\/v2\/product"}],"about":[{"href":"https:\/\/amberbev.at\/de\/wp-json\/wp\/v2\/types\/product"}],"wp:featuredmedia":[{"embeddable":true,"href":"https:\/\/amberbev.at\/de\/wp-json\/wp\/v2\/media\/5498"}],"wp:attachment":[{"href":"https:\/\/amberbev.at\/de\/wp-json\/wp\/v2\/media?parent=3512"}],"wp:term":[{"taxonomy":"product_cat","embeddable":true,"href":"https:\/\/amberbev.at\/de\/wp-json\/wp\/v2\/product_cat?post=3512"},{"taxonomy":"product_tag","embeddable":true,"href":"https:\/\/amberbev.at\/de\/wp-json\/wp\/v2\/product_tag?post=3512"}],"curies":[{"name":"wp","href":"https:\/\/api.w.org\/{rel}","templated":true}]}}