{"id":3551,"date":"2021-09-22T12:32:00","date_gmt":"2021-09-22T12:32:00","guid":{"rendered":"https:\/\/amberbev.at\/?post_type=product&#038;p=3551"},"modified":"2021-11-17T09:42:45","modified_gmt":"2021-11-17T09:42:45","slug":"rooster-rojo-tequila-reposado-100-agave","status":"publish","type":"product","link":"https:\/\/amberbev.at\/de\/produkt\/tequila-mezcal-de\/rooster-rojo-tequila-reposado-100-agave\/","title":{"rendered":"Rooster Rojo Tequila Reposado (100% Agave)"},"content":{"rendered":"<h2>The true spirit of Mexico<\/h2>\n<p>Am Fu\u00dfe des Tequila-Vulkans, in der mexikanischen Stadt Tequila, finden Sie die Fabrica de Tequilas Finos. Jeder einzelne Schritt des Tequila-Herstellungsprozesses bis hin zur Abf\u00fcllung, wird auf traditionelle Weise und mit viel Leidenschaft und Handwerkskunst von Brennmeister Arturo Fuentes Cortes dort gemacht. F\u00fcr die Herstellung verwendet wird hierf\u00fcr 100% Blue Agave sowie durch mexikanisches Silber gefiltertes Wasser, was dem Endprodukt mehr Komplexit\u00e4t, Weichheit und insgesamt einen sanfteren Geschmack verleiht.<\/p>\n<p>Die Form der Flasche ist vom Tequila-Vulkan inspiriert, der von der Brennerei aus in seiner ganzen Pracht zu sehen ist. Rooster Rojo zu Deutsch \u201eRoter Hahn\u201c \u2013 ist ein bekanntes Symbol in Mexiko und ein Zeichen der Sonne, welches seit Hunderten von Jahren in der mexikanischen Kultur pr\u00e4sent ist.<\/p>\n<p>Mindestens zwei Monate in franz\u00f6sischen Eichenf\u00e4ssern gereift, um ihm einen leichten Eichengeschmack zu verleihen.\u00a0<strong>100 % Agave.<\/strong><\/p>\n<p>Aroma: leicht eichenartig, reife Fr\u00fcchte, gekochte Agave<br \/>\nGeschmack: Vanille, Karamell, gekochte Agave<br \/>\nAbgang: seidig, warm, reichhaltig, mittellang<\/p>\n<div id=\"gtx-trans\" style=\"position: absolute; left: -113px; top: 0px;\">\n<div class=\"gtx-trans-icon\"><\/div>\n<\/div>\n","protected":false},"excerpt":{"rendered":"<p>The true spirit of Mexico Am Fu\u00dfe des Tequila-Vulkans, in der mexikanischen Stadt Tequila, finden Sie die Fabrica de Tequilas Finos. Jeder einzelne Schritt des Tequila-Herstellungsprozesses bis hin zur Abf\u00fcllung,&#8230;<\/p>\n","protected":false},"featured_media":5009,"template":"","meta":{"_acf_changed":false,"inline_featured_image":false},"product_cat":[243],"product_tag":[],"class_list":{"0":"post-3551","1":"product","2":"type-product","3":"status-publish","4":"has-post-thumbnail","6":"product_brand-rooster-rojo","7":"product_cat-tequila-mezcal-de","9":"first","10":"instock","11":"shipping-taxable","12":"product-type-simple"},"acf":[],"_links":{"self":[{"href":"https:\/\/amberbev.at\/de\/wp-json\/wp\/v2\/product\/3551"}],"collection":[{"href":"https:\/\/amberbev.at\/de\/wp-json\/wp\/v2\/product"}],"about":[{"href":"https:\/\/amberbev.at\/de\/wp-json\/wp\/v2\/types\/product"}],"wp:featuredmedia":[{"embeddable":true,"href":"https:\/\/amberbev.at\/de\/wp-json\/wp\/v2\/media\/5009"}],"wp:attachment":[{"href":"https:\/\/amberbev.at\/de\/wp-json\/wp\/v2\/media?parent=3551"}],"wp:term":[{"taxonomy":"product_cat","embeddable":true,"href":"https:\/\/amberbev.at\/de\/wp-json\/wp\/v2\/product_cat?post=3551"},{"taxonomy":"product_tag","embeddable":true,"href":"https:\/\/amberbev.at\/de\/wp-json\/wp\/v2\/product_tag?post=3551"}],"curies":[{"name":"wp","href":"https:\/\/api.w.org\/{rel}","templated":true}]}}