{"id":3559,"date":"2021-09-22T12:34:18","date_gmt":"2021-09-22T12:34:18","guid":{"rendered":"https:\/\/amberbev.at\/?post_type=product&#038;p=3559"},"modified":"2021-10-20T10:14:46","modified_gmt":"2021-10-20T10:14:46","slug":"rooster-rojo-tequila-anejo-smoked-pineapple-100-agave","status":"publish","type":"product","link":"https:\/\/amberbev.at\/de\/produkt\/tequila-mezcal-de\/rooster-rojo-tequila-anejo-smoked-pineapple-100-agave\/","title":{"rendered":"Rooster Rojo Tequila Anejo Smoked Pineapple (100% Agave)"},"content":{"rendered":"<h2>The true spirit of Mexico<\/h2>\n<p>Ananas passt sehr gut zu gealterten Spirituosen, und mit Tequila ergibt sie eine perfekte Geschmackskombination. Ger\u00e4ucherte Ananas verleiht jedoch eine zus\u00e4tzliche Ebene der Komplexit\u00e4t, Rauchnoten, die leicht an Mezcal erinnern, oder Torfnoten von Scotch, die heutzutage in der modernen Mixologie so beliebt sind.<\/p>\n<p>Rooster Rojo Master Distiler Arturo Fuentes experimentierte \u00fcber ein Jahr lang mit verschiedenen Ananas und unterschiedlichen R\u00f6stgraden, bis er die perfekte Sorte und Rauchnote gefunden hatte. Gemischt mit Rooster Rojo Anejo Tequila ergibt sich ein au\u00dfergew\u00f6hnliches Ergebnis: ein sanftes, aber subtiles Getr\u00e4nk, das pur, auf Eis oder in verschiedenen Cocktails genossen werden kann.<\/p>\n<p>Feinster Rooster Rojo Anejo Tequila, der mindestens 12 Monate in ehemaligen Bourbonf\u00e4ssern gereift ist und mit gekochten roten spanischen Ananas bester Qualit\u00e4t versetzt wurde.<\/p>\n<p>Die Noten von feinstem gereiftem Tequila werden von Aromen tropischer Fr\u00fcchte, Ananas und Rauch begleitet. Der Gaumen \u00f6ffnet sich mit einem strukturierten, angenehmen Gef\u00fchl von reifer Banane, Ananas und Gew\u00fcrzen, die von einem rauchigen Abgang \u00fcberlagert werden.<\/p>\n<div id=\"gtx-trans\" style=\"position: absolute; left: -113px; top: 0px;\">\n<div class=\"gtx-trans-icon\"><\/div>\n<\/div>\n","protected":false},"excerpt":{"rendered":"<p>The true spirit of Mexico Ananas passt sehr gut zu gealterten Spirituosen, und mit Tequila ergibt sie eine perfekte Geschmackskombination. Ger\u00e4ucherte Ananas verleiht jedoch eine zus\u00e4tzliche Ebene der Komplexit\u00e4t, Rauchnoten,&#8230;<\/p>\n","protected":false},"featured_media":5013,"template":"","meta":{"_acf_changed":false,"inline_featured_image":false},"product_cat":[243],"product_tag":[],"class_list":{"0":"post-3559","1":"product","2":"type-product","3":"status-publish","4":"has-post-thumbnail","6":"product_brand-rooster-rojo","7":"product_cat-tequila-mezcal-de","9":"first","10":"instock","11":"shipping-taxable","12":"product-type-simple"},"acf":[],"_links":{"self":[{"href":"https:\/\/amberbev.at\/de\/wp-json\/wp\/v2\/product\/3559"}],"collection":[{"href":"https:\/\/amberbev.at\/de\/wp-json\/wp\/v2\/product"}],"about":[{"href":"https:\/\/amberbev.at\/de\/wp-json\/wp\/v2\/types\/product"}],"wp:featuredmedia":[{"embeddable":true,"href":"https:\/\/amberbev.at\/de\/wp-json\/wp\/v2\/media\/5013"}],"wp:attachment":[{"href":"https:\/\/amberbev.at\/de\/wp-json\/wp\/v2\/media?parent=3559"}],"wp:term":[{"taxonomy":"product_cat","embeddable":true,"href":"https:\/\/amberbev.at\/de\/wp-json\/wp\/v2\/product_cat?post=3559"},{"taxonomy":"product_tag","embeddable":true,"href":"https:\/\/amberbev.at\/de\/wp-json\/wp\/v2\/product_tag?post=3559"}],"curies":[{"name":"wp","href":"https:\/\/api.w.org\/{rel}","templated":true}]}}