{"id":3563,"date":"2021-09-22T12:39:59","date_gmt":"2021-09-22T12:39:59","guid":{"rendered":"https:\/\/amberbev.at\/?post_type=product&#038;p=3563"},"modified":"2022-05-12T05:28:16","modified_gmt":"2022-05-12T05:28:16","slug":"cenote-tequila-blanco-100-agave","status":"publish","type":"product","link":"https:\/\/amberbev.at\/de\/produkt\/tequila-mezcal-de\/cenote-tequila-blanco-100-agave\/","title":{"rendered":"Cenote Tequila Blanco (100% Agave)"},"content":{"rendered":"<h2>Go deep!<\/h2>\n<p>Cenote ist ein Ultra-Premium-Tequila aus 100 % blauer Weber-Agave, inspiriert von der Sch\u00f6nheit der Halbinsel Yucat\u00e1n und den spektakul\u00e4ren unterirdischen Wassersystemen, die in dieser geografischen Region einzigartig sind. Die Maya verehrten diese unterirdischen Wassersysteme, weil sie in trockenen Zeiten eine Wasserquelle darstellten. Daher gaben sie ihnen den Namen Cenote &#8211; was &#8220;heiliger Brunnen&#8221; bedeutet.<\/p>\n<p>Sie glaubten, dass sie das Fenster zur Unterwelt seien, in der G\u00f6tter lebten, darunter der Regengott Chaac. Cenote Tequila ist das Geistesprodukt von Master Distiller Arturo Fuentes. Er schuf ein komplexes Geschmacksprofil, das duftende, gekochte Agave mit zarten Holznoten in Einklang bringt.<\/p>\n<p>Dieser lebhafte Blanco Tequila hat eine leuchtende Farbe und ein intensives Aroma von Zitrusfr\u00fcchten und Pfeffer in der Nase. Der anhaltende Geschmack von gekochter Agave, Gew\u00fcrzen, dezentem Holz und gr\u00fcnem Gem\u00fcse ist das Ergebnis der dreiw\u00f6chigen Reifung der Spirituose in amerikanischen Eichenf\u00e4ssern.<\/p>\n<p>Erscheinungsbild: Kristallklar<br \/>\nGeruch: Zitrusfr\u00fcchte, frisch, pfeffrig<br \/>\nGef\u00fchl im Mund: Anhaltend<br \/>\nGeschmack: Gekochte Agave, fruchtig, Gew\u00fcrze, Holznoten, gr\u00fcnes Gem\u00fcse<br \/>\nAbgang: Erfrischend, sauber<\/p>\n<div id=\"gtx-trans\" style=\"position: absolute; left: -246px; top: 0px;\">\n<div class=\"gtx-trans-icon\"><\/div>\n<\/div>\n","protected":false},"excerpt":{"rendered":"<p>Go deep! Cenote ist ein Ultra-Premium-Tequila aus 100 % blauer Weber-Agave, inspiriert von der Sch\u00f6nheit der Halbinsel Yucat\u00e1n und den spektakul\u00e4ren unterirdischen Wassersystemen, die in dieser geografischen Region einzigartig sind&#8230;.<\/p>\n","protected":false},"featured_media":5628,"template":"","meta":{"_acf_changed":false,"inline_featured_image":false},"product_cat":[243],"product_tag":[],"class_list":{"0":"post-3563","1":"product","2":"type-product","3":"status-publish","4":"has-post-thumbnail","6":"product_brand-cenote","7":"product_cat-tequila-mezcal-de","9":"first","10":"instock","11":"shipping-taxable","12":"product-type-simple"},"acf":[],"_links":{"self":[{"href":"https:\/\/amberbev.at\/de\/wp-json\/wp\/v2\/product\/3563"}],"collection":[{"href":"https:\/\/amberbev.at\/de\/wp-json\/wp\/v2\/product"}],"about":[{"href":"https:\/\/amberbev.at\/de\/wp-json\/wp\/v2\/types\/product"}],"wp:featuredmedia":[{"embeddable":true,"href":"https:\/\/amberbev.at\/de\/wp-json\/wp\/v2\/media\/5628"}],"wp:attachment":[{"href":"https:\/\/amberbev.at\/de\/wp-json\/wp\/v2\/media?parent=3563"}],"wp:term":[{"taxonomy":"product_cat","embeddable":true,"href":"https:\/\/amberbev.at\/de\/wp-json\/wp\/v2\/product_cat?post=3563"},{"taxonomy":"product_tag","embeddable":true,"href":"https:\/\/amberbev.at\/de\/wp-json\/wp\/v2\/product_tag?post=3563"}],"curies":[{"name":"wp","href":"https:\/\/api.w.org\/{rel}","templated":true}]}}