{"id":3567,"date":"2021-09-22T12:40:22","date_gmt":"2021-09-22T12:40:22","guid":{"rendered":"https:\/\/amberbev.at\/?post_type=product&#038;p=3567"},"modified":"2022-05-12T05:30:10","modified_gmt":"2022-05-12T05:30:10","slug":"cenote-tequila-reposado-100-agave","status":"publish","type":"product","link":"https:\/\/amberbev.at\/de\/produkt\/tequila-mezcal-de\/cenote-tequila-reposado-100-agave\/","title":{"rendered":"Cenote Tequila Reposado (100% Agave)"},"content":{"rendered":"<h2>Go deep!<\/h2>\n<p>Cenote ist ein Ultra-Premium-Tequila aus 100 % blauer Weber-Agave, inspiriert von der Sch\u00f6nheit der Halbinsel Yucat\u00e1n und den spektakul\u00e4ren unterirdischen Wassersystemen, die in dieser geografischen Region einzigartig sind. Die Maya verehrten diese unterirdischen Wassersysteme, weil sie in trockenen Zeiten eine Wasserquelle darstellten. Daher gaben sie ihnen den Namen Cenote &#8211; was &#8220;heiliger Brunnen&#8221; bedeutet.<\/p>\n<p>Sie glaubten, dass sie das Fenster zur Unterwelt seien, in der G\u00f6tter lebten, darunter der Regengott Chaac. Cenote Tequila ist das Geistesprodukt von Master Distiller Arturo Fuentes. Er schuf ein komplexes Geschmacksprofil, das duftende, gekochte Agave mit zarten Holznoten in Einklang bringt.<\/p>\n<p>Drei Monate in amerikanischen Eichenf\u00e4ssern gereift<\/p>\n<p>Erscheinung:\u00a0Helles Gold<br \/>\nGeruch: Vanille, Holznoten<br \/>\nGaumen:\u00a0Rund, ausgewogen<br \/>\nGeschmack:\u00a0Vanille, Holz, Gew\u00fcrze, gr\u00fcnes Gem\u00fcse<br \/>\nAbgang: Ausgewogen<\/p>\n<div id=\"gtx-trans\" style=\"position: absolute; left: -246px; top: 0px;\">\n<div class=\"gtx-trans-icon\"><\/div>\n<\/div>\n","protected":false},"excerpt":{"rendered":"<p>Go deep! Cenote ist ein Ultra-Premium-Tequila aus 100 % blauer Weber-Agave, inspiriert von der Sch\u00f6nheit der Halbinsel Yucat\u00e1n und den spektakul\u00e4ren unterirdischen Wassersystemen, die in dieser geografischen Region einzigartig sind&#8230;.<\/p>\n","protected":false},"featured_media":5630,"template":"","meta":{"_acf_changed":false,"inline_featured_image":false},"product_cat":[243],"product_tag":[],"class_list":{"0":"post-3567","1":"product","2":"type-product","3":"status-publish","4":"has-post-thumbnail","6":"product_brand-cenote","7":"product_cat-tequila-mezcal-de","9":"first","10":"instock","11":"shipping-taxable","12":"product-type-simple"},"acf":[],"_links":{"self":[{"href":"https:\/\/amberbev.at\/de\/wp-json\/wp\/v2\/product\/3567"}],"collection":[{"href":"https:\/\/amberbev.at\/de\/wp-json\/wp\/v2\/product"}],"about":[{"href":"https:\/\/amberbev.at\/de\/wp-json\/wp\/v2\/types\/product"}],"wp:featuredmedia":[{"embeddable":true,"href":"https:\/\/amberbev.at\/de\/wp-json\/wp\/v2\/media\/5630"}],"wp:attachment":[{"href":"https:\/\/amberbev.at\/de\/wp-json\/wp\/v2\/media?parent=3567"}],"wp:term":[{"taxonomy":"product_cat","embeddable":true,"href":"https:\/\/amberbev.at\/de\/wp-json\/wp\/v2\/product_cat?post=3567"},{"taxonomy":"product_tag","embeddable":true,"href":"https:\/\/amberbev.at\/de\/wp-json\/wp\/v2\/product_tag?post=3567"}],"curies":[{"name":"wp","href":"https:\/\/api.w.org\/{rel}","templated":true}]}}