{"id":3571,"date":"2021-09-22T12:41:40","date_gmt":"2021-09-22T12:41:40","guid":{"rendered":"https:\/\/amberbev.at\/?post_type=product&#038;p=3571"},"modified":"2022-05-12T05:32:45","modified_gmt":"2022-05-12T05:32:45","slug":"cenote-tequila-anejo-100-agave","status":"publish","type":"product","link":"https:\/\/amberbev.at\/de\/produkt\/tequila-mezcal-de\/cenote-tequila-anejo-100-agave\/","title":{"rendered":"Cenote Tequila Anejo (100% Agave)"},"content":{"rendered":"<h2>Go deep!<\/h2>\n<p>Cenote ist ein Ultra-Premium-Tequila aus 100 % blauer Weber-Agave, inspiriert von der Sch\u00f6nheit der Halbinsel Yucat\u00e1n und den spektakul\u00e4ren unterirdischen Wassersystemen, die in dieser geografischen Region einzigartig sind. Die Maya verehrten diese unterirdischen Wassersysteme, weil sie in trockenen Zeiten eine Wasserquelle darstellten. Daher gaben sie ihnen den Namen Cenote &#8211; was &#8220;heiliger Brunnen&#8221; bedeutet.<\/p>\n<p>Sie glaubten, dass sie das Fenster zur Unterwelt seien, in der G\u00f6tter lebten, darunter der Regengott Chaac. Cenote Tequila ist das Geistesprodukt von Master Distiller Arturo Fuentes. Er schuf ein komplexes Geschmacksprofil, das duftende, gekochte Agave mit zarten Holznoten in Einklang bringt.<\/p>\n<p>Der Cenote Anejo hat eine kr\u00e4ftige Bernsteinfarbe und reift ein Jahr lang in F\u00e4ssern aus Amberican Oak. In der Nase rauchig und holzig, am Gaumen mit Vanille, Gew\u00fcrzen und Schokolade, gleicht diese komplexe Spirituose die Aromen der Halbinsel Yucat\u00e1n aus.<\/p>\n<div id=\"gtx-trans\" style=\"position: absolute; left: -246px; top: 0px;\">\n<div class=\"gtx-trans-icon\"><\/div>\n<\/div>\n","protected":false},"excerpt":{"rendered":"<p>Go deep! Cenote ist ein Ultra-Premium-Tequila aus 100 % blauer Weber-Agave, inspiriert von der Sch\u00f6nheit der Halbinsel Yucat\u00e1n und den spektakul\u00e4ren unterirdischen Wassersystemen, die in dieser geografischen Region einzigartig sind&#8230;.<\/p>\n","protected":false},"featured_media":5622,"template":"","meta":{"_acf_changed":false,"inline_featured_image":false},"product_cat":[243],"product_tag":[],"class_list":{"0":"post-3571","1":"product","2":"type-product","3":"status-publish","4":"has-post-thumbnail","6":"product_brand-cenote","7":"product_cat-tequila-mezcal-de","9":"first","10":"instock","11":"shipping-taxable","12":"product-type-simple"},"acf":[],"_links":{"self":[{"href":"https:\/\/amberbev.at\/de\/wp-json\/wp\/v2\/product\/3571"}],"collection":[{"href":"https:\/\/amberbev.at\/de\/wp-json\/wp\/v2\/product"}],"about":[{"href":"https:\/\/amberbev.at\/de\/wp-json\/wp\/v2\/types\/product"}],"wp:featuredmedia":[{"embeddable":true,"href":"https:\/\/amberbev.at\/de\/wp-json\/wp\/v2\/media\/5622"}],"wp:attachment":[{"href":"https:\/\/amberbev.at\/de\/wp-json\/wp\/v2\/media?parent=3571"}],"wp:term":[{"taxonomy":"product_cat","embeddable":true,"href":"https:\/\/amberbev.at\/de\/wp-json\/wp\/v2\/product_cat?post=3571"},{"taxonomy":"product_tag","embeddable":true,"href":"https:\/\/amberbev.at\/de\/wp-json\/wp\/v2\/product_tag?post=3571"}],"curies":[{"name":"wp","href":"https:\/\/api.w.org\/{rel}","templated":true}]}}