{"id":3575,"date":"2021-09-22T12:43:05","date_gmt":"2021-09-22T12:43:05","guid":{"rendered":"https:\/\/amberbev.at\/?post_type=product&#038;p=3575"},"modified":"2022-05-12T05:33:58","modified_gmt":"2022-05-12T05:33:58","slug":"cenote-tequila-cristalino-100-agave","status":"publish","type":"product","link":"https:\/\/amberbev.at\/de\/produkt\/tequila-mezcal-de\/cenote-tequila-cristalino-100-agave\/","title":{"rendered":"Cenote Tequila Cristalino (100% Agave)"},"content":{"rendered":"<h2>Go deep!<\/h2>\n<p>Cenote ist ein Ultra-Premium-Tequila aus 100 % blauer Weber-Agave, inspiriert von der Sch\u00f6nheit der Halbinsel Yucat\u00e1n und den spektakul\u00e4ren unterirdischen Wassersystemen, die in dieser geografischen Region einzigartig sind. Die Maya verehrten diese unterirdischen Wassersysteme, weil sie in trockenen Zeiten eine Wasserquelle darstellten. Daher gaben sie ihnen den Namen Cenote &#8211; was &#8220;heiliger Brunnen&#8221; bedeutet.<\/p>\n<p>Sie glaubten, dass sie das Fenster zur Unterwelt seien, in der G\u00f6tter lebten, darunter der Regengott Chaac. Cenote Tequila ist das Geistesprodukt von Master Distiller Arturo Fuentes. Er schuf ein komplexes Geschmacksprofil, das duftende, gekochte Agave mit zarten Holznoten verbindet.<\/p>\n<p>Cenote Cristalino hat eine kristallklare Farbe und einen eleganten Abgang mit ger\u00f6steten Gew\u00fcrzen. Er wird aus Anejo-Spiritus hergestellt, der \u00fcber ein Jahr in F\u00e4ssern aus bernsteinfarbener Eiche gelagert und anschlie\u00dfend durch einen Aktivkohlefilter geleitet wird. Dieses gesch\u00fctzte Verfahren extrahiert die bernsteinfarbene T\u00f6nung und bewahrt die sch\u00f6nen Aromen der gereiften Spirituose. Das Endergebnis ist ein weicher, gereifter Anejo-Tequila von brillanter Klarheit, der den Namen Cristalino verdient.<\/p>\n<div id=\"gtx-trans\" style=\"position: absolute; left: -246px; top: 0px;\">\n<div class=\"gtx-trans-icon\"><\/div>\n<\/div>\n","protected":false},"excerpt":{"rendered":"<p>Go deep! Cenote ist ein Ultra-Premium-Tequila aus 100 % blauer Weber-Agave, inspiriert von der Sch\u00f6nheit der Halbinsel Yucat\u00e1n und den spektakul\u00e4ren unterirdischen Wassersystemen, die in dieser geografischen Region einzigartig sind&#8230;.<\/p>\n","protected":false},"featured_media":5624,"template":"","meta":{"_acf_changed":false,"inline_featured_image":false},"product_cat":[243],"product_tag":[],"class_list":{"0":"post-3575","1":"product","2":"type-product","3":"status-publish","4":"has-post-thumbnail","6":"product_brand-cenote","7":"product_cat-tequila-mezcal-de","9":"first","10":"instock","11":"shipping-taxable","12":"product-type-simple"},"acf":[],"_links":{"self":[{"href":"https:\/\/amberbev.at\/de\/wp-json\/wp\/v2\/product\/3575"}],"collection":[{"href":"https:\/\/amberbev.at\/de\/wp-json\/wp\/v2\/product"}],"about":[{"href":"https:\/\/amberbev.at\/de\/wp-json\/wp\/v2\/types\/product"}],"wp:featuredmedia":[{"embeddable":true,"href":"https:\/\/amberbev.at\/de\/wp-json\/wp\/v2\/media\/5624"}],"wp:attachment":[{"href":"https:\/\/amberbev.at\/de\/wp-json\/wp\/v2\/media?parent=3575"}],"wp:term":[{"taxonomy":"product_cat","embeddable":true,"href":"https:\/\/amberbev.at\/de\/wp-json\/wp\/v2\/product_cat?post=3575"},{"taxonomy":"product_tag","embeddable":true,"href":"https:\/\/amberbev.at\/de\/wp-json\/wp\/v2\/product_tag?post=3575"}],"curies":[{"name":"wp","href":"https:\/\/api.w.org\/{rel}","templated":true}]}}