{"id":3583,"date":"2021-09-22T12:47:27","date_gmt":"2021-09-22T12:47:27","guid":{"rendered":"https:\/\/amberbev.at\/?post_type=product&#038;p=3583"},"modified":"2021-10-12T10:01:30","modified_gmt":"2021-10-12T10:01:30","slug":"kah-tequila-blanco","status":"publish","type":"product","link":"https:\/\/amberbev.at\/de\/produkt\/tequila-mezcal-de\/kah-tequila-blanco\/","title":{"rendered":"Kah Tequila Blanco"},"content":{"rendered":"<h2>Day of the dead Tequila<\/h2>\n<p>Kah Tequila, hergestellt aus 100 % handverlesener blauer Agave, wurde als Hommage an Mexiko und an seine Menschen kreiert. Die Flasche und der Tequila spiegeln den &#8220;Tag der Toten&#8221; wider &#8211; ein 3.000 Jahre altes mesoamerikanisches Ritual zu Ehren der verstorbenen Angeh\u00f6rigen. Die Verpackung ist von den traditionellen Calaveras inspiriert, die bei den &#8220;Di\u00e1 de Muertos&#8221;-Ritualen als Symbol f\u00fcr Tod und Wiedergeburt verwendet werden. Einzigartig ist auch, dass jede Flasche ein handgefertigtes Einzelst\u00fcck ist. \u00dcbrigens: KAH bedeutet in der alten Maya-Sprache &#8220;Leben&#8221;.<\/p>\n<p>KAH Tequila Blanco ist ein doppelt destillierter, nicht gereifter Tequila aus 100% Blauer Agave.<\/p>\n<p>Das Design der KAH Blanco-Flasche ist von der bolivianischen Tradition des Festes zum Tag der Toten inspiriert, bei dem echte Sch\u00e4del von geliebten Menschen aufbewahrt und am 8. November eines jeden Jahres herausgeholt werden. Nachdem der Sch\u00e4del auf den Friedhof gebracht wurde, wird er symbolisch gef\u00fcttert und mit Tequila und manchmal sogar mit Zigaretten versorgt. Die Bolivianer glauben, dass dieser Akt die Toten unsterblich macht, die ihrerseits die Lebenden vor b\u00f6sen Geistern sch\u00fctzen sollen.<\/p>\n<p>Anfangs s\u00fc\u00df, aber schnell gefolgt von pfeffriger W\u00fcrze. Seidig und zart f\u00e4chert sich ein Beutel mit Gew\u00fcrzen am Gaumen auf.<\/p>\n","protected":false},"excerpt":{"rendered":"<p>Day of the dead Tequila Kah Tequila, hergestellt aus 100 % handverlesener blauer Agave, wurde als Hommage an Mexiko und an seine Menschen kreiert. Die Flasche und der Tequila spiegeln&#8230;<\/p>\n","protected":false},"featured_media":3584,"template":"","meta":{"_acf_changed":false,"inline_featured_image":false},"product_cat":[243],"product_tag":[],"class_list":{"0":"post-3583","1":"product","2":"type-product","3":"status-publish","4":"has-post-thumbnail","6":"product_brand-kah","7":"product_cat-tequila-mezcal-de","9":"first","10":"instock","11":"shipping-taxable","12":"product-type-simple"},"acf":[],"_links":{"self":[{"href":"https:\/\/amberbev.at\/de\/wp-json\/wp\/v2\/product\/3583"}],"collection":[{"href":"https:\/\/amberbev.at\/de\/wp-json\/wp\/v2\/product"}],"about":[{"href":"https:\/\/amberbev.at\/de\/wp-json\/wp\/v2\/types\/product"}],"wp:featuredmedia":[{"embeddable":true,"href":"https:\/\/amberbev.at\/de\/wp-json\/wp\/v2\/media\/3584"}],"wp:attachment":[{"href":"https:\/\/amberbev.at\/de\/wp-json\/wp\/v2\/media?parent=3583"}],"wp:term":[{"taxonomy":"product_cat","embeddable":true,"href":"https:\/\/amberbev.at\/de\/wp-json\/wp\/v2\/product_cat?post=3583"},{"taxonomy":"product_tag","embeddable":true,"href":"https:\/\/amberbev.at\/de\/wp-json\/wp\/v2\/product_tag?post=3583"}],"curies":[{"name":"wp","href":"https:\/\/api.w.org\/{rel}","templated":true}]}}