{"id":3587,"date":"2021-09-22T12:48:09","date_gmt":"2021-09-22T12:48:09","guid":{"rendered":"https:\/\/amberbev.at\/?post_type=product&#038;p=3587"},"modified":"2021-10-12T09:59:08","modified_gmt":"2021-10-12T09:59:08","slug":"kah-tequila-reposado","status":"publish","type":"product","link":"https:\/\/amberbev.at\/de\/produkt\/tequila-mezcal-de\/kah-tequila-reposado\/","title":{"rendered":"Kah Tequila Reposado"},"content":{"rendered":"<h2>Day of the dead Tequila<\/h2>\n<p>Kah Tequila, hergestellt aus 100 % handverlesener blauer Agave, wurde als Hommage an Mexiko und an seine Menschen kreiert. Die Flasche und der Tequila spiegeln den &#8220;Tag der Toten&#8221; wider &#8211; ein 3.000 Jahre altes mesoamerikanisches Ritual zu Ehren der verstorbenen Angeh\u00f6rigen. Die Verpackung ist von den traditionellen Calaveras inspiriert, die bei den &#8220;Di\u00e1 de Muertos&#8221;-Ritualen als Symbol f\u00fcr Tod und Wiedergeburt verwendet werden. Einzigartig ist auch, dass jede Flasche ein handgefertigtes Einzelst\u00fcck ist. \u00dcbrigens: KAH bedeutet in der alten Maya-Sprache &#8220;Leben&#8221;.<\/p>\n<p>KAH Tequila Reposado wird aus 100% blauer Agave hergestellt und reift mehr als 2 Monate in F\u00e4ssern aus amerikanischer Eiche.<\/p>\n<p>Das teuflische Flaschendesign lehnt sich an die Feierlichkeiten zum Tag der Toten an, die in Teilen Perus stattfinden. Dabei wird ein Tanz f\u00fcr Satan aufgef\u00fchrt, bei dem lange, umgedrehte Kruzifixe getragen werden, und man glaubt, dass Satan selbst diesen Tanz anf\u00fchrt! W\u00e4hrend dieses Rituals zu Ehren des Teufels wird Tequila als Opfergabe auf den Boden gesch\u00fcttet, um ihn zu bes\u00e4nftigen und die Menschen zu sch\u00fctzen.<\/p>\n<p>Vollmundig und z\u00e4hfl\u00fcssig mit intensivem Agavengeschmack und einem Hauch von Vanille und Karamell.<\/p>\n<div id=\"gtx-trans\" style=\"position: absolute; left: -59px; top: 0px;\">\n<div class=\"gtx-trans-icon\"><\/div>\n<\/div>\n","protected":false},"excerpt":{"rendered":"<p>Day of the dead Tequila Kah Tequila, hergestellt aus 100 % handverlesener blauer Agave, wurde als Hommage an Mexiko und an seine Menschen kreiert. Die Flasche und der Tequila spiegeln&#8230;<\/p>\n","protected":false},"featured_media":3589,"template":"","meta":{"_acf_changed":false,"inline_featured_image":false},"product_cat":[243],"product_tag":[],"class_list":{"0":"post-3587","1":"product","2":"type-product","3":"status-publish","4":"has-post-thumbnail","6":"product_brand-kah","7":"product_cat-tequila-mezcal-de","9":"first","10":"instock","11":"shipping-taxable","12":"product-type-simple"},"acf":[],"_links":{"self":[{"href":"https:\/\/amberbev.at\/de\/wp-json\/wp\/v2\/product\/3587"}],"collection":[{"href":"https:\/\/amberbev.at\/de\/wp-json\/wp\/v2\/product"}],"about":[{"href":"https:\/\/amberbev.at\/de\/wp-json\/wp\/v2\/types\/product"}],"wp:featuredmedia":[{"embeddable":true,"href":"https:\/\/amberbev.at\/de\/wp-json\/wp\/v2\/media\/3589"}],"wp:attachment":[{"href":"https:\/\/amberbev.at\/de\/wp-json\/wp\/v2\/media?parent=3587"}],"wp:term":[{"taxonomy":"product_cat","embeddable":true,"href":"https:\/\/amberbev.at\/de\/wp-json\/wp\/v2\/product_cat?post=3587"},{"taxonomy":"product_tag","embeddable":true,"href":"https:\/\/amberbev.at\/de\/wp-json\/wp\/v2\/product_tag?post=3587"}],"curies":[{"name":"wp","href":"https:\/\/api.w.org\/{rel}","templated":true}]}}