{"id":3591,"date":"2021-09-22T12:49:05","date_gmt":"2021-09-22T12:49:05","guid":{"rendered":"https:\/\/amberbev.at\/?post_type=product&#038;p=3591"},"modified":"2021-10-12T09:56:53","modified_gmt":"2021-10-12T09:56:53","slug":"kah-tequila-anejo","status":"publish","type":"product","link":"https:\/\/amberbev.at\/de\/produkt\/tequila-mezcal-de\/kah-tequila-anejo\/","title":{"rendered":"Kah Tequila Anejo"},"content":{"rendered":"<h2>Day of the dead Tequila<\/h2>\n<p>Kah Tequila, hergestellt aus 100 % handverlesener blauer Agave, wurde als Hommage an Mexiko und an seine Menschen kreiert. Die Flasche und der Tequila spiegeln den &#8220;Tag der Toten&#8221; wider &#8211; ein 3.000 Jahre altes mesoamerikanisches Ritual zu Ehren der verstorbenen Angeh\u00f6rigen. Die Verpackung ist von den traditionellen Calaveras inspiriert, die bei den &#8220;Di\u00e1 de Muertos&#8221;-Ritualen als Symbol f\u00fcr Tod und Wiedergeburt verwendet werden. Einzigartig ist auch, dass jede Flasche ein handgefertigtes Einzelst\u00fcck ist. \u00dcbrigens: KAH bedeutet in der alten Maya-Sprache &#8220;Leben&#8221;.<\/p>\n<p>KAH Tequila A\u00f1ejo wird aus 100 % blauer Agave hergestellt und mindestens 12 Monate lang in F\u00e4ssern aus amerikanischer Eiche gelagert.<\/p>\n<p>Das schwarze Flaschendesign ist von der nicaraguanischen Tradition des Tages der Toten inspiriert. In Nicaragua ist es \u00fcblich, einen Schrein zu errichten und Geschenke zu machen, aber auch auf dem Friedhof zu \u00fcbernachten. Sie glauben, dass dieser Akt die emotionale Verbindung zwischen ihnen und den Verstorbenen st\u00e4rkt.<\/p>\n<p>Kr\u00e4ftiges Agavenaroma, begleitet von Noten von Schokolade, Tabak und Kaffee.<\/p>\n<div id=\"gtx-trans\" style=\"position: absolute; left: -59px; top: 0px;\">\n<div class=\"gtx-trans-icon\"><\/div>\n<\/div>\n","protected":false},"excerpt":{"rendered":"<p>Day of the dead Tequila Kah Tequila, hergestellt aus 100 % handverlesener blauer Agave, wurde als Hommage an Mexiko und an seine Menschen kreiert. Die Flasche und der Tequila spiegeln&#8230;<\/p>\n","protected":false},"featured_media":3593,"template":"","meta":{"_acf_changed":false,"inline_featured_image":false},"product_cat":[243],"product_tag":[],"class_list":{"0":"post-3591","1":"product","2":"type-product","3":"status-publish","4":"has-post-thumbnail","6":"product_brand-kah","7":"product_cat-tequila-mezcal-de","9":"first","10":"instock","11":"shipping-taxable","12":"product-type-simple"},"acf":[],"_links":{"self":[{"href":"https:\/\/amberbev.at\/de\/wp-json\/wp\/v2\/product\/3591"}],"collection":[{"href":"https:\/\/amberbev.at\/de\/wp-json\/wp\/v2\/product"}],"about":[{"href":"https:\/\/amberbev.at\/de\/wp-json\/wp\/v2\/types\/product"}],"wp:featuredmedia":[{"embeddable":true,"href":"https:\/\/amberbev.at\/de\/wp-json\/wp\/v2\/media\/3593"}],"wp:attachment":[{"href":"https:\/\/amberbev.at\/de\/wp-json\/wp\/v2\/media?parent=3591"}],"wp:term":[{"taxonomy":"product_cat","embeddable":true,"href":"https:\/\/amberbev.at\/de\/wp-json\/wp\/v2\/product_cat?post=3591"},{"taxonomy":"product_tag","embeddable":true,"href":"https:\/\/amberbev.at\/de\/wp-json\/wp\/v2\/product_tag?post=3591"}],"curies":[{"name":"wp","href":"https:\/\/api.w.org\/{rel}","templated":true}]}}