{"id":3635,"date":"2021-09-22T15:40:20","date_gmt":"2021-09-22T15:40:20","guid":{"rendered":"https:\/\/amberbev.at\/?post_type=product&#038;p=3635"},"modified":"2024-03-22T07:47:53","modified_gmt":"2024-03-22T07:47:53","slug":"ron-matusalem-gran-reserva-15","status":"publish","type":"product","link":"https:\/\/amberbev.at\/de\/produkt\/rum-de\/domenican-republic\/ron-matusalem-gran-reserva-15\/","title":{"rendered":"Ron Matusalem Gran Reserva 15"},"content":{"rendered":"<h2>Matusalem Rum Gran Reserva 15: der Pionier<\/h2>\n<p>Der Gran Reserva 15 ist unser Flaggschiff, das f\u00fcr seine holzigen, trockenen und buttrigen Geschmacksnoten geliebt wird. Seine Komplexit\u00e4t und Weichheit machen ihn perfekt f\u00fcr sich allein und er ist ideal f\u00fcr neue Kombinationen. Und mit einem sehr niedrigen Zuckergehalt in Rum, nur 5,7 Gramm pro Liter.<\/p>\n<p>Matusalem 15 ist ein Rum, der in Kuba geboren wurde, in der Dominikanischen Republik hergestellt wird und in der ganzen Welt beliebt ist.<\/p>\n<p>Matusalem Gran Reserva 15, der ikonische, mehrfach preisgekr\u00f6nte dunkle Premium-Rum.<\/p>\n<p>Aromen von Karamell, Schokolade, fruchtig, blumig, Vanille, Nussigkeit, Kokosnuss, Ahorn, Malz, Nelke und Rauchigkeit.<\/p>\n<div id=\"gtx-trans\" style=\"position: absolute; left: -34px; top: 0px;\">\n<div class=\"gtx-trans-icon\"><\/div>\n<\/div>\n","protected":false},"excerpt":{"rendered":"<p>Matusalem Rum Gran Reserva 15: der Pionier Der Gran Reserva 15 ist unser Flaggschiff, das f\u00fcr seine holzigen, trockenen und buttrigen Geschmacksnoten geliebt wird. Seine Komplexit\u00e4t und Weichheit machen ihn&#8230;<\/p>\n","protected":false},"featured_media":6456,"template":"","meta":{"_acf_changed":false,"inline_featured_image":false},"product_cat":[513,240],"product_tag":[],"class_list":{"0":"post-3635","1":"product","2":"type-product","3":"status-publish","4":"has-post-thumbnail","6":"product_brand-ron-matusalem","7":"product_cat-domenican-republic","8":"product_cat-rum-de","10":"first","11":"instock","12":"shipping-taxable","13":"product-type-simple"},"acf":[],"_links":{"self":[{"href":"https:\/\/amberbev.at\/de\/wp-json\/wp\/v2\/product\/3635"}],"collection":[{"href":"https:\/\/amberbev.at\/de\/wp-json\/wp\/v2\/product"}],"about":[{"href":"https:\/\/amberbev.at\/de\/wp-json\/wp\/v2\/types\/product"}],"wp:featuredmedia":[{"embeddable":true,"href":"https:\/\/amberbev.at\/de\/wp-json\/wp\/v2\/media\/6456"}],"wp:attachment":[{"href":"https:\/\/amberbev.at\/de\/wp-json\/wp\/v2\/media?parent=3635"}],"wp:term":[{"taxonomy":"product_cat","embeddable":true,"href":"https:\/\/amberbev.at\/de\/wp-json\/wp\/v2\/product_cat?post=3635"},{"taxonomy":"product_tag","embeddable":true,"href":"https:\/\/amberbev.at\/de\/wp-json\/wp\/v2\/product_tag?post=3635"}],"curies":[{"name":"wp","href":"https:\/\/api.w.org\/{rel}","templated":true}]}}