{"id":3639,"date":"2021-09-22T15:42:15","date_gmt":"2021-09-22T15:42:15","guid":{"rendered":"https:\/\/amberbev.at\/?post_type=product&#038;p=3639"},"modified":"2024-03-22T07:47:17","modified_gmt":"2024-03-22T07:47:17","slug":"ron-matusalem-gran-reserva-23","status":"publish","type":"product","link":"https:\/\/amberbev.at\/de\/produkt\/rum-de\/domenican-republic\/ron-matusalem-gran-reserva-23\/","title":{"rendered":"Ron Matusalem Gran Reserva 23"},"content":{"rendered":"<h2>Born in Cuba &#8211; Raised in Domenican Republic &#8211; Celebrated in the world<\/h2>\n<p>Gran Reserva 23 ist Matusalems Premium-Ausdruck von Solera-gereiftem Rum und wird f\u00fcr seine herrliche Weichheit gesch\u00e4tzt, die mit Spuren von Honig, Vanille und Melasse gut ausbalanciert ist und einen w\u00fcrzigen und anhaltenden Abgang hat.<\/p>\n<p>Matusalem Gran Reserva 23 hat sieben Auszeichnungen f\u00fcr seine Innovation und Exzellenz erhalten. Die j\u00fcngste ist Silber f\u00fcr Extra Aged Rum bei der San Francisco World Spirits Competition 2020.<\/p>\n<p>Matusalem Gran Reserva 23, Super Premium Aged Rum f\u00fcr den anspruchsvollen Gaumen.<\/p>\n<p>Aromen fruchtig, cremig, holzig, rauchig, Vanille, Banane, Kokosnuss, Ananas, Anis und Nelke.<\/p>\n<div id=\"gtx-trans\" style=\"position: absolute; left: -34px; top: 0px;\">\n<div class=\"gtx-trans-icon\"><\/div>\n<\/div>\n","protected":false},"excerpt":{"rendered":"<p>Born in Cuba &#8211; Raised in Domenican Republic &#8211; Celebrated in the world Gran Reserva 23 ist Matusalems Premium-Ausdruck von Solera-gereiftem Rum und wird f\u00fcr seine herrliche Weichheit gesch\u00e4tzt, die&#8230;<\/p>\n","protected":false},"featured_media":6458,"template":"","meta":{"_acf_changed":false,"inline_featured_image":false},"product_cat":[513,240],"product_tag":[],"class_list":{"0":"post-3639","1":"product","2":"type-product","3":"status-publish","4":"has-post-thumbnail","6":"product_brand-ron-matusalem","7":"product_cat-domenican-republic","8":"product_cat-rum-de","10":"first","11":"instock","12":"shipping-taxable","13":"product-type-simple"},"acf":[],"_links":{"self":[{"href":"https:\/\/amberbev.at\/de\/wp-json\/wp\/v2\/product\/3639"}],"collection":[{"href":"https:\/\/amberbev.at\/de\/wp-json\/wp\/v2\/product"}],"about":[{"href":"https:\/\/amberbev.at\/de\/wp-json\/wp\/v2\/types\/product"}],"wp:featuredmedia":[{"embeddable":true,"href":"https:\/\/amberbev.at\/de\/wp-json\/wp\/v2\/media\/6458"}],"wp:attachment":[{"href":"https:\/\/amberbev.at\/de\/wp-json\/wp\/v2\/media?parent=3639"}],"wp:term":[{"taxonomy":"product_cat","embeddable":true,"href":"https:\/\/amberbev.at\/de\/wp-json\/wp\/v2\/product_cat?post=3639"},{"taxonomy":"product_tag","embeddable":true,"href":"https:\/\/amberbev.at\/de\/wp-json\/wp\/v2\/product_tag?post=3639"}],"curies":[{"name":"wp","href":"https:\/\/api.w.org\/{rel}","templated":true}]}}