{"id":3816,"date":"2021-09-22T16:59:43","date_gmt":"2021-09-22T16:59:43","guid":{"rendered":"https:\/\/amberbev.at\/?post_type=product&#038;p=3816"},"modified":"2023-02-15T10:12:24","modified_gmt":"2023-02-15T10:12:24","slug":"cross-keys-gin-classic","status":"publish","type":"product","link":"https:\/\/amberbev.at\/de\/produkt\/gin-de\/cross-keys-gin-classic\/","title":{"rendered":"Cross Keys Gin Botanical"},"content":{"rendered":"<h2>Unlock the baltic taste<\/h2>\n<p>Die Geschichte von Cross Keys Gin beginnt in Riga; sein Name stammt von den gekreuzten Schl\u00fcsseln des Stadtwappens \u2013 ein altes Symbol f\u00fcr st\u00e4dtische Gastfreundlichkeit. Der Cross Keys Gin zeichnet sich durch eine reiche S\u00fc\u00dfe wilder Blumen und B\u00e4ume aus, welche in den kurzen n\u00f6rdlichen Sommern bl\u00fchen. Hinzu kommen z.B. Birkenknospen und ein erfrischender Hauch von Minze sowie klassische Gew\u00fcrze wie Schwarzer Pfeffer und Nelken. Die charakteristische Tonflasche rundet schlussendlich den Gin ab und erm\u00f6glicht den vollen Genuss der verschiedenen \u201eBotanicals\u201c.<\/p>\n<p>1000 Meilen n\u00f6rdlich von Berlin, zwischen bl\u00fchenden S\u00fcmpfen Litauens und steinigen estnischen Inseln, liegt das Kronjuwel der \u00f6stlichen Ostseek\u00fcste &#8211; R\u012bga, die Hauptstadt Lettlands. Diese Stadt hat schon immer alle Arten von Rebellen hervorgebracht: Sie war die Wiege der Reformation, das Zentrum der Revolution\u00e4re und die Heimat der Anarchisten. Ihre Geschichte hat auch zu einzigartigen und rebellischen Getr\u00e4nken inspiriert.<\/p>\n<p>Mit seiner sanften Natur und seiner Palette an nordischen Sommeraromen ist Cross Keys Gin sowohl pur als auch mit Tonic Water ein Genuss.<\/p>\n<div id=\"gtx-trans\" style=\"position: absolute; left: -59px; top: 0px;\">\n<div class=\"gtx-trans-icon\"><\/div>\n<\/div>\n","protected":false},"excerpt":{"rendered":"<p>Unlock the baltic taste Die Geschichte von Cross Keys Gin beginnt in Riga; sein Name stammt von den gekreuzten Schl\u00fcsseln des Stadtwappens \u2013 ein altes Symbol f\u00fcr st\u00e4dtische Gastfreundlichkeit. Der&#8230;<\/p>\n","protected":false},"featured_media":6171,"template":"","meta":{"_acf_changed":false,"inline_featured_image":false},"product_cat":[237],"product_tag":[],"class_list":{"0":"post-3816","1":"product","2":"type-product","3":"status-publish","4":"has-post-thumbnail","6":"product_brand-cross-keys-gin","7":"product_cat-gin-de","9":"first","10":"instock","11":"shipping-taxable","12":"product-type-simple"},"acf":[],"_links":{"self":[{"href":"https:\/\/amberbev.at\/de\/wp-json\/wp\/v2\/product\/3816"}],"collection":[{"href":"https:\/\/amberbev.at\/de\/wp-json\/wp\/v2\/product"}],"about":[{"href":"https:\/\/amberbev.at\/de\/wp-json\/wp\/v2\/types\/product"}],"wp:featuredmedia":[{"embeddable":true,"href":"https:\/\/amberbev.at\/de\/wp-json\/wp\/v2\/media\/6171"}],"wp:attachment":[{"href":"https:\/\/amberbev.at\/de\/wp-json\/wp\/v2\/media?parent=3816"}],"wp:term":[{"taxonomy":"product_cat","embeddable":true,"href":"https:\/\/amberbev.at\/de\/wp-json\/wp\/v2\/product_cat?post=3816"},{"taxonomy":"product_tag","embeddable":true,"href":"https:\/\/amberbev.at\/de\/wp-json\/wp\/v2\/product_tag?post=3816"}],"curies":[{"name":"wp","href":"https:\/\/api.w.org\/{rel}","templated":true}]}}