{"id":3838,"date":"2021-09-22T17:07:42","date_gmt":"2021-09-22T17:07:42","guid":{"rendered":"https:\/\/amberbev.at\/?post_type=product&#038;p=3838"},"modified":"2021-10-13T11:17:18","modified_gmt":"2021-10-13T11:17:18","slug":"knut-hansen-dry-gin","status":"publish","type":"product","link":"https:\/\/amberbev.at\/de\/produkt\/gin-de\/knut-hansen-dry-gin\/","title":{"rendered":"Knut Hansen Dry Gin"},"content":{"rendered":"<h2>MOIN aus Hamburg!<\/h2>\n<p>Der Seemann Knut Hansen war ein Abenteurer, der nicht davor zur\u00fcck schreckte neue Seewege zu befahren. Und genau in diesem Geiste wurde im Sommer 2018 eine Idee geboren, wie sie Knut Hansen nicht besser h\u00e4tte erz\u00e4hlen k\u00f6nnen&#8230; Knut Hansen Dry Gin ist ein moderner, hanseatischer Gin. Die Vision war klar: Es sollte ein regionales Produkt sein, ein nordisch-hanseatischer Gin mit erkennbarer Wacholdernote und unverkennbarem Design. Und dies ist ihnen mit KNUT HANSEN DRY GIN gelungen!<\/p>\n<div id=\"gtx-trans\" style=\"position: absolute; left: -57px; top: 0px;\">\n<div class=\"gtx-trans-icon\"><\/div>\n<\/div>\n","protected":false},"excerpt":{"rendered":"<p>MOIN aus Hamburg! Der Seemann Knut Hansen war ein Abenteurer, der nicht davor zur\u00fcck schreckte neue Seewege zu befahren. Und genau in diesem Geiste wurde im Sommer 2018 eine Idee&#8230;<\/p>\n","protected":false},"featured_media":3840,"template":"","meta":{"_acf_changed":false,"inline_featured_image":false},"product_cat":[237],"product_tag":[],"class_list":{"0":"post-3838","1":"product","2":"type-product","3":"status-publish","4":"has-post-thumbnail","6":"product_brand-knut-hansen","7":"product_cat-gin-de","9":"first","10":"instock","11":"shipping-taxable","12":"product-type-simple"},"acf":[],"_links":{"self":[{"href":"https:\/\/amberbev.at\/de\/wp-json\/wp\/v2\/product\/3838"}],"collection":[{"href":"https:\/\/amberbev.at\/de\/wp-json\/wp\/v2\/product"}],"about":[{"href":"https:\/\/amberbev.at\/de\/wp-json\/wp\/v2\/types\/product"}],"wp:featuredmedia":[{"embeddable":true,"href":"https:\/\/amberbev.at\/de\/wp-json\/wp\/v2\/media\/3840"}],"wp:attachment":[{"href":"https:\/\/amberbev.at\/de\/wp-json\/wp\/v2\/media?parent=3838"}],"wp:term":[{"taxonomy":"product_cat","embeddable":true,"href":"https:\/\/amberbev.at\/de\/wp-json\/wp\/v2\/product_cat?post=3838"},{"taxonomy":"product_tag","embeddable":true,"href":"https:\/\/amberbev.at\/de\/wp-json\/wp\/v2\/product_tag?post=3838"}],"curies":[{"name":"wp","href":"https:\/\/api.w.org\/{rel}","templated":true}]}}