{"id":3929,"date":"2021-09-22T19:38:54","date_gmt":"2021-09-22T19:38:54","guid":{"rendered":"https:\/\/amberbev.at\/?post_type=product&#038;p=3929"},"modified":"2022-02-07T15:10:48","modified_gmt":"2022-02-07T15:10:48","slug":"irishman-the-harvest-on-pack-mit-2-glaeser","status":"publish","type":"product","link":"https:\/\/amberbev.at\/de\/produkt\/whisky-bourbon-de\/irish\/irishman-the-harvest-on-pack-mit-2-glaeser\/","title":{"rendered":"Irishman &#8211; The Harvest On-Pack mit 2 Gl\u00e4ser"},"content":{"rendered":"<h2>The Taste of Ireland<\/h2>\n<p>The Harvest ist eine einzigartige Interpretation des alten irischen Pot Still Whiskeys und die Originalmischung, die der Gr\u00fcnder Bernard Walsh kreiert hat. Er ist eine Mischung aus zwei Stilen, Single Malt und Single Pot Still. Das Verh\u00e4ltnis betr\u00e4gt 70 % Single Malt und 30 % Single Pot Still, wobei kein Grain Whiskey enthalten ist. Das Ergebnis ist ein sehr viel geschmacksintensiverer Whiskey. The Harvest wird dreifach destilliert und reift in Bourbon-F\u00e4ssern. Bei der International Spirits Challenge in London wurde er mit einer Goldmedaille ausgezeichnet. Ganz einfach ein erstaunlicher Whiskey!<\/p>\n<p>Nase: Pikante Gew\u00fcrze, schwarzer Pfeffer und Pfirsiche.<br \/>\nGeschmack: Pot Still-Gew\u00fcrz, dunkle Schokolade und Bourbon-Eiche.<br \/>\nAbgang: Eiche und Buttertoffee.<\/p>\n<div id=\"gtx-trans\" style=\"position: absolute; left: -20px; top: 0px;\">\n<div class=\"gtx-trans-icon\"><\/div>\n<\/div>\n","protected":false},"excerpt":{"rendered":"<p>The Taste of Ireland The Harvest ist eine einzigartige Interpretation des alten irischen Pot Still Whiskeys und die Originalmischung, die der Gr\u00fcnder Bernard Walsh kreiert hat. Er ist eine Mischung&#8230;<\/p>\n","protected":false},"featured_media":5377,"template":"","meta":{"_acf_changed":false,"inline_featured_image":false},"product_cat":[556,248],"product_tag":[],"class_list":{"0":"post-3929","1":"product","2":"type-product","3":"status-publish","4":"has-post-thumbnail","6":"product_brand-irishman","7":"product_cat-irish","8":"product_cat-whisky-bourbon-de","10":"first","11":"instock","12":"shipping-taxable","13":"product-type-simple"},"acf":[],"_links":{"self":[{"href":"https:\/\/amberbev.at\/de\/wp-json\/wp\/v2\/product\/3929"}],"collection":[{"href":"https:\/\/amberbev.at\/de\/wp-json\/wp\/v2\/product"}],"about":[{"href":"https:\/\/amberbev.at\/de\/wp-json\/wp\/v2\/types\/product"}],"wp:featuredmedia":[{"embeddable":true,"href":"https:\/\/amberbev.at\/de\/wp-json\/wp\/v2\/media\/5377"}],"wp:attachment":[{"href":"https:\/\/amberbev.at\/de\/wp-json\/wp\/v2\/media?parent=3929"}],"wp:term":[{"taxonomy":"product_cat","embeddable":true,"href":"https:\/\/amberbev.at\/de\/wp-json\/wp\/v2\/product_cat?post=3929"},{"taxonomy":"product_tag","embeddable":true,"href":"https:\/\/amberbev.at\/de\/wp-json\/wp\/v2\/product_tag?post=3929"}],"curies":[{"name":"wp","href":"https:\/\/api.w.org\/{rel}","templated":true}]}}