{"id":3934,"date":"2021-09-22T19:39:45","date_gmt":"2021-09-22T19:39:45","guid":{"rendered":"https:\/\/amberbev.at\/?post_type=product&#038;p=3934"},"modified":"2022-02-03T11:54:07","modified_gmt":"2022-02-03T11:54:07","slug":"irishman-single-malt-gb","status":"publish","type":"product","link":"https:\/\/amberbev.at\/de\/produkt\/whisky-bourbon-de\/irish\/irishman-single-malt-gb\/","title":{"rendered":"The Irishman &#8211; Single Malt"},"content":{"rendered":"<h2>The Taste of Ireland<\/h2>\n<p>The Irishman Single Malt ist ein klassischer irischer Malt, der dreifach destilliert und in Bourbon- und Oloroso-Sherry-F\u00e4ssern aus Eiche gereift ist, um au\u00dfergew\u00f6hnlichen Geschmack und Komplexit\u00e4t zu erzielen. In Anlehnung an unser handwerkliches Erbe wird er in kleinen Chargen hergestellt, wobei jede Charge auf maximal 6.000 Flaschen begrenzt ist. Der Irishman Single Malt kann sowohl in Europa als auch in den USA eine beeindruckende Medaillenausbeute f\u00fcr seine herausragende Qualit\u00e4t vorweisen. So wurde er bei der London Spirits Competition 2018 als Whiskey of the Year und Overall Spirit of the Year ausgezeichnet. Jede Flasche tr\u00e4gt eine Chargennummer und eine Signatur als Zeichen f\u00fcr h\u00f6chste Qualit\u00e4t.<\/p>\n<p>Nase: Zarte, geschliffene Malzaromen.<br \/>\nGeschmack: Kandierte Fr\u00fcchte, voll von S\u00fc\u00dfe und Noten von Feigen.<br \/>\nAbgang: Getrocknete Rosinen und w\u00fcrzige Eichenholzaromen.<\/p>\n<div id=\"gtx-trans\" style=\"position: absolute; left: -20px; top: 0px;\">\n<div class=\"gtx-trans-icon\"><\/div>\n<\/div>\n","protected":false},"excerpt":{"rendered":"<p>The Taste of Ireland The Irishman Single Malt ist ein klassischer irischer Malt, der dreifach destilliert und in Bourbon- und Oloroso-Sherry-F\u00e4ssern aus Eiche gereift ist, um au\u00dfergew\u00f6hnlichen Geschmack und Komplexit\u00e4t&#8230;<\/p>\n","protected":false},"featured_media":5345,"template":"","meta":{"_acf_changed":false,"inline_featured_image":false},"product_cat":[556,248],"product_tag":[],"class_list":{"0":"post-3934","1":"product","2":"type-product","3":"status-publish","4":"has-post-thumbnail","6":"product_brand-irishman","7":"product_cat-irish","8":"product_cat-whisky-bourbon-de","10":"first","11":"instock","12":"shipping-taxable","13":"product-type-simple"},"acf":[],"_links":{"self":[{"href":"https:\/\/amberbev.at\/de\/wp-json\/wp\/v2\/product\/3934"}],"collection":[{"href":"https:\/\/amberbev.at\/de\/wp-json\/wp\/v2\/product"}],"about":[{"href":"https:\/\/amberbev.at\/de\/wp-json\/wp\/v2\/types\/product"}],"wp:featuredmedia":[{"embeddable":true,"href":"https:\/\/amberbev.at\/de\/wp-json\/wp\/v2\/media\/5345"}],"wp:attachment":[{"href":"https:\/\/amberbev.at\/de\/wp-json\/wp\/v2\/media?parent=3934"}],"wp:term":[{"taxonomy":"product_cat","embeddable":true,"href":"https:\/\/amberbev.at\/de\/wp-json\/wp\/v2\/product_cat?post=3934"},{"taxonomy":"product_tag","embeddable":true,"href":"https:\/\/amberbev.at\/de\/wp-json\/wp\/v2\/product_tag?post=3934"}],"curies":[{"name":"wp","href":"https:\/\/api.w.org\/{rel}","templated":true}]}}